{"id":5351,"date":"2025-11-12T12:24:29","date_gmt":"2025-11-12T11:24:29","guid":{"rendered":"https:\/\/wat-tunisia.com\/?post_type=product&#038;p=5351"},"modified":"2025-11-12T12:27:07","modified_gmt":"2025-11-12T11:27:07","slug":"nsc","status":"publish","type":"product","link":"https:\/\/wat-tunisia.com\/en\/product\/nsc\/","title":{"rendered":"NSC"},"content":{"rendered":"","protected":false},"excerpt":{"rendered":"<div class=\"woocommerce-product-details__short-description\">\n<div class=\"show-more\">\n<div class=\"woocommerce-product-details__short-description\">\n<div class=\"show-more\">\n<div class=\"woocommerce-product-details__short-description\">\n<div class=\"show-more\">\n<div class=\"web-panel\">\n<div class=\"container\">\n<div class=\"row\">\n<div class=\"col-sm-7\">\n<div id=\"myTabContent\" class=\"tab-content\">\n<div id=\"apercu\" class=\"tab-pane fade in active\">\n<p>Les syst\u00e8mes de filtration \u00e0 changement de s\u00e9curit\u00e9 NSC sont des bo\u00eetiers rigides \u00e9tanches au gaz pour HEPA et des filtres \u00e0 charbon actif.<\/p>\n<p>Ils permettent le remplacement du filtre sans contamination \u00e0 l&rsquo;aide d&rsquo;un sac de remplacement.<\/p>\n<p>Con\u00e7us pour \u00eatre install\u00e9s l\u00e0 o\u00f9 des niveaux \u00e9lev\u00e9s de filtration et de s\u00e9curit\u00e9 sont requis, les bo\u00eetiers NSC prot\u00e8gent l&rsquo;op\u00e9rateur et l&rsquo;environnement de la salle de contamination lors du changement de filtre et conviennent parfaitement \u00e0 l&rsquo;extraction de particules et de gaz radioactifs, toxiques ou pathog\u00e8nes d\u00e8s syst\u00e8mes de ventilation.<\/p>\n<\/div>\n<\/div>\n<\/div>\n<\/div>\n<\/div>\n<\/div>\n<p><a href=\"https:\/\/wat-tunisia.com\/wp-content\/uploads\/2025\/11\/NSC.pdf\"><img loading=\"lazy\" decoding=\"async\" class=\"alignnone wp-image-5184\" src=\"https:\/\/wat-tunisia.com\/wp-content\/uploads\/2025\/11\/document_16064382-300x300.png\" alt=\"\" width=\"43\" height=\"38\" \/><\/a><a href=\"https:\/\/wat-tunisia.com\/wp-content\/uploads\/2025\/11\/NSC.pdf\"> Fiche Technique<\/a><\/p>\n<\/div>\n<\/div>\n<\/div>\n<\/div>\n<\/div>\n<\/div>","protected":false},"featured_media":5352,"comment_status":"closed","ping_status":"closed","template":"","meta":[],"product_brand":[],"product_cat":[360,319],"product_tag":[],"class_list":{"0":"post-5351","1":"product","2":"type-product","3":"status-publish","4":"has-post-thumbnail","6":"product_cat-caissons-de-filtres-a-air","7":"product_cat-filtres-a-air-fr","9":"first","10":"instock","11":"shipping-taxable","12":"product-type-simple"},"_links":{"self":[{"href":"https:\/\/wat-tunisia.com\/en\/wp-json\/wp\/v2\/product\/5351","targetHints":{"allow":["GET"]}}],"collection":[{"href":"https:\/\/wat-tunisia.com\/en\/wp-json\/wp\/v2\/product"}],"about":[{"href":"https:\/\/wat-tunisia.com\/en\/wp-json\/wp\/v2\/types\/product"}],"replies":[{"embeddable":true,"href":"https:\/\/wat-tunisia.com\/en\/wp-json\/wp\/v2\/comments?post=5351"}],"wp:featuredmedia":[{"embeddable":true,"href":"https:\/\/wat-tunisia.com\/en\/wp-json\/wp\/v2\/media\/5352"}],"wp:attachment":[{"href":"https:\/\/wat-tunisia.com\/en\/wp-json\/wp\/v2\/media?parent=5351"}],"wp:term":[{"taxonomy":"product_brand","embeddable":true,"href":"https:\/\/wat-tunisia.com\/en\/wp-json\/wp\/v2\/product_brand?post=5351"},{"taxonomy":"product_cat","embeddable":true,"href":"https:\/\/wat-tunisia.com\/en\/wp-json\/wp\/v2\/product_cat?post=5351"},{"taxonomy":"product_tag","embeddable":true,"href":"https:\/\/wat-tunisia.com\/en\/wp-json\/wp\/v2\/product_tag?post=5351"}],"curies":[{"name":"wp","href":"https:\/\/api.w.org\/{rel}","templated":true}]}}