{"id":5347,"date":"2025-11-12T12:19:10","date_gmt":"2025-11-12T11:19:10","guid":{"rendered":"https:\/\/wat-tunisia.com\/?post_type=product&#038;p=5347"},"modified":"2025-11-12T12:22:14","modified_gmt":"2025-11-12T11:22:14","slug":"ng","status":"publish","type":"product","link":"https:\/\/wat-tunisia.com\/en\/product\/ng\/","title":{"rendered":"NG"},"content":{"rendered":"","protected":false},"excerpt":{"rendered":"<div class=\"woocommerce-product-details__short-description\">\n<div class=\"show-more\">\n<div class=\"woocommerce-product-details__short-description\">\n<div class=\"show-more\">\n<div class=\"woocommerce-product-details__short-description\">\n<div class=\"show-more\">\n<div class=\"web-panel\">\n<div class=\"container\">\n<div class=\"row\">\n<div class=\"col-sm-7\">\n<div id=\"myTabContent\" class=\"tab-content\">\n<div id=\"apercu\" class=\"tab-pane fade in active\">\n<p><strong>NG\u00a0<\/strong>est une gamme de carters de gaine de filtration adapt\u00e9e aux d\u00e9bits d&rsquo;air jusqu&rsquo;\u00e0\u00a0<strong>12 000 m\u00b3 \/ h.<\/strong><\/p>\n<p>Les bo\u00eetiers sont con\u00e7us pour l&rsquo;installation de diff\u00e9rents types de filtres, y compris les filtres\u00a0<strong>HEPA \/ ULPA<\/strong>\u00a0et les unit\u00e9s \u00e0 charbon actif, qui peuvent tous \u00eatre utilis\u00e9s avec ou sans pr\u00e9filtre int\u00e9gr\u00e9.<\/p>\n<p>Les\u00a0<strong>NG<\/strong>\u00a0sont rapides et faciles \u00e0 assembler et sont disponibles dans une multitude de tailles.<\/p>\n<p>De plus, des \u00e9l\u00e9ments\u00a0<strong>NG<\/strong>\u00a0simples peuvent \u00eatre combin\u00e9s en enlevant la plaque de couverture lat\u00e9rale pour former des unit\u00e9s plus grandes, ou en variante, install\u00e9s en s\u00e9rie pour cr\u00e9er un syst\u00e8me \u00e0 plusieurs \u00e9tages.<\/p>\n<p>Install\u00e9 directement dans les syst\u00e8mes de conduits pour l&rsquo;alimentation en air ultra-propre, le\u00a0<strong>NG<\/strong>\u00a0peut g\u00e9rer les d\u00e9bits d&rsquo;air horizontaux ou verticaux selon les besoins et l&rsquo;entretien peut \u00eatre effectu\u00e9 depuis les c\u00f4t\u00e9s ou en dessous.<\/p>\n<p>Le bo\u00eetier, mont\u00e9 le plus pr\u00e8s possible de la sortie d&rsquo;air, permet la distribution d&rsquo;air conventionnelle, ce qui signifie que le filtre peut \u00eatre chang\u00e9 de l&rsquo;ext\u00e9rieur de la zone d&rsquo;air propre<\/p>\n<\/div>\n<\/div>\n<\/div>\n<\/div>\n<\/div>\n<\/div>\n<p><a href=\"https:\/\/wat-tunisia.com\/wp-content\/uploads\/2025\/11\/NG.pdf\"><img loading=\"lazy\" decoding=\"async\" class=\"alignnone wp-image-5184\" src=\"https:\/\/wat-tunisia.com\/wp-content\/uploads\/2025\/11\/document_16064382-300x300.png\" alt=\"\" width=\"43\" height=\"38\" \/><\/a><a href=\"https:\/\/wat-tunisia.com\/wp-content\/uploads\/2025\/11\/NG.pdf\"> Fiche Technique<\/a><\/p>\n<\/div>\n<\/div>\n<\/div>\n<\/div>\n<\/div>\n<\/div>","protected":false},"featured_media":5348,"comment_status":"closed","ping_status":"closed","template":"","meta":[],"product_brand":[],"product_cat":[360,319],"product_tag":[],"class_list":{"0":"post-5347","1":"product","2":"type-product","3":"status-publish","4":"has-post-thumbnail","6":"product_cat-caissons-de-filtres-a-air","7":"product_cat-filtres-a-air-fr","9":"first","10":"instock","11":"shipping-taxable","12":"product-type-simple"},"_links":{"self":[{"href":"https:\/\/wat-tunisia.com\/en\/wp-json\/wp\/v2\/product\/5347","targetHints":{"allow":["GET"]}}],"collection":[{"href":"https:\/\/wat-tunisia.com\/en\/wp-json\/wp\/v2\/product"}],"about":[{"href":"https:\/\/wat-tunisia.com\/en\/wp-json\/wp\/v2\/types\/product"}],"replies":[{"embeddable":true,"href":"https:\/\/wat-tunisia.com\/en\/wp-json\/wp\/v2\/comments?post=5347"}],"wp:featuredmedia":[{"embeddable":true,"href":"https:\/\/wat-tunisia.com\/en\/wp-json\/wp\/v2\/media\/5348"}],"wp:attachment":[{"href":"https:\/\/wat-tunisia.com\/en\/wp-json\/wp\/v2\/media?parent=5347"}],"wp:term":[{"taxonomy":"product_brand","embeddable":true,"href":"https:\/\/wat-tunisia.com\/en\/wp-json\/wp\/v2\/product_brand?post=5347"},{"taxonomy":"product_cat","embeddable":true,"href":"https:\/\/wat-tunisia.com\/en\/wp-json\/wp\/v2\/product_cat?post=5347"},{"taxonomy":"product_tag","embeddable":true,"href":"https:\/\/wat-tunisia.com\/en\/wp-json\/wp\/v2\/product_tag?post=5347"}],"curies":[{"name":"wp","href":"https:\/\/api.w.org\/{rel}","templated":true}]}}