{"id":5337,"date":"2025-11-12T11:39:56","date_gmt":"2025-11-12T10:39:56","guid":{"rendered":"https:\/\/wat-tunisia.com\/?post_type=product&#038;p=5337"},"modified":"2025-11-12T11:42:43","modified_gmt":"2025-11-12T10:42:43","slug":"optima-cg","status":"publish","type":"product","link":"https:\/\/wat-tunisia.com\/en\/product\/optima-cg\/","title":{"rendered":"Optima-CG"},"content":{"rendered":"","protected":false},"excerpt":{"rendered":"<p>Optima-CG est un bloc op\u00e9ratoire \u00e0 flux laminaire con\u00e7u pour r\u00e9pondre aux besoins des op\u00e9rateurs d&rsquo;\u00e9tablissements de sant\u00e9 d&rsquo;aujourd&rsquo;hui.<\/p>\n<p>Gr\u00e2ce \u00e0 sa base circulaire, Optima-CG fournit un flux d&rsquo;air sans turbulence, tout en r\u00e9duisant la consommation d&rsquo;\u00e9nergie gr\u00e2ce \u00e0 un flux d&rsquo;air plus faible.<\/p>\n<p>Avec les niveaux de propret\u00e9 de l&rsquo;air les plus \u00e9lev\u00e9s et la conformit\u00e9 aux normes internationales, Optima-CG offre des niveaux \u00e9lev\u00e9s de performance avec un co\u00fbt de propri\u00e9t\u00e9 r\u00e9duit.<\/p>\n<p>L&rsquo;air pr\u00e9conditionn\u00e9 est filtr\u00e9 dans le syst\u00e8me Optima-CG par des filtres HEPA de haute qualit\u00e9 et dirig\u00e9 vers un ch\u00e2ssis sp\u00e9cial \u00e0 double couche (appel\u00e9 CG Air Diffuser) sur la table d&rsquo;op\u00e9ration avec une vitesse de l&rsquo;air de 0,25 m \/ s.<\/p>\n<p>Ce distributeur d&rsquo;air CG \u00e0 double couche produit un flux d&rsquo;air unidirectionnel stable.<\/p>\n<p>La contamination dans la zone de travail est directement captur\u00e9e dans le flux d&rsquo;air et \u00e9vacu\u00e9e de la pi\u00e8ce au niveau du sol par des s\u00e9parateurs de peluches.<\/p>","protected":false},"featured_media":5338,"comment_status":"closed","ping_status":"closed","template":"","meta":[],"product_brand":[],"product_cat":[319,358],"product_tag":[],"class_list":{"0":"post-5337","1":"product","2":"type-product","3":"status-publish","4":"has-post-thumbnail","6":"product_cat-filtres-a-air-fr","7":"product_cat-salles-doperation","9":"first","10":"instock","11":"shipping-taxable","12":"product-type-simple"},"_links":{"self":[{"href":"https:\/\/wat-tunisia.com\/en\/wp-json\/wp\/v2\/product\/5337","targetHints":{"allow":["GET"]}}],"collection":[{"href":"https:\/\/wat-tunisia.com\/en\/wp-json\/wp\/v2\/product"}],"about":[{"href":"https:\/\/wat-tunisia.com\/en\/wp-json\/wp\/v2\/types\/product"}],"replies":[{"embeddable":true,"href":"https:\/\/wat-tunisia.com\/en\/wp-json\/wp\/v2\/comments?post=5337"}],"wp:featuredmedia":[{"embeddable":true,"href":"https:\/\/wat-tunisia.com\/en\/wp-json\/wp\/v2\/media\/5338"}],"wp:attachment":[{"href":"https:\/\/wat-tunisia.com\/en\/wp-json\/wp\/v2\/media?parent=5337"}],"wp:term":[{"taxonomy":"product_brand","embeddable":true,"href":"https:\/\/wat-tunisia.com\/en\/wp-json\/wp\/v2\/product_brand?post=5337"},{"taxonomy":"product_cat","embeddable":true,"href":"https:\/\/wat-tunisia.com\/en\/wp-json\/wp\/v2\/product_cat?post=5337"},{"taxonomy":"product_tag","embeddable":true,"href":"https:\/\/wat-tunisia.com\/en\/wp-json\/wp\/v2\/product_tag?post=5337"}],"curies":[{"name":"wp","href":"https:\/\/api.w.org\/{rel}","templated":true}]}}