{"id":5334,"date":"2025-11-12T11:33:57","date_gmt":"2025-11-12T10:33:57","guid":{"rendered":"https:\/\/wat-tunisia.com\/?post_type=product&#038;p=5334"},"modified":"2025-11-12T11:37:49","modified_gmt":"2025-11-12T10:37:49","slug":"cg%c2%b3","status":"publish","type":"product","link":"https:\/\/wat-tunisia.com\/en\/product\/cg%c2%b3\/","title":{"rendered":"CG\u00b3"},"content":{"rendered":"","protected":false},"excerpt":{"rendered":"<div class=\"woocommerce-product-details__short-description\">\n<div class=\"show-more\">\n<div class=\"woocommerce-product-details__short-description\">\n<div class=\"show-more\">\n<div class=\"woocommerce-product-details__short-description\">\n<div class=\"show-more\">\n<div class=\"web-panel\">\n<div class=\"container\">\n<div class=\"row\">\n<div class=\"col-sm-7\">\n<div id=\"myTabContent\" class=\"tab-content\">\n<div id=\"apercu\" class=\"tab-pane fade in active\">\n<p>Au cours des derni\u00e8res d\u00e9cennies, nous avons \u00e9quip\u00e9 avec succ\u00e8s des milliers de salles d&rsquo;op\u00e9ration et nos clients appr\u00e9cient la qualit\u00e9 de nos syst\u00e8mes depuis de nombreuses ann\u00e9es.<\/p>\n<p><strong>CG\u00b3<\/strong>, la troisi\u00e8me g\u00e9n\u00e9ration de plafonds \u00e0 flux laminaire de\u00a0<strong>MANN + HUMMEL<\/strong>, combine notre exp\u00e9rience \u00e9prouv\u00e9e dans les plafonds \u00e0 air pur avec les derni\u00e8res technologies, une qualit\u00e9 in\u00e9gal\u00e9e et une gestion efficace des co\u00fbts.<\/p>\n<p><strong>CG\u00b3<\/strong>\u00a0r\u00e9pond aux exigences accrues d&rsquo;aujourd&rsquo;hui en mati\u00e8re de performance, de flexibilit\u00e9 et de qualit\u00e9, tout en minimisant le co\u00fbt de possession avec une faible consommation d&rsquo;\u00e9nergie.<\/p>\n<p>Une construction en profil\u00e9 d&rsquo;aluminium sp\u00e9cial permet l&rsquo;int\u00e9gration parfaite du syst\u00e8me\u00a0<strong>CG\u00b3<\/strong>\u00a0avec des ponts de m\u00e9dia, des lampes chirurgicales et des suspensions de plafond, permettant \u00e0 l&rsquo;\u00e9quipe m\u00e9dicale de travailler de mani\u00e8re fluide avec les \u00e9quipements environnants.<\/p>\n<\/div>\n<\/div>\n<\/div>\n<\/div>\n<\/div>\n<\/div>\n<\/div>\n<\/div>\n<\/div>\n<\/div>\n<\/div>\n<\/div>","protected":false},"featured_media":5335,"comment_status":"closed","ping_status":"closed","template":"","meta":[],"product_brand":[],"product_cat":[319,358],"product_tag":[],"class_list":{"0":"post-5334","1":"product","2":"type-product","3":"status-publish","4":"has-post-thumbnail","6":"product_cat-filtres-a-air-fr","7":"product_cat-salles-doperation","9":"first","10":"instock","11":"shipping-taxable","12":"product-type-simple"},"_links":{"self":[{"href":"https:\/\/wat-tunisia.com\/en\/wp-json\/wp\/v2\/product\/5334","targetHints":{"allow":["GET"]}}],"collection":[{"href":"https:\/\/wat-tunisia.com\/en\/wp-json\/wp\/v2\/product"}],"about":[{"href":"https:\/\/wat-tunisia.com\/en\/wp-json\/wp\/v2\/types\/product"}],"replies":[{"embeddable":true,"href":"https:\/\/wat-tunisia.com\/en\/wp-json\/wp\/v2\/comments?post=5334"}],"wp:featuredmedia":[{"embeddable":true,"href":"https:\/\/wat-tunisia.com\/en\/wp-json\/wp\/v2\/media\/5335"}],"wp:attachment":[{"href":"https:\/\/wat-tunisia.com\/en\/wp-json\/wp\/v2\/media?parent=5334"}],"wp:term":[{"taxonomy":"product_brand","embeddable":true,"href":"https:\/\/wat-tunisia.com\/en\/wp-json\/wp\/v2\/product_brand?post=5334"},{"taxonomy":"product_cat","embeddable":true,"href":"https:\/\/wat-tunisia.com\/en\/wp-json\/wp\/v2\/product_cat?post=5334"},{"taxonomy":"product_tag","embeddable":true,"href":"https:\/\/wat-tunisia.com\/en\/wp-json\/wp\/v2\/product_tag?post=5334"}],"curies":[{"name":"wp","href":"https:\/\/api.w.org\/{rel}","templated":true}]}}