{"id":5330,"date":"2025-11-12T10:52:25","date_gmt":"2025-11-12T09:52:25","guid":{"rendered":"https:\/\/wat-tunisia.com\/?post_type=product&#038;p=5330"},"modified":"2025-11-12T11:29:38","modified_gmt":"2025-11-12T10:29:38","slug":"afp-process","status":"publish","type":"product","link":"https:\/\/wat-tunisia.com\/en\/product\/afp-process\/","title":{"rendered":"AFP Process"},"content":{"rendered":"","protected":false},"excerpt":{"rendered":"<div class=\"woocommerce-product-details__short-description\">\n<div class=\"show-more\">\n<div class=\"woocommerce-product-details__short-description\">\n<div class=\"show-more\">\n<div class=\"woocommerce-product-details__short-description\">\n<div class=\"show-more\">\n<div class=\"web-panel\">\n<div class=\"container\">\n<div class=\"row\">\n<div class=\"col-sm-7\">\n<div id=\"myTabContent\" class=\"tab-content\">\n<div id=\"apercu\" class=\"tab-pane fade in active\">\n<p>Les filtres d&rsquo;adsorption\u00a0<strong>AFP<\/strong>\u00a0Process sont utilis\u00e9s lorsque m\u00eame de faibles concentrations de gaz dans l&rsquo;air ont un impact sur la qualit\u00e9 des produits ou des actifs.<\/p>\n<p>Disponibles en trois types de supports (<strong>AA, AS<\/strong>\u00a0et\u00a0<strong>AZ<\/strong>), les filtres\u00a0<strong>AFP<\/strong>\u00a0Process disposent d&rsquo;un m\u00e9dia pliss\u00e9 mini int\u00e9gr\u00e9 dans un cadre d&rsquo;en-t\u00eate rigide pour r\u00e9pondre aux exigences des applications industrielles.<\/p>\n<p>De telles applications sont typiquement pr\u00e9sentes dans l&rsquo;industrie \u00e9lectronique, telles que la production de micro\u00e9lectronique et de semi-conducteurs, ainsi que dans la fabrication d&rsquo;optiques, de\u00a0<strong>MEMS<\/strong>\u00a0(syst\u00e8mes micro-\u00e9lectrom\u00e9caniques) ou de dispositifs m\u00e9caniques de haute pr\u00e9cision.<\/p>\n<p>En outre, les filtres\u00a0<strong>AFP<\/strong>\u00a0Process conviennent parfaitement \u00e0 la protection d&rsquo;objets et d&rsquo;objets pr\u00e9cieux dans les mus\u00e9es et les biblioth\u00e8ques contre la d\u00e9t\u00e9rioration des gaz traces pr\u00e9sents dans l&rsquo;air.<\/p>\n<p>Les filtres\u00a0<strong>AFP<\/strong>\u00a0Process peuvent \u00eatre facilement install\u00e9s dans des cadres de filtre \u00e0 poussi\u00e8re fine standards.<\/p>\n<\/div>\n<\/div>\n<\/div>\n<\/div>\n<\/div>\n<\/div>\n<p><a href=\"https:\/\/wat-tunisia.com\/wp-content\/uploads\/2025\/11\/AFP-Process.pdf\"><img loading=\"lazy\" decoding=\"async\" class=\"alignnone wp-image-5184\" src=\"https:\/\/wat-tunisia.com\/wp-content\/uploads\/2025\/11\/document_16064382-300x300.png\" alt=\"\" width=\"43\" height=\"38\" \/><\/a><a href=\"https:\/\/wat-tunisia.com\/wp-content\/uploads\/2025\/11\/AFP-Process.pdf\"> Fiche Technique<\/a><\/p>\n<\/div>\n<\/div>\n<\/div>\n<\/div>\n<\/div>\n<\/div>","protected":false},"featured_media":5326,"comment_status":"closed","ping_status":"closed","template":"","meta":[],"product_brand":[],"product_cat":[319,356],"product_tag":[],"class_list":{"0":"post-5330","1":"product","2":"type-product","3":"status-publish","4":"has-post-thumbnail","6":"product_cat-filtres-a-air-fr","7":"product_cat-filtres-dadsorption-des-gaz","9":"first","10":"instock","11":"shipping-taxable","12":"product-type-simple"},"_links":{"self":[{"href":"https:\/\/wat-tunisia.com\/en\/wp-json\/wp\/v2\/product\/5330","targetHints":{"allow":["GET"]}}],"collection":[{"href":"https:\/\/wat-tunisia.com\/en\/wp-json\/wp\/v2\/product"}],"about":[{"href":"https:\/\/wat-tunisia.com\/en\/wp-json\/wp\/v2\/types\/product"}],"replies":[{"embeddable":true,"href":"https:\/\/wat-tunisia.com\/en\/wp-json\/wp\/v2\/comments?post=5330"}],"wp:featuredmedia":[{"embeddable":true,"href":"https:\/\/wat-tunisia.com\/en\/wp-json\/wp\/v2\/media\/5326"}],"wp:attachment":[{"href":"https:\/\/wat-tunisia.com\/en\/wp-json\/wp\/v2\/media?parent=5330"}],"wp:term":[{"taxonomy":"product_brand","embeddable":true,"href":"https:\/\/wat-tunisia.com\/en\/wp-json\/wp\/v2\/product_brand?post=5330"},{"taxonomy":"product_cat","embeddable":true,"href":"https:\/\/wat-tunisia.com\/en\/wp-json\/wp\/v2\/product_cat?post=5330"},{"taxonomy":"product_tag","embeddable":true,"href":"https:\/\/wat-tunisia.com\/en\/wp-json\/wp\/v2\/product_tag?post=5330"}],"curies":[{"name":"wp","href":"https:\/\/api.w.org\/{rel}","templated":true}]}}