{"id":5328,"date":"2025-11-12T10:47:15","date_gmt":"2025-11-12T09:47:15","guid":{"rendered":"https:\/\/wat-tunisia.com\/?post_type=product&#038;p=5328"},"modified":"2025-11-12T10:50:59","modified_gmt":"2025-11-12T09:50:59","slug":"afp-az-duo","status":"publish","type":"product","link":"https:\/\/wat-tunisia.com\/en\/product\/afp-az-duo\/","title":{"rendered":"AFP-AZ Duo"},"content":{"rendered":"","protected":false},"excerpt":{"rendered":"<div class=\"woocommerce-product-details__short-description\">\n<div class=\"show-more\">\n<div class=\"woocommerce-product-details__short-description\">\n<div class=\"show-more\">\n<div class=\"woocommerce-product-details__short-description\">\n<div class=\"show-more\">\n<div class=\"web-panel\">\n<div class=\"container\">\n<div class=\"row\">\n<div class=\"col-sm-7\">\n<div id=\"myTabContent\" class=\"tab-content\">\n<div id=\"apercu\" class=\"tab-pane fade in active\">\n<p>Enlever les particules et les odeurs d&rsquo;un syst\u00e8me de ventilation est g\u00e9n\u00e9ralement une affaire en deux \u00e9tapes. Avec AFP-AZ Duo, cependant, ce n&rsquo;est plus le cas.<\/p>\n<div>En combinant les deux \u00e9tapes en une, AFP-AZ Duo rend la filtration de l&rsquo;air des particules et des odeurs simple et plus rentable.<\/div>\n<div><\/div>\n<div>Tout d&rsquo;abord, une couche de m\u00e9dia synth\u00e9tique \u00e0 haut rendement \u00e9limine les particules de poussi\u00e8re, ce qui donne une efficacit\u00e9 de filtration de F7 (selon EN 779).<\/div>\n<div><\/div>\n<div>Ensuite, un mat\u00e9riau composite de carbone activ\u00e9 de haute qualit\u00e9 \u00e9limine les odeurs, rendant la sensation de l&rsquo;air et l&rsquo;odeur plus propre.<\/div>\n<div><\/div>\n<div>Le nettoyage en deux \u00e9tapes de l&rsquo;air est essentiel dans les b\u00e2timents o\u00f9 des niveaux \u00e9lev\u00e9s de contamination proviennent des fum\u00e9es de circulation ou des processus de production.<\/div>\n<div><\/div>\n<div>Les unit\u00e9s de traitement d&rsquo;air sont souvent con\u00e7ues pour un nettoyage en une seule \u00e9tape.<\/div>\n<div><\/div>\n<div>En combinant les deux \u00e9tages en un filtre de taille standard, AFP-AZ Duo offre la possibilit\u00e9 de nettoyer les flux d&rsquo;air des particules ainsi que les odeurs sans ajouter de processus co\u00fbteux au syst\u00e8me de ventilation.<\/div>\n<div><\/div>\n<div>Avec une \u00e9paisseur de seulement 300 mm et des mat\u00e9riaux l\u00e9gers, le filtre AFP-AZ Duo standard peut \u00eatre directement install\u00e9 dans une unit\u00e9 de traitement d&rsquo;air rempla\u00e7ant un filtre \u00e0 particules ou un filtre \u00e0 odeurs avec une unit\u00e9 de combinaison plus efficace.<\/div>\n<\/div>\n<\/div>\n<\/div>\n<\/div>\n<\/div>\n<\/div>\n<p><a href=\"https:\/\/wat-tunisia.com\/wp-content\/uploads\/2025\/11\/AFP-AZ-Comfort.pdf\"><img loading=\"lazy\" decoding=\"async\" class=\"alignnone wp-image-5184\" src=\"https:\/\/wat-tunisia.com\/wp-content\/uploads\/2025\/11\/document_16064382-300x300.png\" alt=\"\" width=\"43\" height=\"38\" \/><\/a><a href=\"https:\/\/wat-tunisia.com\/wp-content\/uploads\/2025\/11\/AFP-AZ-Comfort.pdf\"> Fiche Technique<\/a><\/p>\n<\/div>\n<\/div>\n<\/div>\n<\/div>\n<\/div>\n<\/div>","protected":false},"featured_media":5326,"comment_status":"closed","ping_status":"closed","template":"","meta":[],"product_brand":[],"product_cat":[319,356],"product_tag":[],"class_list":{"0":"post-5328","1":"product","2":"type-product","3":"status-publish","4":"has-post-thumbnail","6":"product_cat-filtres-a-air-fr","7":"product_cat-filtres-dadsorption-des-gaz","9":"first","10":"instock","11":"shipping-taxable","12":"product-type-simple"},"_links":{"self":[{"href":"https:\/\/wat-tunisia.com\/en\/wp-json\/wp\/v2\/product\/5328","targetHints":{"allow":["GET"]}}],"collection":[{"href":"https:\/\/wat-tunisia.com\/en\/wp-json\/wp\/v2\/product"}],"about":[{"href":"https:\/\/wat-tunisia.com\/en\/wp-json\/wp\/v2\/types\/product"}],"replies":[{"embeddable":true,"href":"https:\/\/wat-tunisia.com\/en\/wp-json\/wp\/v2\/comments?post=5328"}],"wp:featuredmedia":[{"embeddable":true,"href":"https:\/\/wat-tunisia.com\/en\/wp-json\/wp\/v2\/media\/5326"}],"wp:attachment":[{"href":"https:\/\/wat-tunisia.com\/en\/wp-json\/wp\/v2\/media?parent=5328"}],"wp:term":[{"taxonomy":"product_brand","embeddable":true,"href":"https:\/\/wat-tunisia.com\/en\/wp-json\/wp\/v2\/product_brand?post=5328"},{"taxonomy":"product_cat","embeddable":true,"href":"https:\/\/wat-tunisia.com\/en\/wp-json\/wp\/v2\/product_cat?post=5328"},{"taxonomy":"product_tag","embeddable":true,"href":"https:\/\/wat-tunisia.com\/en\/wp-json\/wp\/v2\/product_tag?post=5328"}],"curies":[{"name":"wp","href":"https:\/\/api.w.org\/{rel}","templated":true}]}}