{"id":5324,"date":"2025-11-12T10:21:53","date_gmt":"2025-11-12T09:21:53","guid":{"rendered":"https:\/\/wat-tunisia.com\/?post_type=product&#038;p=5324"},"modified":"2025-11-12T10:45:51","modified_gmt":"2025-11-12T09:45:51","slug":"afp-az-comfort","status":"publish","type":"product","link":"https:\/\/wat-tunisia.com\/en\/product\/afp-az-comfort\/","title":{"rendered":"AFP-AZ Comfort"},"content":{"rendered":"","protected":false},"excerpt":{"rendered":"<div class=\"woocommerce-product-details__short-description\">\n<div class=\"show-more\">\n<div class=\"woocommerce-product-details__short-description\">\n<div class=\"show-more\">\n<div class=\"woocommerce-product-details__short-description\">\n<div class=\"show-more\">\n<div class=\"web-panel\">\n<div class=\"container\">\n<div class=\"row\">\n<div class=\"col-sm-7\">\n<div id=\"myTabContent\" class=\"tab-content\">\n<div id=\"apercu\" class=\"tab-pane fade in active\">\n<p>Les filtres d&rsquo;adsorption de gaz AFP-AZ Comfort sont une excellente m\u00e9thode peu co\u00fbteuse pour \u00e9liminer les odeurs et am\u00e9liorer la qualit\u00e9 de l&rsquo;air int\u00e9rieur dans les b\u00e2timents climatis\u00e9s &#8211; une contribution importante \u00e0 la gu\u00e9rison du syndrome des b\u00e2timents malsains (SBS).<\/p>\n<p>AFP-AZ Comfort est con\u00e7u pour \u00e9liminer les contaminations qui peuvent provoquer des r\u00e9actions physiques d\u00e9sagr\u00e9ables des occupants, par ex. maux de t\u00eate et naus\u00e9e.<\/p>\n<p>Les compos\u00e9s gazeux et odorants peuvent \u00eatre introduits dans l&rsquo;air ambiant d&rsquo;une voiture ou d&rsquo;un \u00e9chappement d&rsquo;avion, ou bien ils peuvent se produire en raison des \u00e9missions de mat\u00e9riaux et des processus \u00e0 l&rsquo;int\u00e9rieur.<\/p>\n<p>AFP-AZ Comfort \u00e9limine ces compos\u00e9s et purifie l&rsquo;air en utilisant un mat\u00e9riau composite de carbone activ\u00e9 de haute qualit\u00e9.<\/p>\n<div>\n<p>Le mat\u00e9riau composite est bas\u00e9 sur des adsorbants granulaires \u00e0 grain fin incorpor\u00e9s dans une matrice textile synth\u00e9tique.<\/p>\n<p>L&rsquo;AFP-AZ Comfort peut \u00eatre utilis\u00e9 pour compl\u00e9ter les filtres \u00e0 particules m\u00e9caniques actuels.<\/p>\n<\/div>\n<\/div>\n<\/div>\n<\/div>\n<\/div>\n<\/div>\n<\/div>\n<p><a href=\"https:\/\/wat-tunisia.com\/wp-content\/uploads\/2025\/11\/AFP-AZ-Comfort.pdf\"><img loading=\"lazy\" decoding=\"async\" class=\"alignnone wp-image-5184\" src=\"https:\/\/wat-tunisia.com\/wp-content\/uploads\/2025\/11\/document_16064382-300x300.png\" alt=\"\" width=\"43\" height=\"38\" \/><\/a><a href=\"https:\/\/wat-tunisia.com\/wp-content\/uploads\/2025\/11\/AFP-AZ-Comfort.pdf\"> Fiche Technique<\/a><\/p>\n<\/div>\n<\/div>\n<\/div>\n<\/div>\n<\/div>\n<\/div>","protected":false},"featured_media":5326,"comment_status":"closed","ping_status":"closed","template":"","meta":[],"product_brand":[],"product_cat":[319,356],"product_tag":[],"class_list":{"0":"post-5324","1":"product","2":"type-product","3":"status-publish","4":"has-post-thumbnail","6":"product_cat-filtres-a-air-fr","7":"product_cat-filtres-dadsorption-des-gaz","9":"first","10":"instock","11":"shipping-taxable","12":"product-type-simple"},"_links":{"self":[{"href":"https:\/\/wat-tunisia.com\/en\/wp-json\/wp\/v2\/product\/5324","targetHints":{"allow":["GET"]}}],"collection":[{"href":"https:\/\/wat-tunisia.com\/en\/wp-json\/wp\/v2\/product"}],"about":[{"href":"https:\/\/wat-tunisia.com\/en\/wp-json\/wp\/v2\/types\/product"}],"replies":[{"embeddable":true,"href":"https:\/\/wat-tunisia.com\/en\/wp-json\/wp\/v2\/comments?post=5324"}],"wp:featuredmedia":[{"embeddable":true,"href":"https:\/\/wat-tunisia.com\/en\/wp-json\/wp\/v2\/media\/5326"}],"wp:attachment":[{"href":"https:\/\/wat-tunisia.com\/en\/wp-json\/wp\/v2\/media?parent=5324"}],"wp:term":[{"taxonomy":"product_brand","embeddable":true,"href":"https:\/\/wat-tunisia.com\/en\/wp-json\/wp\/v2\/product_brand?post=5324"},{"taxonomy":"product_cat","embeddable":true,"href":"https:\/\/wat-tunisia.com\/en\/wp-json\/wp\/v2\/product_cat?post=5324"},{"taxonomy":"product_tag","embeddable":true,"href":"https:\/\/wat-tunisia.com\/en\/wp-json\/wp\/v2\/product_tag?post=5324"}],"curies":[{"name":"wp","href":"https:\/\/api.w.org\/{rel}","templated":true}]}}