{"id":5307,"date":"2025-11-11T13:06:37","date_gmt":"2025-11-11T12:06:37","guid":{"rendered":"https:\/\/wat-tunisia.com\/?post_type=product&#038;p=5307"},"modified":"2025-11-12T09:28:59","modified_gmt":"2025-11-12T08:28:59","slug":"hepatex-dp","status":"publish","type":"product","link":"https:\/\/wat-tunisia.com\/en\/product\/hepatex-dp\/","title":{"rendered":"Hepatex DP"},"content":{"rendered":"","protected":false},"excerpt":{"rendered":"<div class=\"woocommerce-product-details__short-description\">\n<div class=\"show-more\">\n<div class=\"woocommerce-product-details__short-description\">\n<div class=\"show-more\">\n<div class=\"woocommerce-product-details__short-description\">\n<div class=\"show-more\">\n<div class=\"web-panel\">\n<div class=\"container\">\n<div class=\"row\">\n<div class=\"col-sm-7\">\n<div id=\"myTabContent\" class=\"tab-content\">\n<div id=\"apercu\" class=\"tab-pane fade in active\">\n<p>L\u00e0 o\u00f9 la puret\u00e9 de l&rsquo;air et la dur\u00e9e de vie du filtre sont primordiales,\u00a0<strong>Hepatex DP<\/strong>\u00a0le sera \u00e9galement.<\/p>\n<p>Utilis\u00e9 pour l&rsquo;alimentation, la recirculation et l&rsquo;\u00e9vacuation d&rsquo;air,\u00a0<strong>Hepatex DP<\/strong>\u00a0utilise un m\u00e9dia en fibre de verre ultrafin, form\u00e9 de plis robustes et profonds et divis\u00e9 par des s\u00e9parateurs en aluminium.<\/p>\n<p>Cette conception \u00e0 plis profonds ne garantit pas seulement une longue dur\u00e9e de vie, mais cela signifie \u00e9galement que m\u00eame dans les conditions de fonctionnement les plus difficiles et les plus difficiles,\u00a0<strong>Hepatex DP<\/strong>\u00a0continue \u00e0 fonctionner \u00e0 un niveau optimal.<\/p>\n<p>Disponible dans une large gamme de mat\u00e9riaux de cadre,\u00a0<strong>Hepatex DP<\/strong>\u00a0est adapt\u00e9 \u00e0 une vari\u00e9t\u00e9 d&rsquo;applications, y compris les processus industriels, les salles d&rsquo;op\u00e9ration et la manipulation de mati\u00e8res dangereuses ou nucl\u00e9aires.<\/p>\n<p>En fait, partout o\u00f9 il faut de la fiabilit\u00e9 et de la long\u00e9vit\u00e9, dans tous les environnements.<\/p>\n<\/div>\n<\/div>\n<\/div>\n<\/div>\n<\/div>\n<\/div>\n<p><a href=\"https:\/\/wat-tunisia.com\/wp-content\/uploads\/2025\/11\/Hepatex-DP.pdf\"><img loading=\"lazy\" decoding=\"async\" class=\"alignnone wp-image-5184\" src=\"https:\/\/wat-tunisia.com\/wp-content\/uploads\/2025\/11\/document_16064382-300x300.png\" alt=\"\" width=\"43\" height=\"38\" \/><\/a><a href=\"https:\/\/wat-tunisia.com\/wp-content\/uploads\/2025\/11\/Hepatex-DP.pdf\"> Fiche Technique<\/a><\/p>\n<\/div>\n<\/div>\n<\/div>\n<\/div>\n<\/div>\n<\/div>","protected":false},"featured_media":5308,"comment_status":"closed","ping_status":"closed","template":"","meta":[],"product_brand":[],"product_cat":[319,354],"product_tag":[],"class_list":{"0":"post-5307","1":"product","2":"type-product","3":"status-publish","4":"has-post-thumbnail","6":"product_cat-filtres-a-air-fr","7":"product_cat-filtres-hepa-ulpa","9":"first","10":"instock","11":"shipping-taxable","12":"product-type-simple"},"_links":{"self":[{"href":"https:\/\/wat-tunisia.com\/en\/wp-json\/wp\/v2\/product\/5307","targetHints":{"allow":["GET"]}}],"collection":[{"href":"https:\/\/wat-tunisia.com\/en\/wp-json\/wp\/v2\/product"}],"about":[{"href":"https:\/\/wat-tunisia.com\/en\/wp-json\/wp\/v2\/types\/product"}],"replies":[{"embeddable":true,"href":"https:\/\/wat-tunisia.com\/en\/wp-json\/wp\/v2\/comments?post=5307"}],"wp:featuredmedia":[{"embeddable":true,"href":"https:\/\/wat-tunisia.com\/en\/wp-json\/wp\/v2\/media\/5308"}],"wp:attachment":[{"href":"https:\/\/wat-tunisia.com\/en\/wp-json\/wp\/v2\/media?parent=5307"}],"wp:term":[{"taxonomy":"product_brand","embeddable":true,"href":"https:\/\/wat-tunisia.com\/en\/wp-json\/wp\/v2\/product_brand?post=5307"},{"taxonomy":"product_cat","embeddable":true,"href":"https:\/\/wat-tunisia.com\/en\/wp-json\/wp\/v2\/product_cat?post=5307"},{"taxonomy":"product_tag","embeddable":true,"href":"https:\/\/wat-tunisia.com\/en\/wp-json\/wp\/v2\/product_tag?post=5307"}],"curies":[{"name":"wp","href":"https:\/\/api.w.org\/{rel}","templated":true}]}}