{"id":5303,"date":"2025-11-11T11:53:37","date_gmt":"2025-11-11T10:53:37","guid":{"rendered":"https:\/\/wat-tunisia.com\/?post_type=product&#038;p=5303"},"modified":"2025-11-11T13:05:54","modified_gmt":"2025-11-11T12:05:54","slug":"hepatex-pb","status":"publish","type":"product","link":"https:\/\/wat-tunisia.com\/en\/product\/hepatex-pb\/","title":{"rendered":"Hepatex PB"},"content":{"rendered":"","protected":false},"excerpt":{"rendered":"<div class=\"woocommerce-product-details__short-description\">\n<div class=\"show-more\">\n<div class=\"woocommerce-product-details__short-description\">\n<div class=\"show-more\">\n<div class=\"woocommerce-product-details__short-description\">\n<div class=\"show-more\">\n<div class=\"web-panel\">\n<div class=\"container\">\n<div class=\"row\">\n<div class=\"col-sm-7\">\n<div id=\"myTabContent\" class=\"tab-content\">\n<div id=\"apercu\" class=\"tab-pane fade in active\">\n<p>Les filtres EPA et HEPA pour salle blanche Hepatex PB sont con\u00e7us pour la s\u00e9paration de fines particules en suspension telles que les bact\u00e9ries, les virus, la suie, la poussi\u00e8re, etc.<\/p>\n<p>Ils sont utilis\u00e9s dans les syst\u00e8mes d&rsquo;alimentation et d&rsquo;\u00e9vacuation d&rsquo;air, ou dans les installations de salles blanches dans les industries nucl\u00e9aire, \u00e9lectronique, optique, m\u00e9dicale et chimique.<\/p>\n<p>Les filtres Hepatex PB EPA \/ HEPA peuvent \u00eatre combin\u00e9s dans une vari\u00e9t\u00e9 d&rsquo;unit\u00e9s pour convenir \u00e0 la plupart des applications, en particulier lorsque l&rsquo;espace disponible est limit\u00e9.<\/p>\n<p>Le milieu filtrant est test\u00e9 pour la p\u00e9n\u00e9tration, la perte de charge, la r\u00e9sistance \u00e0 la traction, la densit\u00e9, le poids et l&rsquo;imperm\u00e9abilit\u00e9 \u00e0 l&rsquo;eau.<\/p>\n<p>Chaque filtre de qualit\u00e9 de verre est soumis \u00e0 l&rsquo;essai de brouillard d&rsquo;huile et est garanti sans fuite.<\/p>\n<\/div>\n<\/div>\n<\/div>\n<\/div>\n<\/div>\n<\/div>\n<p><a href=\"https:\/\/wat-tunisia.com\/wp-content\/uploads\/2025\/11\/Hepatex-PB.pdf\"><img loading=\"lazy\" decoding=\"async\" class=\"alignnone wp-image-5184\" src=\"https:\/\/wat-tunisia.com\/wp-content\/uploads\/2025\/11\/document_16064382-300x300.png\" alt=\"\" width=\"43\" height=\"38\" \/><\/a><a href=\"https:\/\/wat-tunisia.com\/wp-content\/uploads\/2025\/11\/Hepatex-PB.pdf\"> Fiche Technique<\/a><\/p>\n<\/div>\n<\/div>\n<\/div>\n<\/div>\n<\/div>\n<\/div>","protected":false},"featured_media":5305,"comment_status":"closed","ping_status":"closed","template":"","meta":[],"product_brand":[],"product_cat":[319,354],"product_tag":[],"class_list":{"0":"post-5303","1":"product","2":"type-product","3":"status-publish","4":"has-post-thumbnail","6":"product_cat-filtres-a-air-fr","7":"product_cat-filtres-hepa-ulpa","9":"first","10":"instock","11":"shipping-taxable","12":"product-type-simple"},"_links":{"self":[{"href":"https:\/\/wat-tunisia.com\/en\/wp-json\/wp\/v2\/product\/5303","targetHints":{"allow":["GET"]}}],"collection":[{"href":"https:\/\/wat-tunisia.com\/en\/wp-json\/wp\/v2\/product"}],"about":[{"href":"https:\/\/wat-tunisia.com\/en\/wp-json\/wp\/v2\/types\/product"}],"replies":[{"embeddable":true,"href":"https:\/\/wat-tunisia.com\/en\/wp-json\/wp\/v2\/comments?post=5303"}],"wp:featuredmedia":[{"embeddable":true,"href":"https:\/\/wat-tunisia.com\/en\/wp-json\/wp\/v2\/media\/5305"}],"wp:attachment":[{"href":"https:\/\/wat-tunisia.com\/en\/wp-json\/wp\/v2\/media?parent=5303"}],"wp:term":[{"taxonomy":"product_brand","embeddable":true,"href":"https:\/\/wat-tunisia.com\/en\/wp-json\/wp\/v2\/product_brand?post=5303"},{"taxonomy":"product_cat","embeddable":true,"href":"https:\/\/wat-tunisia.com\/en\/wp-json\/wp\/v2\/product_cat?post=5303"},{"taxonomy":"product_tag","embeddable":true,"href":"https:\/\/wat-tunisia.com\/en\/wp-json\/wp\/v2\/product_tag?post=5303"}],"curies":[{"name":"wp","href":"https:\/\/api.w.org\/{rel}","templated":true}]}}