{"id":5299,"date":"2025-11-11T11:46:19","date_gmt":"2025-11-11T10:46:19","guid":{"rendered":"https:\/\/wat-tunisia.com\/?post_type=product&#038;p=5299"},"modified":"2025-11-11T11:52:37","modified_gmt":"2025-11-11T10:52:37","slug":"hepatex-pl","status":"publish","type":"product","link":"https:\/\/wat-tunisia.com\/en\/product\/hepatex-pl\/","title":{"rendered":"Hepatex PL"},"content":{"rendered":"","protected":false},"excerpt":{"rendered":"<div class=\"woocommerce-product-details__short-description\">\n<div class=\"show-more\">\n<div class=\"woocommerce-product-details__short-description\">\n<div class=\"show-more\">\n<div class=\"woocommerce-product-details__short-description\">\n<div class=\"show-more\">\n<div class=\"web-panel\">\n<div class=\"container\">\n<div class=\"row\">\n<div class=\"col-sm-7\">\n<div id=\"myTabContent\" class=\"tab-content\">\n<div id=\"apercu\" class=\"tab-pane fade in active\">\n<p>Hepatex PL est un filtre \u00e0 air compact EPA et HEPA con\u00e7u pour prot\u00e9ger les personnes, les \u00e9quipements et les processus de la contamination par des particules en suspension dans l&rsquo;air.<\/p>\n<p>Utilis\u00e9s dans des situations n\u00e9cessitant des niveaux \u00e9lev\u00e9s ou tr\u00e8s \u00e9lev\u00e9s de puret\u00e9 de l&rsquo;air, les filtres Hepatex PL EPA et HEPA sont principalement con\u00e7us comme filtres d&rsquo;admission pour les plafonds \u00e0 flux laminaire et les \u00e9tablis propres.<\/p>\n<p>Des applications typiques peuvent \u00eatre trouv\u00e9es dans la micro\u00e9lectronique, la fabrication de semi-conducteurs, la m\u00e9decine, la chimie, la pharmacie, la microbiologie, la production de films et de bandes magn\u00e9tiques, la fabrication de disques compacts, les laboratoires et l&rsquo;industrie alimentaire.<\/p>\n<\/div>\n<\/div>\n<\/div>\n<\/div>\n<\/div>\n<\/div>\n<p><a href=\"https:\/\/wat-tunisia.com\/wp-content\/uploads\/2025\/11\/Hepatex-PL.pdf\"><img loading=\"lazy\" decoding=\"async\" class=\"alignnone wp-image-5184\" src=\"https:\/\/wat-tunisia.com\/wp-content\/uploads\/2025\/11\/document_16064382-300x300.png\" alt=\"\" width=\"43\" height=\"38\" \/><\/a><a href=\"https:\/\/wat-tunisia.com\/wp-content\/uploads\/2025\/11\/Hepatex-PL.pdf\"> Fiche Technique<\/a><\/p>\n<\/div>\n<\/div>\n<\/div>\n<\/div>\n<\/div>\n<\/div>","protected":false},"featured_media":5300,"comment_status":"closed","ping_status":"closed","template":"","meta":[],"product_brand":[],"product_cat":[319,354],"product_tag":[],"class_list":{"0":"post-5299","1":"product","2":"type-product","3":"status-publish","4":"has-post-thumbnail","6":"product_cat-filtres-a-air-fr","7":"product_cat-filtres-hepa-ulpa","9":"first","10":"instock","11":"shipping-taxable","12":"product-type-simple"},"_links":{"self":[{"href":"https:\/\/wat-tunisia.com\/en\/wp-json\/wp\/v2\/product\/5299","targetHints":{"allow":["GET"]}}],"collection":[{"href":"https:\/\/wat-tunisia.com\/en\/wp-json\/wp\/v2\/product"}],"about":[{"href":"https:\/\/wat-tunisia.com\/en\/wp-json\/wp\/v2\/types\/product"}],"replies":[{"embeddable":true,"href":"https:\/\/wat-tunisia.com\/en\/wp-json\/wp\/v2\/comments?post=5299"}],"wp:featuredmedia":[{"embeddable":true,"href":"https:\/\/wat-tunisia.com\/en\/wp-json\/wp\/v2\/media\/5300"}],"wp:attachment":[{"href":"https:\/\/wat-tunisia.com\/en\/wp-json\/wp\/v2\/media?parent=5299"}],"wp:term":[{"taxonomy":"product_brand","embeddable":true,"href":"https:\/\/wat-tunisia.com\/en\/wp-json\/wp\/v2\/product_brand?post=5299"},{"taxonomy":"product_cat","embeddable":true,"href":"https:\/\/wat-tunisia.com\/en\/wp-json\/wp\/v2\/product_cat?post=5299"},{"taxonomy":"product_tag","embeddable":true,"href":"https:\/\/wat-tunisia.com\/en\/wp-json\/wp\/v2\/product_tag?post=5299"}],"curies":[{"name":"wp","href":"https:\/\/api.w.org\/{rel}","templated":true}]}}