{"id":5295,"date":"2025-11-11T11:39:21","date_gmt":"2025-11-11T10:39:21","guid":{"rendered":"https:\/\/wat-tunisia.com\/?post_type=product&#038;p=5295"},"modified":"2025-11-11T11:45:49","modified_gmt":"2025-11-11T10:45:49","slug":"hepatex-j-series","status":"publish","type":"product","link":"https:\/\/wat-tunisia.com\/en\/product\/hepatex-j-series\/","title":{"rendered":"Hepatex J Series"},"content":{"rendered":"","protected":false},"excerpt":{"rendered":"<div class=\"woocommerce-product-details__short-description\">\n<div class=\"show-more\">\n<div class=\"woocommerce-product-details__short-description\">\n<div class=\"show-more\">\n<div class=\"woocommerce-product-details__short-description\">\n<div class=\"show-more\">\n<div class=\"web-panel\">\n<div class=\"container\">\n<div class=\"row\">\n<div class=\"col-sm-7\">\n<div id=\"myTabContent\" class=\"tab-content\">\n<div id=\"apercu\" class=\"tab-pane fade in active\">\n<p>La s\u00e9rie Hepatex J est une gamme de filtres \u00e0 air cylindriques con\u00e7us pour s\u00e9parer les particules telles que les bact\u00e9ries, les virus ou les contaminants en suspension dans l&rsquo;air, l&rsquo;air comprim\u00e9 ou les gaz.<\/p>\n<p>Int\u00e9grant un filtre \u00e0 poussi\u00e8re fine JP, deux filtres HEPA JG et JK, et le bo\u00eetier de filtre JKG-W, la s\u00e9rie Hepatex J convient \u00e0 un vaste champ d&rsquo;applications, telles que le m\u00e9dical, la recherche et l&rsquo;industrie.<\/p>\n<p>Avec des niveaux de qualit\u00e9 sur lesquels vous pouvez compter, les fluides Hepatex J Series, les gaines, les joints et les joints sont fabriqu\u00e9s dans des conditions contr\u00f4l\u00e9es, tandis que le m\u00e9dia est test\u00e9 pour son efficacit\u00e9 de s\u00e9paration, sa r\u00e9sistance \u00e0 la traction, son poids et son imperm\u00e9abilit\u00e9.<\/p>\n<p>Chaque filtre HEPA JK et JG compl\u00e9t\u00e9 subit \u00e9galement un test de brouillard d&rsquo;huile DIN 24184, avec des filtres \u00e0 poussi\u00e8re fine JP soumis \u00e0 une inspection visuelle apr\u00e8s la fabrication<\/p>\n<\/div>\n<\/div>\n<\/div>\n<\/div>\n<\/div>\n<\/div>\n<p><a href=\"https:\/\/wat-tunisia.com\/wp-content\/uploads\/2025\/11\/Hepatex-J-Series.pdf\"><img loading=\"lazy\" decoding=\"async\" class=\"alignnone wp-image-5184\" src=\"https:\/\/wat-tunisia.com\/wp-content\/uploads\/2025\/11\/document_16064382-300x300.png\" alt=\"\" width=\"43\" height=\"38\" \/><\/a><a href=\"https:\/\/wat-tunisia.com\/wp-content\/uploads\/2025\/11\/Hepatex-J-Series.pdf\"> Fiche Technique<\/a><\/p>\n<\/div>\n<\/div>\n<\/div>\n<\/div>\n<\/div>\n<\/div>","protected":false},"featured_media":5297,"comment_status":"closed","ping_status":"closed","template":"","meta":[],"product_brand":[],"product_cat":[319,354],"product_tag":[],"class_list":{"0":"post-5295","1":"product","2":"type-product","3":"status-publish","4":"has-post-thumbnail","6":"product_cat-filtres-a-air-fr","7":"product_cat-filtres-hepa-ulpa","9":"first","10":"instock","11":"shipping-taxable","12":"product-type-simple"},"_links":{"self":[{"href":"https:\/\/wat-tunisia.com\/en\/wp-json\/wp\/v2\/product\/5295","targetHints":{"allow":["GET"]}}],"collection":[{"href":"https:\/\/wat-tunisia.com\/en\/wp-json\/wp\/v2\/product"}],"about":[{"href":"https:\/\/wat-tunisia.com\/en\/wp-json\/wp\/v2\/types\/product"}],"replies":[{"embeddable":true,"href":"https:\/\/wat-tunisia.com\/en\/wp-json\/wp\/v2\/comments?post=5295"}],"wp:featuredmedia":[{"embeddable":true,"href":"https:\/\/wat-tunisia.com\/en\/wp-json\/wp\/v2\/media\/5297"}],"wp:attachment":[{"href":"https:\/\/wat-tunisia.com\/en\/wp-json\/wp\/v2\/media?parent=5295"}],"wp:term":[{"taxonomy":"product_brand","embeddable":true,"href":"https:\/\/wat-tunisia.com\/en\/wp-json\/wp\/v2\/product_brand?post=5295"},{"taxonomy":"product_cat","embeddable":true,"href":"https:\/\/wat-tunisia.com\/en\/wp-json\/wp\/v2\/product_cat?post=5295"},{"taxonomy":"product_tag","embeddable":true,"href":"https:\/\/wat-tunisia.com\/en\/wp-json\/wp\/v2\/product_tag?post=5295"}],"curies":[{"name":"wp","href":"https:\/\/api.w.org\/{rel}","templated":true}]}}