{"id":5292,"date":"2025-11-11T11:26:26","date_gmt":"2025-11-11T10:26:26","guid":{"rendered":"https:\/\/wat-tunisia.com\/?post_type=product&#038;p=5292"},"modified":"2025-11-11T11:32:19","modified_gmt":"2025-11-11T10:32:19","slug":"compatex-tmpe","status":"publish","type":"product","link":"https:\/\/wat-tunisia.com\/en\/product\/compatex-tmpe\/","title":{"rendered":"Compatex TMPE"},"content":{"rendered":"","protected":false},"excerpt":{"rendered":"<div class=\"woocommerce-product-details__short-description\">\n<div class=\"show-more\">\n<div class=\"woocommerce-product-details__short-description\">\n<div class=\"show-more\">\n<div class=\"woocommerce-product-details__short-description\">\n<div class=\"show-more\">\n<div class=\"web-panel\">\n<div class=\"container\">\n<div class=\"row\">\n<div class=\"col-sm-7\">\n<div id=\"myTabContent\" class=\"tab-content\">\n<div id=\"apercu\" class=\"tab-pane fade in active\">\n<p>Con\u00e7u pour r\u00e9pondre \u00e0 la n\u00e9cessit\u00e9 d&rsquo;augmenter la disponibilit\u00e9 du moteur dans les centrales \u00e0 turbine \u00e0 gaz haute performance, le Compatex TMPE assure une protection contre les particules submicroniques, \u00e9liminant ainsi l&rsquo;encrassement des aubes du compresseur.<\/p>\n<p>Combinant une chute de pression \u00e0 la pointe de l&rsquo;industrie et une r\u00e9sistance \u00e0 l&rsquo;\u00e9clatement in\u00e9gal\u00e9e, Compatex TMPE offre des performances imbattables pour la filtration finale des turbines \u00e0 gaz.<\/p>\n<p>Compatex TMPE r\u00e9duit la d\u00e9gradation de la machine, prolonge les intervalles d&rsquo;entretien et \u00e9limine le besoin d&rsquo;effectuer des lavages co\u00fbteux.<\/p>\n<p>Disponible dans les classes E10 &#8211; E12, Compatex TMPE apporte des niveaux de filtration en salle blanche aux entr\u00e9es d&rsquo;air des turbines \u00e0 gaz.<\/p>\n<\/div>\n<\/div>\n<\/div>\n<\/div>\n<\/div>\n<\/div>\n<\/div>\n<\/div>\n<\/div>\n<\/div>\n<\/div>\n<\/div>","protected":false},"featured_media":5293,"comment_status":"closed","ping_status":"closed","template":"","meta":[],"product_brand":[],"product_cat":[319,354],"product_tag":[],"class_list":{"0":"post-5292","1":"product","2":"type-product","3":"status-publish","4":"has-post-thumbnail","6":"product_cat-filtres-a-air-fr","7":"product_cat-filtres-hepa-ulpa","9":"first","10":"instock","11":"shipping-taxable","12":"product-type-simple"},"_links":{"self":[{"href":"https:\/\/wat-tunisia.com\/en\/wp-json\/wp\/v2\/product\/5292","targetHints":{"allow":["GET"]}}],"collection":[{"href":"https:\/\/wat-tunisia.com\/en\/wp-json\/wp\/v2\/product"}],"about":[{"href":"https:\/\/wat-tunisia.com\/en\/wp-json\/wp\/v2\/types\/product"}],"replies":[{"embeddable":true,"href":"https:\/\/wat-tunisia.com\/en\/wp-json\/wp\/v2\/comments?post=5292"}],"wp:featuredmedia":[{"embeddable":true,"href":"https:\/\/wat-tunisia.com\/en\/wp-json\/wp\/v2\/media\/5293"}],"wp:attachment":[{"href":"https:\/\/wat-tunisia.com\/en\/wp-json\/wp\/v2\/media?parent=5292"}],"wp:term":[{"taxonomy":"product_brand","embeddable":true,"href":"https:\/\/wat-tunisia.com\/en\/wp-json\/wp\/v2\/product_brand?post=5292"},{"taxonomy":"product_cat","embeddable":true,"href":"https:\/\/wat-tunisia.com\/en\/wp-json\/wp\/v2\/product_cat?post=5292"},{"taxonomy":"product_tag","embeddable":true,"href":"https:\/\/wat-tunisia.com\/en\/wp-json\/wp\/v2\/product_tag?post=5292"}],"curies":[{"name":"wp","href":"https:\/\/api.w.org\/{rel}","templated":true}]}}