{"id":5284,"date":"2025-11-11T10:06:21","date_gmt":"2025-11-11T09:06:21","guid":{"rendered":"https:\/\/wat-tunisia.com\/?post_type=product&#038;p=5284"},"modified":"2025-11-11T10:10:31","modified_gmt":"2025-11-11T09:10:31","slug":"hepatex-cr-ws","status":"publish","type":"product","link":"https:\/\/wat-tunisia.com\/en\/product\/hepatex-cr-ws\/","title":{"rendered":"Hepatex CR-WS"},"content":{"rendered":"","protected":false},"excerpt":{"rendered":"<div class=\"woocommerce-product-details__short-description\">\n<div class=\"show-more\">\n<div class=\"woocommerce-product-details__short-description\">\n<div class=\"show-more\">\n<div class=\"woocommerce-product-details__short-description\">\n<div class=\"show-more\">\n<div class=\"web-panel\">\n<div class=\"container\">\n<div class=\"row\">\n<div class=\"col-sm-7\">\n<div id=\"myTabContent\" class=\"tab-content\">\n<div id=\"apercu\" class=\"tab-pane fade in active\">\n<div>\n<p>Les filtres Hepatex CR-WS sont des filtres \u00e0 particules submicroniques \u00e0 haute efficacit\u00e9 con\u00e7us pour prot\u00e9ger les personnes, les \u00e9quipements et les proc\u00e9d\u00e9s contre la contamination particulaire dans l&rsquo;air.<\/p>\n<p>Les filtres Hepatex CR-WS sont utilis\u00e9s dans des situations n\u00e9cessitant des niveaux \u00e9lev\u00e9s de puret\u00e9 de l&rsquo;air.<\/p>\n<p>Ils sont principalement con\u00e7us comme filtres d&rsquo;admission pour les plafonds de salle blanche \u00e0 faible turbulence (ou \u00e0 flux laminaire) et les \u00e9tablis propres.<\/p>\n<p>Des applications typiques peuvent \u00eatre trouv\u00e9es en m\u00e9decine, chimie, pharmacie, microbiologie, h\u00f4pital, laboratoires et industrie alimentaire.<\/p>\n<p>Les filtres Hepatex CR-WS offrent un rendement \u00e9lev\u00e9 et sont con\u00e7us pour une large gamme d&rsquo;applications d&rsquo;air \u00abpropre\u00bb.<\/p>\n<p>Les filtres CR-WS conviennent aux exigences les plus strictes en salle blanche jusqu&rsquo;\u00e0 la classe 1 (ISO16644-1) et pour les zones pharmaceutiques st\u00e9riles de classe A.<\/p>\n<\/div>\n<\/div>\n<\/div>\n<\/div>\n<\/div>\n<\/div>\n<\/div>\n<p><a href=\"https:\/\/wat-tunisia.com\/wp-content\/uploads\/2025\/11\/Hepatex-CR-WS.pdf\"><img loading=\"lazy\" decoding=\"async\" class=\"alignnone wp-image-5184\" src=\"https:\/\/wat-tunisia.com\/wp-content\/uploads\/2025\/11\/document_16064382-300x300.png\" alt=\"\" width=\"43\" height=\"38\" \/><\/a><a href=\"https:\/\/wat-tunisia.com\/wp-content\/uploads\/2025\/11\/Hepatex-CR-WS.pdf\"> Fiche Technique<\/a><\/p>\n<\/div>\n<\/div>\n<\/div>\n<\/div>\n<\/div>\n<\/div>","protected":false},"featured_media":5286,"comment_status":"closed","ping_status":"closed","template":"","meta":[],"product_brand":[],"product_cat":[319,354],"product_tag":[],"class_list":{"0":"post-5284","1":"product","2":"type-product","3":"status-publish","4":"has-post-thumbnail","6":"product_cat-filtres-a-air-fr","7":"product_cat-filtres-hepa-ulpa","9":"first","10":"instock","11":"shipping-taxable","12":"product-type-simple"},"_links":{"self":[{"href":"https:\/\/wat-tunisia.com\/en\/wp-json\/wp\/v2\/product\/5284","targetHints":{"allow":["GET"]}}],"collection":[{"href":"https:\/\/wat-tunisia.com\/en\/wp-json\/wp\/v2\/product"}],"about":[{"href":"https:\/\/wat-tunisia.com\/en\/wp-json\/wp\/v2\/types\/product"}],"replies":[{"embeddable":true,"href":"https:\/\/wat-tunisia.com\/en\/wp-json\/wp\/v2\/comments?post=5284"}],"wp:featuredmedia":[{"embeddable":true,"href":"https:\/\/wat-tunisia.com\/en\/wp-json\/wp\/v2\/media\/5286"}],"wp:attachment":[{"href":"https:\/\/wat-tunisia.com\/en\/wp-json\/wp\/v2\/media?parent=5284"}],"wp:term":[{"taxonomy":"product_brand","embeddable":true,"href":"https:\/\/wat-tunisia.com\/en\/wp-json\/wp\/v2\/product_brand?post=5284"},{"taxonomy":"product_cat","embeddable":true,"href":"https:\/\/wat-tunisia.com\/en\/wp-json\/wp\/v2\/product_cat?post=5284"},{"taxonomy":"product_tag","embeddable":true,"href":"https:\/\/wat-tunisia.com\/en\/wp-json\/wp\/v2\/product_tag?post=5284"}],"curies":[{"name":"wp","href":"https:\/\/api.w.org\/{rel}","templated":true}]}}