{"id":5280,"date":"2025-11-11T09:49:43","date_gmt":"2025-11-11T08:49:43","guid":{"rendered":"https:\/\/wat-tunisia.com\/?post_type=product&#038;p=5280"},"modified":"2025-11-11T10:05:44","modified_gmt":"2025-11-11T09:05:44","slug":"hepatex-n","status":"publish","type":"product","link":"https:\/\/wat-tunisia.com\/en\/product\/hepatex-n\/","title":{"rendered":"Hepatex N"},"content":{"rendered":"","protected":false},"excerpt":{"rendered":"<div class=\"woocommerce-product-details__short-description\">\n<div class=\"show-more\">\n<div class=\"woocommerce-product-details__short-description\">\n<div class=\"show-more\">\n<div class=\"woocommerce-product-details__short-description\">\n<div class=\"show-more\">\n<p>Rigides, robustes et compacts: les Hepatex N sont con\u00e7us pour offrir performance et s\u00e9curit\u00e9 dans tous les types d&rsquo;applications.<\/p>\n<p>Les filtres Hepatex N sont fabriqu\u00e9s selon les dimensions standard internationales et con\u00e7us pour la s\u00e9paration des mati\u00e8res en suspension dans les syst\u00e8mes d&rsquo;alimentation et d&rsquo;\u00e9vacuation d&rsquo;air dans l&rsquo;industrie, les applications en salle blanche, les installations m\u00e9dicales et nucl\u00e9aires.<\/p>\n<p>Pour des vitesses d&rsquo;\u00e9coulement allant jusqu&rsquo;\u00e0 3 m \/ s (volumes d&rsquo;air jusqu&rsquo;\u00e0 4000 m\u00b3 \/ h), les filtres Hepatex N sont disponibles en diff\u00e9rentes densit\u00e9s de conditionnement ainsi qu&rsquo;avec une vari\u00e9t\u00e9 de mat\u00e9riaux de bo\u00eetiers et de joints.<\/p>\n<p>Disponible en tant que filtre EPA, filtre HEPA ou filtre ULPA, Hepatex N est unique en ce qui concerne sa construction compacte et robuste avec une plaque frontale et terminale en une pi\u00e8ce, minimisant les risques de dommages et maximisant la dur\u00e9e de vie en permettant une grande surface active .<\/p>\n<p><a href=\"https:\/\/wat-tunisia.com\/wp-content\/uploads\/2025\/11\/Hepatex-N.pdf\"><img loading=\"lazy\" decoding=\"async\" class=\"alignnone wp-image-5184\" src=\"https:\/\/wat-tunisia.com\/wp-content\/uploads\/2025\/11\/document_16064382-300x300.png\" alt=\"\" width=\"43\" height=\"38\" \/><\/a><a href=\"https:\/\/wat-tunisia.com\/wp-content\/uploads\/2025\/11\/Hepatex-N.pdf\"> Fiche Technique<\/a><\/p>\n<\/div>\n<\/div>\n<\/div>\n<\/div>\n<\/div>\n<\/div>","protected":false},"featured_media":5282,"comment_status":"closed","ping_status":"closed","template":"","meta":[],"product_brand":[],"product_cat":[319,354],"product_tag":[],"class_list":{"0":"post-5280","1":"product","2":"type-product","3":"status-publish","4":"has-post-thumbnail","6":"product_cat-filtres-a-air-fr","7":"product_cat-filtres-hepa-ulpa","9":"first","10":"instock","11":"shipping-taxable","12":"product-type-simple"},"_links":{"self":[{"href":"https:\/\/wat-tunisia.com\/en\/wp-json\/wp\/v2\/product\/5280","targetHints":{"allow":["GET"]}}],"collection":[{"href":"https:\/\/wat-tunisia.com\/en\/wp-json\/wp\/v2\/product"}],"about":[{"href":"https:\/\/wat-tunisia.com\/en\/wp-json\/wp\/v2\/types\/product"}],"replies":[{"embeddable":true,"href":"https:\/\/wat-tunisia.com\/en\/wp-json\/wp\/v2\/comments?post=5280"}],"wp:featuredmedia":[{"embeddable":true,"href":"https:\/\/wat-tunisia.com\/en\/wp-json\/wp\/v2\/media\/5282"}],"wp:attachment":[{"href":"https:\/\/wat-tunisia.com\/en\/wp-json\/wp\/v2\/media?parent=5280"}],"wp:term":[{"taxonomy":"product_brand","embeddable":true,"href":"https:\/\/wat-tunisia.com\/en\/wp-json\/wp\/v2\/product_brand?post=5280"},{"taxonomy":"product_cat","embeddable":true,"href":"https:\/\/wat-tunisia.com\/en\/wp-json\/wp\/v2\/product_cat?post=5280"},{"taxonomy":"product_tag","embeddable":true,"href":"https:\/\/wat-tunisia.com\/en\/wp-json\/wp\/v2\/product_tag?post=5280"}],"curies":[{"name":"wp","href":"https:\/\/api.w.org\/{rel}","templated":true}]}}