{"id":5276,"date":"2025-11-11T09:42:47","date_gmt":"2025-11-11T08:42:47","guid":{"rendered":"https:\/\/wat-tunisia.com\/?post_type=product&#038;p=5276"},"modified":"2025-11-11T09:47:46","modified_gmt":"2025-11-11T08:47:46","slug":"micratex-fp-p-ht-copie","status":"publish","type":"product","link":"https:\/\/wat-tunisia.com\/en\/product\/micratex-fp-p-ht-copie\/","title":{"rendered":"Compatex TMP\/C"},"content":{"rendered":"","protected":false},"excerpt":{"rendered":"<div class=\"woocommerce-product-details__short-description\">\n<div class=\"show-more\">\n<div class=\"woocommerce-product-details__short-description\">\n<div class=\"show-more\">\n<div class=\"woocommerce-product-details__short-description\">\n<div class=\"show-more\">\n<p>Combinant une chute de pression \u00e0 la pointe de l&rsquo;industrie avec la capacit\u00e9 de r\u00e9tention de poussi\u00e8res la plus \u00e9lev\u00e9e et une r\u00e9sistance \u00e0 l&rsquo;\u00e9clatement in\u00e9gal\u00e9e, Compatex TMP \/ C offre une performance v\u00e9ritablement imbattable pour les applications de turbine \u00e0 gaz.<\/p>\n<p>Con\u00e7u sp\u00e9cifiquement pour la filtration d&rsquo;air \u00e0 l&rsquo;entr\u00e9e des centrales \u00e9lectriques, Compatex TMP \/ C r\u00e9pond \u00e0 toutes les exigences des derni\u00e8res turbines \u00e0 gaz, moteurs diesel et compresseurs, tout en maximisant le rendement et en minimisant les co\u00fbts.<\/p>\n<p>Choix pr\u00e9f\u00e9r\u00e9 des filtres \u00e0 air \u00e0 turbine \u00e0 gaz par les op\u00e9rateurs du monde entier, Compatex TMP \/ C a beaucoup \u00e0 faire, et il livre \u00e0 la pelle.<\/p>\n<p>Une r\u00e9sistance \u00e0 l&rsquo;\u00e9clatement in\u00e9gal\u00e9e dans l&rsquo;industrie garantit que le pire ne se produira jamais, tandis qu&rsquo;une chute de pression faible et une capacit\u00e9 \u00e9lev\u00e9e de r\u00e9tention de la poussi\u00e8re assurent une performance optimale et une longue dur\u00e9e de vie respectivement.<\/p>\n<p><a href=\"https:\/\/wat-tunisia.com\/wp-content\/uploads\/2025\/11\/Compatex-TMP-C.pdf\"><img loading=\"lazy\" decoding=\"async\" class=\"alignnone wp-image-5184\" src=\"https:\/\/wat-tunisia.com\/wp-content\/uploads\/2025\/11\/document_16064382-300x300.png\" alt=\"\" width=\"43\" height=\"38\" \/><\/a><a href=\"https:\/\/wat-tunisia.com\/wp-content\/uploads\/2025\/11\/Compatex-TMP-C.pdf\"> Fiche Technique<\/a><\/p>\n<\/div>\n<\/div>\n<\/div>\n<\/div>\n<\/div>\n<\/div>","protected":false},"featured_media":5278,"comment_status":"closed","ping_status":"closed","template":"","meta":[],"product_brand":[],"product_cat":[319,325],"product_tag":[],"class_list":{"0":"post-5276","1":"product","2":"type-product","3":"status-publish","4":"has-post-thumbnail","6":"product_cat-filtres-a-air-fr","7":"product_cat-filtres-compacts","9":"first","10":"instock","11":"shipping-taxable","12":"product-type-simple"},"_links":{"self":[{"href":"https:\/\/wat-tunisia.com\/en\/wp-json\/wp\/v2\/product\/5276","targetHints":{"allow":["GET"]}}],"collection":[{"href":"https:\/\/wat-tunisia.com\/en\/wp-json\/wp\/v2\/product"}],"about":[{"href":"https:\/\/wat-tunisia.com\/en\/wp-json\/wp\/v2\/types\/product"}],"replies":[{"embeddable":true,"href":"https:\/\/wat-tunisia.com\/en\/wp-json\/wp\/v2\/comments?post=5276"}],"wp:featuredmedia":[{"embeddable":true,"href":"https:\/\/wat-tunisia.com\/en\/wp-json\/wp\/v2\/media\/5278"}],"wp:attachment":[{"href":"https:\/\/wat-tunisia.com\/en\/wp-json\/wp\/v2\/media?parent=5276"}],"wp:term":[{"taxonomy":"product_brand","embeddable":true,"href":"https:\/\/wat-tunisia.com\/en\/wp-json\/wp\/v2\/product_brand?post=5276"},{"taxonomy":"product_cat","embeddable":true,"href":"https:\/\/wat-tunisia.com\/en\/wp-json\/wp\/v2\/product_cat?post=5276"},{"taxonomy":"product_tag","embeddable":true,"href":"https:\/\/wat-tunisia.com\/en\/wp-json\/wp\/v2\/product_tag?post=5276"}],"curies":[{"name":"wp","href":"https:\/\/api.w.org\/{rel}","templated":true}]}}