{"id":5272,"date":"2025-11-11T09:29:48","date_gmt":"2025-11-11T08:29:48","guid":{"rendered":"https:\/\/wat-tunisia.com\/?post_type=product&#038;p=5272"},"modified":"2025-11-11T09:42:14","modified_gmt":"2025-11-11T08:42:14","slug":"micratex-v-copie","status":"publish","type":"product","link":"https:\/\/wat-tunisia.com\/en\/product\/micratex-v-copie\/","title":{"rendered":"Micratex FP-P-HT"},"content":{"rendered":"","protected":false},"excerpt":{"rendered":"<div class=\"woocommerce-product-details__short-description\">\n<div class=\"show-more\">\n<div class=\"woocommerce-product-details__short-description\">\n<div class=\"show-more\">\n<div class=\"woocommerce-product-details__short-description\">\n<div class=\"show-more\">\n<p>Con\u00e7u pour fonctionner dans les environnements les plus difficiles, Micratex FP-P-HT est la version r\u00e9sistante aux hautes temp\u00e9ratures de notre populaire Micratex FP-P.<\/p>\n<p>Un ch\u00e2ssis en acier galvanis\u00e9 permet \u00e0 ce filtre \u00e0 air de fonctionner en permanence \u00e0 des temp\u00e9ratures allant jusqu&rsquo;\u00e0 120 \u00b0 C, ce qui signifie que m\u00eame dans les conditions les plus inhospitali\u00e8res, Micratex FP-P-HT conservera ses hautes performances et sa rigidit\u00e9.<\/p>\n<p>Une surface de filtre de 8,5 m\u00b2, associ\u00e9e \u00e0 une profondeur de seulement 88 mm et un poids l\u00e9ger, font du Micratex FP-P-HT une longue dur\u00e9e de vie et une faible perte de charge dans un design compact et durable<\/p>\n<p><a href=\"https:\/\/wat-tunisia.com\/wp-content\/uploads\/2025\/11\/Micratex-FP-P-HT.pdf\"><img loading=\"lazy\" decoding=\"async\" class=\"alignnone wp-image-5184\" src=\"https:\/\/wat-tunisia.com\/wp-content\/uploads\/2025\/11\/document_16064382-300x300.png\" alt=\"\" width=\"43\" height=\"38\" \/><\/a><a href=\"https:\/\/wat-tunisia.com\/wp-content\/uploads\/2025\/11\/Micratex-FP-P-HT.pdf\"> Fiche Technique<\/a><\/p>\n<\/div>\n<\/div>\n<\/div>\n<\/div>\n<\/div>\n<\/div>","protected":false},"featured_media":5274,"comment_status":"closed","ping_status":"closed","template":"","meta":[],"product_brand":[],"product_cat":[319,325],"product_tag":[],"class_list":{"0":"post-5272","1":"product","2":"type-product","3":"status-publish","4":"has-post-thumbnail","6":"product_cat-filtres-a-air-fr","7":"product_cat-filtres-compacts","9":"first","10":"instock","11":"shipping-taxable","12":"product-type-simple"},"_links":{"self":[{"href":"https:\/\/wat-tunisia.com\/en\/wp-json\/wp\/v2\/product\/5272","targetHints":{"allow":["GET"]}}],"collection":[{"href":"https:\/\/wat-tunisia.com\/en\/wp-json\/wp\/v2\/product"}],"about":[{"href":"https:\/\/wat-tunisia.com\/en\/wp-json\/wp\/v2\/types\/product"}],"replies":[{"embeddable":true,"href":"https:\/\/wat-tunisia.com\/en\/wp-json\/wp\/v2\/comments?post=5272"}],"wp:featuredmedia":[{"embeddable":true,"href":"https:\/\/wat-tunisia.com\/en\/wp-json\/wp\/v2\/media\/5274"}],"wp:attachment":[{"href":"https:\/\/wat-tunisia.com\/en\/wp-json\/wp\/v2\/media?parent=5272"}],"wp:term":[{"taxonomy":"product_brand","embeddable":true,"href":"https:\/\/wat-tunisia.com\/en\/wp-json\/wp\/v2\/product_brand?post=5272"},{"taxonomy":"product_cat","embeddable":true,"href":"https:\/\/wat-tunisia.com\/en\/wp-json\/wp\/v2\/product_cat?post=5272"},{"taxonomy":"product_tag","embeddable":true,"href":"https:\/\/wat-tunisia.com\/en\/wp-json\/wp\/v2\/product_tag?post=5272"}],"curies":[{"name":"wp","href":"https:\/\/api.w.org\/{rel}","templated":true}]}}