{"id":5268,"date":"2025-11-11T09:24:56","date_gmt":"2025-11-11T08:24:56","guid":{"rendered":"https:\/\/wat-tunisia.com\/?post_type=product&#038;p=5268"},"modified":"2025-11-11T09:29:11","modified_gmt":"2025-11-11T08:29:11","slug":"micratex-v","status":"publish","type":"product","link":"https:\/\/wat-tunisia.com\/en\/product\/micratex-v\/","title":{"rendered":"Micratex V"},"content":{"rendered":"","protected":false},"excerpt":{"rendered":"<div class=\"woocommerce-product-details__short-description\">\n<div class=\"show-more\">\n<div class=\"woocommerce-product-details__short-description\">\n<div class=\"show-more\">\n<div class=\"woocommerce-product-details__short-description\">\n<div class=\"show-more\">\n<p>\u00c9conomisez du gaspillage, des co\u00fbts et du temps avec le syst\u00e8me de filtre \u00e0 air variable Micratex V.<\/p>\n<p>Avec des \u00e9l\u00e9ments de filtre \u00e0 air rempla\u00e7ables dans un cadre compact et robuste, Micratex V fournit toutes les performances dont vous aurez besoin dans un emballage \u00e9conomique et respectueux de l&rsquo;environnement.<\/p>\n<p>Parce que vous avez seulement besoin de changer l&rsquo;\u00e9l\u00e9ment filtrant, contrairement \u00e0 l&rsquo;ensemble du filtre, Micratex V vous fait gagner du temps et de l&rsquo;argent tout au long de sa vie.<\/p>\n<p>Simple \u00e0 installer, facile \u00e0 changer et, gr\u00e2ce au fait que vous n&rsquo;avez besoin que d&rsquo;\u00e9liminer les \u00e9l\u00e9ments filtrants au moment du changement, il est rentable de les \u00e9liminer.<\/p>\n<p>Dans l&rsquo;ensemble, Micratex V offre des performances fantastiques avec un co\u00fbt de possession incroyablement bas.<\/p>\n<p>Attention: la fonction Configurer le produit \u00e0 droite correspond au syst\u00e8me complet Micratex V (cadre et panneaux). Si vous avez besoin de panneaux de remplacement, veuillez nous contacter.<\/p>\n<p><a href=\"https:\/\/wat-tunisia.com\/wp-content\/uploads\/2025\/11\/Micratex-V.pdf\"><img loading=\"lazy\" decoding=\"async\" class=\"alignnone wp-image-5184\" src=\"https:\/\/wat-tunisia.com\/wp-content\/uploads\/2025\/11\/document_16064382-300x300.png\" alt=\"\" width=\"43\" height=\"38\" \/><\/a><a href=\"https:\/\/wat-tunisia.com\/wp-content\/uploads\/2025\/11\/Micratex-V.pdf\"> Fiche Technique<\/a><\/p>\n<\/div>\n<\/div>\n<\/div>\n<\/div>\n<\/div>\n<\/div>","protected":false},"featured_media":5269,"comment_status":"closed","ping_status":"closed","template":"","meta":[],"product_brand":[],"product_cat":[319,325],"product_tag":[],"class_list":{"0":"post-5268","1":"product","2":"type-product","3":"status-publish","4":"has-post-thumbnail","6":"product_cat-filtres-a-air-fr","7":"product_cat-filtres-compacts","9":"first","10":"instock","11":"shipping-taxable","12":"product-type-simple"},"_links":{"self":[{"href":"https:\/\/wat-tunisia.com\/en\/wp-json\/wp\/v2\/product\/5268","targetHints":{"allow":["GET"]}}],"collection":[{"href":"https:\/\/wat-tunisia.com\/en\/wp-json\/wp\/v2\/product"}],"about":[{"href":"https:\/\/wat-tunisia.com\/en\/wp-json\/wp\/v2\/types\/product"}],"replies":[{"embeddable":true,"href":"https:\/\/wat-tunisia.com\/en\/wp-json\/wp\/v2\/comments?post=5268"}],"wp:featuredmedia":[{"embeddable":true,"href":"https:\/\/wat-tunisia.com\/en\/wp-json\/wp\/v2\/media\/5269"}],"wp:attachment":[{"href":"https:\/\/wat-tunisia.com\/en\/wp-json\/wp\/v2\/media?parent=5268"}],"wp:term":[{"taxonomy":"product_brand","embeddable":true,"href":"https:\/\/wat-tunisia.com\/en\/wp-json\/wp\/v2\/product_brand?post=5268"},{"taxonomy":"product_cat","embeddable":true,"href":"https:\/\/wat-tunisia.com\/en\/wp-json\/wp\/v2\/product_cat?post=5268"},{"taxonomy":"product_tag","embeddable":true,"href":"https:\/\/wat-tunisia.com\/en\/wp-json\/wp\/v2\/product_tag?post=5268"}],"curies":[{"name":"wp","href":"https:\/\/api.w.org\/{rel}","templated":true}]}}