{"id":5265,"date":"2025-11-11T09:05:38","date_gmt":"2025-11-11T08:05:38","guid":{"rendered":"https:\/\/wat-tunisia.com\/?post_type=product&#038;p=5265"},"modified":"2025-11-11T09:12:50","modified_gmt":"2025-11-11T08:12:50","slug":"ti-100","status":"publish","type":"product","link":"https:\/\/wat-tunisia.com\/en\/product\/ti-100\/","title":{"rendered":"TI-100"},"content":{"rendered":"","protected":false},"excerpt":{"rendered":"<div class=\"woocommerce-product-details__short-description\">\n<div class=\"show-more\">\n<div class=\"woocommerce-product-details__short-description\">\n<div class=\"show-more\">\n<div class=\"woocommerce-product-details__short-description\">\n<div class=\"show-more\">\n<p>Le TI-100 est un filtre \/ coalesceur \u00e0 haute efficacit\u00e9 et haute capacit\u00e9, adapt\u00e9 pour une utilisation dans des applications industrielles pour les machines tournantes comme les moteurs, les turbines \u00e0 gaz et les compresseurs \u00e0 flux continu.<\/p>\n<p><strong>M\u00e9dia<\/strong><\/p>\n<p>TI-100 est un m\u00e9dia jetable de fibres de verre continues \u00e0 densit\u00e9 progressive et recouvert d&rsquo;un adh\u00e9sif. Ces caract\u00e9ristiques conf\u00e8rent au m\u00e9dia une grande efficacit\u00e9 et une grande capacit\u00e9 de r\u00e9tention de la poussi\u00e8re. Le c\u00f4t\u00e9 de sortie d&rsquo;air de la TI-100 est vert.<\/p>\n<p><strong>Installation<\/strong><\/p>\n<p>La TI-100 a une \u00e9paisseur de 100 mm et lorsqu&rsquo;elle est install\u00e9e dans un cadre de filtre unique, le m\u00e9dia est comprim\u00e9 \u00e0 50 mm, ce qui augmente encore le rendement.<\/p>\n<p><strong>Cadre<\/strong><\/p>\n<p>Ce coalesceur peut \u00eatre install\u00e9 dans un cadre de filtre standard avec une fa\u00e7ade \u00e0 charni\u00e8re ou dans des cassettes filtrantes sp\u00e9cialement con\u00e7ues. Double cadre profond pour deux filtres en s\u00e9rie sont \u00e9galement disponibles. Les cadres sont offerts en acier galvanis\u00e9 ou en acier inoxydable.<\/p>\n<p><a href=\"https:\/\/wat-tunisia.com\/wp-content\/uploads\/2025\/11\/TI-100.pdf\"><img loading=\"lazy\" decoding=\"async\" class=\"alignnone wp-image-5184\" src=\"https:\/\/wat-tunisia.com\/wp-content\/uploads\/2025\/11\/document_16064382-300x300.png\" alt=\"\" width=\"43\" height=\"38\" \/><\/a><a href=\"https:\/\/wat-tunisia.com\/wp-content\/uploads\/2025\/11\/TI-100.pdf\"> Fiche Technique<\/a><\/p>\n<\/div>\n<\/div>\n<\/div>\n<\/div>\n<\/div>\n<\/div>","protected":false},"featured_media":5267,"comment_status":"closed","ping_status":"closed","template":"","meta":[],"product_brand":[],"product_cat":[319,325],"product_tag":[],"class_list":{"0":"post-5265","1":"product","2":"type-product","3":"status-publish","4":"has-post-thumbnail","6":"product_cat-filtres-a-air-fr","7":"product_cat-filtres-compacts","9":"first","10":"instock","11":"shipping-taxable","12":"product-type-simple"},"_links":{"self":[{"href":"https:\/\/wat-tunisia.com\/en\/wp-json\/wp\/v2\/product\/5265","targetHints":{"allow":["GET"]}}],"collection":[{"href":"https:\/\/wat-tunisia.com\/en\/wp-json\/wp\/v2\/product"}],"about":[{"href":"https:\/\/wat-tunisia.com\/en\/wp-json\/wp\/v2\/types\/product"}],"replies":[{"embeddable":true,"href":"https:\/\/wat-tunisia.com\/en\/wp-json\/wp\/v2\/comments?post=5265"}],"wp:featuredmedia":[{"embeddable":true,"href":"https:\/\/wat-tunisia.com\/en\/wp-json\/wp\/v2\/media\/5267"}],"wp:attachment":[{"href":"https:\/\/wat-tunisia.com\/en\/wp-json\/wp\/v2\/media?parent=5265"}],"wp:term":[{"taxonomy":"product_brand","embeddable":true,"href":"https:\/\/wat-tunisia.com\/en\/wp-json\/wp\/v2\/product_brand?post=5265"},{"taxonomy":"product_cat","embeddable":true,"href":"https:\/\/wat-tunisia.com\/en\/wp-json\/wp\/v2\/product_cat?post=5265"},{"taxonomy":"product_tag","embeddable":true,"href":"https:\/\/wat-tunisia.com\/en\/wp-json\/wp\/v2\/product_tag?post=5265"}],"curies":[{"name":"wp","href":"https:\/\/api.w.org\/{rel}","templated":true}]}}