{"id":5261,"date":"2025-11-11T08:30:04","date_gmt":"2025-11-11T07:30:04","guid":{"rendered":"https:\/\/wat-tunisia.com\/?post_type=product&#038;p=5261"},"modified":"2025-11-11T08:38:04","modified_gmt":"2025-11-11T07:38:04","slug":"ti-apm","status":"publish","type":"product","link":"https:\/\/wat-tunisia.com\/en\/product\/ti-apm\/","title":{"rendered":"TI-APM"},"content":{"rendered":"","protected":false},"excerpt":{"rendered":"<div class=\"woocommerce-product-details__short-description\">\n<div class=\"show-more\">\n<div class=\"woocommerce-product-details__short-description\">\n<div class=\"show-more\">\n<div class=\"woocommerce-product-details__short-description\">\n<div class=\"show-more\">\n<p>Le TI-APM combine la filtration des particules avec un excellent pouvoir hydrofuge dans un filtre.<\/p>\n<p>Parfaitement adapt\u00e9 pour une utilisation dans des applications industrielles avec des machines rotatives telles que des moteurs, des turbines \u00e0 gaz et des compresseurs \u00e0 \u00e9coulement fluide, TI-APM peut \u00eatre utilis\u00e9 dans des environnements terrestres ainsi que dans des applications marines ou offshore.<\/p>\n<p>Au c\u0153ur du TI-APM se trouve un support jetable constitu\u00e9 de fibres de verre continues \u00e0 densit\u00e9 progressive, recouvertes d&rsquo;un adh\u00e9sif.<\/p>\n<p>Ceci fournit une combinaison \u00e0 la fois de haute efficacit\u00e9 et de grande capacit\u00e9 de r\u00e9tention de la poussi\u00e8re.<\/p>\n<p>Lorsqu&rsquo;il est d\u00e9ploy\u00e9 librement, le support TI-APM a une profondeur de 120 mm, qui se comprime \u00e0 50 mm lorsqu&rsquo;il est install\u00e9 dans le cadre en acier galvanis\u00e9 ou en acier inoxydable; augmenter l&rsquo;efficacit\u00e9 plus loin.<\/p>\n<p><a href=\"https:\/\/wat-tunisia.com\/wp-content\/uploads\/2025\/11\/TI-APM.pdf\"><img loading=\"lazy\" decoding=\"async\" class=\"alignnone wp-image-5184\" src=\"https:\/\/wat-tunisia.com\/wp-content\/uploads\/2025\/11\/document_16064382-300x300.png\" alt=\"\" width=\"43\" height=\"38\" \/><\/a><a href=\"https:\/\/wat-tunisia.com\/wp-content\/uploads\/2025\/11\/TI-APM.pdf\"> Fiche Technique<\/a><\/p>\n<\/div>\n<\/div>\n<\/div>\n<\/div>\n<\/div>\n<\/div>","protected":false},"featured_media":5263,"comment_status":"closed","ping_status":"closed","template":"","meta":[],"product_brand":[],"product_cat":[319,325],"product_tag":[],"class_list":{"0":"post-5261","1":"product","2":"type-product","3":"status-publish","4":"has-post-thumbnail","6":"product_cat-filtres-a-air-fr","7":"product_cat-filtres-compacts","9":"first","10":"instock","11":"shipping-taxable","12":"product-type-simple"},"_links":{"self":[{"href":"https:\/\/wat-tunisia.com\/en\/wp-json\/wp\/v2\/product\/5261","targetHints":{"allow":["GET"]}}],"collection":[{"href":"https:\/\/wat-tunisia.com\/en\/wp-json\/wp\/v2\/product"}],"about":[{"href":"https:\/\/wat-tunisia.com\/en\/wp-json\/wp\/v2\/types\/product"}],"replies":[{"embeddable":true,"href":"https:\/\/wat-tunisia.com\/en\/wp-json\/wp\/v2\/comments?post=5261"}],"wp:featuredmedia":[{"embeddable":true,"href":"https:\/\/wat-tunisia.com\/en\/wp-json\/wp\/v2\/media\/5263"}],"wp:attachment":[{"href":"https:\/\/wat-tunisia.com\/en\/wp-json\/wp\/v2\/media?parent=5261"}],"wp:term":[{"taxonomy":"product_brand","embeddable":true,"href":"https:\/\/wat-tunisia.com\/en\/wp-json\/wp\/v2\/product_brand?post=5261"},{"taxonomy":"product_cat","embeddable":true,"href":"https:\/\/wat-tunisia.com\/en\/wp-json\/wp\/v2\/product_cat?post=5261"},{"taxonomy":"product_tag","embeddable":true,"href":"https:\/\/wat-tunisia.com\/en\/wp-json\/wp\/v2\/product_tag?post=5261"}],"curies":[{"name":"wp","href":"https:\/\/api.w.org\/{rel}","templated":true}]}}