{"id":5257,"date":"2025-11-11T08:18:18","date_gmt":"2025-11-11T07:18:18","guid":{"rendered":"https:\/\/wat-tunisia.com\/?post_type=product&#038;p=5257"},"modified":"2025-11-11T08:28:58","modified_gmt":"2025-11-11T07:28:58","slug":"macrogen-gt-duo","status":"publish","type":"product","link":"https:\/\/wat-tunisia.com\/en\/product\/macrogen-gt-duo\/","title":{"rendered":"Macrogen GT-Duo"},"content":{"rendered":"","protected":false},"excerpt":{"rendered":"<div class=\"woocommerce-product-details__short-description\">\n<div class=\"show-more\">\n<div class=\"woocommerce-product-details__short-description\">\n<div class=\"show-more\">\n<div class=\"woocommerce-product-details__short-description\">\n<div class=\"show-more\">\n<p>Macrogen GT Duo a \u00e9t\u00e9 sp\u00e9cialement con\u00e7u pour r\u00e9pondre aux besoins exacts des op\u00e9rateurs de turbines \u00e0 gaz.<\/p>\n<p>Avec une faible perte de charge initiale et une grande capacit\u00e9 de r\u00e9tention de la poussi\u00e8re, combin\u00e9e \u00e0 une hydrofugation inh\u00e9rente (coalescence et drainage), le Macrogen GT Duo r\u00e9pond \u00e0 tous les besoins des centrales \u00e9lectriques \u00e0 turbine \u00e0 gaz.<\/p>\n<p>Fabriqu\u00e9 \u00e0 partir d&rsquo;un cadre en plastique durable, la gamme de produits Macrogen GT Duo offre une excellente protection aux actifs de machines tournantes pr\u00e9cieux comme les turbines, les compresseurs et les pompes.<\/p>\n<p>\u00c9quip\u00e9 comme un pr\u00e9filtre. Macrogen GT Duo peut am\u00e9liorer les performances globales d&rsquo;une turbine, tout en occupant un espace minimal en \u00e9liminant l&rsquo;exigence d&rsquo;un \u00e9tage de coalescence suppl\u00e9mentaire.<\/p>\n<p>Le filtre est id\u00e9al pour les installations d&rsquo;admission d&rsquo;air des turbines \u00e0 gaz tropicales, c\u00f4ti\u00e8res et offshore et les concentrations de poussi\u00e8res atmosph\u00e9riques jusqu&rsquo;\u00e0 100 \u03bcg \/ m\u00b3. Ajoutez \u00e0 cela une force d&rsquo;\u00e9clatement \u00e9lev\u00e9e et il est facile de voir pourquoi cette combinaison pr\u00e9-filtre \/ coalesceur am\u00e9liorera \u00e0 la fois les performances de votre turbine et votre programme d&rsquo;entretien.<\/p>\n<p><a href=\"https:\/\/wat-tunisia.com\/wp-content\/uploads\/2025\/11\/Macrogen-GT-Duo.pdf\"><img loading=\"lazy\" decoding=\"async\" class=\"alignnone wp-image-5184\" src=\"https:\/\/wat-tunisia.com\/wp-content\/uploads\/2025\/11\/document_16064382-300x300.png\" alt=\"\" width=\"43\" height=\"38\" \/><\/a><a href=\"https:\/\/wat-tunisia.com\/wp-content\/uploads\/2025\/11\/Macrogen-GT-Duo.pdf\"> Fiche Technique<\/a><\/p>\n<\/div>\n<\/div>\n<\/div>\n<\/div>\n<\/div>\n<\/div>","protected":false},"featured_media":5259,"comment_status":"closed","ping_status":"closed","template":"","meta":[],"product_brand":[],"product_cat":[319,325],"product_tag":[],"class_list":{"0":"post-5257","1":"product","2":"type-product","3":"status-publish","4":"has-post-thumbnail","6":"product_cat-filtres-a-air-fr","7":"product_cat-filtres-compacts","9":"first","10":"instock","11":"shipping-taxable","12":"product-type-simple"},"_links":{"self":[{"href":"https:\/\/wat-tunisia.com\/en\/wp-json\/wp\/v2\/product\/5257","targetHints":{"allow":["GET"]}}],"collection":[{"href":"https:\/\/wat-tunisia.com\/en\/wp-json\/wp\/v2\/product"}],"about":[{"href":"https:\/\/wat-tunisia.com\/en\/wp-json\/wp\/v2\/types\/product"}],"replies":[{"embeddable":true,"href":"https:\/\/wat-tunisia.com\/en\/wp-json\/wp\/v2\/comments?post=5257"}],"wp:featuredmedia":[{"embeddable":true,"href":"https:\/\/wat-tunisia.com\/en\/wp-json\/wp\/v2\/media\/5259"}],"wp:attachment":[{"href":"https:\/\/wat-tunisia.com\/en\/wp-json\/wp\/v2\/media?parent=5257"}],"wp:term":[{"taxonomy":"product_brand","embeddable":true,"href":"https:\/\/wat-tunisia.com\/en\/wp-json\/wp\/v2\/product_brand?post=5257"},{"taxonomy":"product_cat","embeddable":true,"href":"https:\/\/wat-tunisia.com\/en\/wp-json\/wp\/v2\/product_cat?post=5257"},{"taxonomy":"product_tag","embeddable":true,"href":"https:\/\/wat-tunisia.com\/en\/wp-json\/wp\/v2\/product_tag?post=5257"}],"curies":[{"name":"wp","href":"https:\/\/api.w.org\/{rel}","templated":true}]}}