{"id":5253,"date":"2025-11-11T08:14:13","date_gmt":"2025-11-11T07:14:13","guid":{"rendered":"https:\/\/wat-tunisia.com\/?post_type=product&#038;p=5253"},"modified":"2025-11-11T08:17:46","modified_gmt":"2025-11-11T07:17:46","slug":"micratex-fp","status":"publish","type":"product","link":"https:\/\/wat-tunisia.com\/en\/product\/micratex-fp\/","title":{"rendered":"MICRATEX FP"},"content":{"rendered":"","protected":false},"excerpt":{"rendered":"<div class=\"woocommerce-product-details__short-description\">\n<div class=\"show-more\">\n<div class=\"woocommerce-product-details__short-description\">\n<div class=\"show-more\">\n<div class=\"woocommerce-product-details__short-description\">\n<div class=\"show-more\">\n<p>Id\u00e9al pour une utilisation dans les syst\u00e8mes CVC o\u00f9 l&rsquo;espace est limit\u00e9, Micratex P fournit une performance fiable \u00e0 partir d&rsquo;une forme compacte.<\/p>\n<p>Deux versions sont disponibles: le plus profond Micratex P emballe 12,8 m\u00b2 de support dans son cadre de 96 mm de profondeur, tandis qu&rsquo;une version de 48 mm est con\u00e7ue pour une utilisation dans des espaces vraiment r\u00e9duits.<\/p>\n<p>L&rsquo;armature en plastique r\u00e9sistante \u00e0 l&rsquo;humidit\u00e9 fournit la robustesse et la rigidit\u00e9 dans toutes les conditions, et comporte un profil creux pour r\u00e9duire au minimum le poids et pour simplifier l&rsquo;installation.<\/p>\n<p>Le microfiltre pliss\u00e9 mini-verre offre une excellente s\u00e9paration des particules et les s\u00e9parateurs thermofusibles assurent un flux d&rsquo;air uniforme \u00e0 travers la zone du filtre.<\/p>\n<p><a href=\"https:\/\/wat-tunisia.com\/wp-content\/uploads\/2025\/11\/MICRATEX-FP.pdf\"><img loading=\"lazy\" decoding=\"async\" class=\"alignnone wp-image-5184\" src=\"https:\/\/wat-tunisia.com\/wp-content\/uploads\/2025\/11\/document_16064382-300x300.png\" alt=\"\" width=\"43\" height=\"38\" \/><\/a><a href=\"https:\/\/wat-tunisia.com\/wp-content\/uploads\/2025\/11\/MICRATEX-FP.pdf\"> Fiche Technique<\/a><\/p>\n<\/div>\n<\/div>\n<\/div>\n<\/div>\n<\/div>\n<\/div>","protected":false},"featured_media":5254,"comment_status":"closed","ping_status":"closed","template":"","meta":[],"product_brand":[],"product_cat":[319,325],"product_tag":[],"class_list":{"0":"post-5253","1":"product","2":"type-product","3":"status-publish","4":"has-post-thumbnail","6":"product_cat-filtres-a-air-fr","7":"product_cat-filtres-compacts","9":"first","10":"instock","11":"shipping-taxable","12":"product-type-simple"},"_links":{"self":[{"href":"https:\/\/wat-tunisia.com\/en\/wp-json\/wp\/v2\/product\/5253","targetHints":{"allow":["GET"]}}],"collection":[{"href":"https:\/\/wat-tunisia.com\/en\/wp-json\/wp\/v2\/product"}],"about":[{"href":"https:\/\/wat-tunisia.com\/en\/wp-json\/wp\/v2\/types\/product"}],"replies":[{"embeddable":true,"href":"https:\/\/wat-tunisia.com\/en\/wp-json\/wp\/v2\/comments?post=5253"}],"wp:featuredmedia":[{"embeddable":true,"href":"https:\/\/wat-tunisia.com\/en\/wp-json\/wp\/v2\/media\/5254"}],"wp:attachment":[{"href":"https:\/\/wat-tunisia.com\/en\/wp-json\/wp\/v2\/media?parent=5253"}],"wp:term":[{"taxonomy":"product_brand","embeddable":true,"href":"https:\/\/wat-tunisia.com\/en\/wp-json\/wp\/v2\/product_brand?post=5253"},{"taxonomy":"product_cat","embeddable":true,"href":"https:\/\/wat-tunisia.com\/en\/wp-json\/wp\/v2\/product_cat?post=5253"},{"taxonomy":"product_tag","embeddable":true,"href":"https:\/\/wat-tunisia.com\/en\/wp-json\/wp\/v2\/product_tag?post=5253"}],"curies":[{"name":"wp","href":"https:\/\/api.w.org\/{rel}","templated":true}]}}