{"id":5249,"date":"2025-11-10T15:01:53","date_gmt":"2025-11-10T14:01:53","guid":{"rendered":"https:\/\/wat-tunisia.com\/?post_type=product&#038;p=5249"},"modified":"2025-11-10T15:05:32","modified_gmt":"2025-11-10T14:05:32","slug":"compatex-fp","status":"publish","type":"product","link":"https:\/\/wat-tunisia.com\/en\/product\/compatex-fp\/","title":{"rendered":"Compatex FP"},"content":{"rendered":"","protected":false},"excerpt":{"rendered":"<div class=\"woocommerce-product-details__short-description\">\n<div class=\"show-more\">\n<div class=\"woocommerce-product-details__short-description\">\n<div class=\"show-more\">\n<div class=\"woocommerce-product-details__short-description\">\n<div class=\"show-more\">\n<p>Gr\u00e2ce \u00e0 une conception robuste et peu encombrante de 20 m\u00b2 de mat\u00e9riau filtrant, Compatex FP offre des performances de filtration d&rsquo;air maximales \u00e0 partir d&rsquo;une taille minimale.<\/p>\n<p>Gr\u00e2ce \u00e0 un m\u00e9dia tr\u00e8s efficace, pliss\u00e9 en tapis et mont\u00e9 dans un cadre autoporteur rigide, Compatex FP offre une capacit\u00e9 de r\u00e9tention de la poussi\u00e8re exceptionnelle, ainsi qu&rsquo;une r\u00e9sistance \u00e9lev\u00e9e \u00e0 l&rsquo;\u00e9clatement.<\/p>\n<p>Cette conception ing\u00e9nieuse du filtre \u00e0 air \u00e9limine \u00e9galement la migration de la poussi\u00e8re et la perte de fibre.<\/p>\n<p>De plus, avec un ch\u00e2ssis enti\u00e8rement incin\u00e9rable construit \u00e0 partir de mat\u00e9riaux recyclables et une faible perte de charge qui r\u00e9duit la consommation d&rsquo;\u00e9nergie, Compatex FP a \u00e9t\u00e9 con\u00e7u pour minimiser son impact sur l&rsquo;environnement, tout en r\u00e9duisant vos \u00e9missions de CO<sub>2<\/sub>.<\/p>\n<p><a href=\"https:\/\/wat-tunisia.com\/wp-content\/uploads\/2025\/11\/Compatex-FP.pdf\"><img loading=\"lazy\" decoding=\"async\" class=\"alignnone wp-image-5184\" src=\"https:\/\/wat-tunisia.com\/wp-content\/uploads\/2025\/11\/document_16064382-300x300.png\" alt=\"\" width=\"43\" height=\"38\" \/><\/a><a href=\"https:\/\/wat-tunisia.com\/wp-content\/uploads\/2025\/11\/Compatex-FP.pdf\"> Fiche Technique<\/a><\/p>\n<\/div>\n<\/div>\n<\/div>\n<\/div>\n<\/div>\n<\/div>","protected":false},"featured_media":5250,"comment_status":"closed","ping_status":"closed","template":"","meta":[],"product_brand":[],"product_cat":[319,325],"product_tag":[],"class_list":{"0":"post-5249","1":"product","2":"type-product","3":"status-publish","4":"has-post-thumbnail","6":"product_cat-filtres-a-air-fr","7":"product_cat-filtres-compacts","9":"first","10":"instock","11":"shipping-taxable","12":"product-type-simple"},"_links":{"self":[{"href":"https:\/\/wat-tunisia.com\/en\/wp-json\/wp\/v2\/product\/5249","targetHints":{"allow":["GET"]}}],"collection":[{"href":"https:\/\/wat-tunisia.com\/en\/wp-json\/wp\/v2\/product"}],"about":[{"href":"https:\/\/wat-tunisia.com\/en\/wp-json\/wp\/v2\/types\/product"}],"replies":[{"embeddable":true,"href":"https:\/\/wat-tunisia.com\/en\/wp-json\/wp\/v2\/comments?post=5249"}],"wp:featuredmedia":[{"embeddable":true,"href":"https:\/\/wat-tunisia.com\/en\/wp-json\/wp\/v2\/media\/5250"}],"wp:attachment":[{"href":"https:\/\/wat-tunisia.com\/en\/wp-json\/wp\/v2\/media?parent=5249"}],"wp:term":[{"taxonomy":"product_brand","embeddable":true,"href":"https:\/\/wat-tunisia.com\/en\/wp-json\/wp\/v2\/product_brand?post=5249"},{"taxonomy":"product_cat","embeddable":true,"href":"https:\/\/wat-tunisia.com\/en\/wp-json\/wp\/v2\/product_cat?post=5249"},{"taxonomy":"product_tag","embeddable":true,"href":"https:\/\/wat-tunisia.com\/en\/wp-json\/wp\/v2\/product_tag?post=5249"}],"curies":[{"name":"wp","href":"https:\/\/api.w.org\/{rel}","templated":true}]}}