{"id":5230,"date":"2025-11-10T13:17:49","date_gmt":"2025-11-10T12:17:49","guid":{"rendered":"https:\/\/wat-tunisia.com\/?post_type=product&#038;p=5230"},"modified":"2025-11-10T14:03:51","modified_gmt":"2025-11-10T13:03:51","slug":"novatex-gt-ii","status":"publish","type":"product","link":"https:\/\/wat-tunisia.com\/en\/product\/novatex-gt-ii\/","title":{"rendered":"Novatex GT II"},"content":{"rendered":"","protected":false},"excerpt":{"rendered":"<div class=\"woocommerce-product-details__short-description\">\n<div class=\"show-more\">\n<div class=\"woocommerce-product-details__short-description\">\n<div class=\"show-more\">\n<div class=\"woocommerce-product-details__short-description\">\n<div class=\"show-more\">\n<p>Avec d&rsquo;excellentes capacit\u00e9s de r\u00e9tention de la poussi\u00e8re, les filtres \u00e0 manches Novatex GT II offrent une dur\u00e9e de vie plus longue pour vous faciliter la t\u00e2che.<\/p>\n<p>R\u00e9duction des co\u00fbts de filtration, r\u00e9duction des co\u00fbts de maintenance, moins de remplacements, moins \u00e0 \u00e9liminer &#8211; Novatex GT II vous fera \u00e9conomiser du temps et de l&rsquo;argent.<\/p>\n<p>Avec des poches rigides, une faible perte de charge et un milieu \u00e0 structure progressive, Novatex GT II prouve qu&rsquo;une longue dur\u00e9e de vie ne doit pas se faire au d\u00e9triment de la performance et, avec une gamme de tailles et d&rsquo;efficacit\u00e9 de filtration, une combinaison adapt\u00e9e \u00e0 toutes les exigences.<\/p>\n<p><a href=\"https:\/\/wat-tunisia.com\/wp-content\/uploads\/2025\/11\/Novatex-GT-II.pdf\"><img loading=\"lazy\" decoding=\"async\" class=\"alignnone wp-image-5184\" src=\"https:\/\/wat-tunisia.com\/wp-content\/uploads\/2025\/11\/document_16064382-300x300.png\" alt=\"\" width=\"43\" height=\"38\" \/><\/a><a href=\"https:\/\/wat-tunisia.com\/wp-content\/uploads\/2025\/11\/Novatex-GT-II.pdf\"> Fiche Technique<\/a><\/p>\n<\/div>\n<\/div>\n<\/div>\n<\/div>\n<\/div>\n<\/div>","protected":false},"featured_media":5231,"comment_status":"closed","ping_status":"closed","template":"","meta":[],"product_brand":[],"product_cat":[319,323],"product_tag":[],"class_list":{"0":"post-5230","1":"product","2":"type-product","3":"status-publish","4":"has-post-thumbnail","6":"product_cat-filtres-a-air-fr","7":"product_cat-filtres-a-poches","9":"first","10":"instock","11":"shipping-taxable","12":"product-type-simple"},"_links":{"self":[{"href":"https:\/\/wat-tunisia.com\/en\/wp-json\/wp\/v2\/product\/5230","targetHints":{"allow":["GET"]}}],"collection":[{"href":"https:\/\/wat-tunisia.com\/en\/wp-json\/wp\/v2\/product"}],"about":[{"href":"https:\/\/wat-tunisia.com\/en\/wp-json\/wp\/v2\/types\/product"}],"replies":[{"embeddable":true,"href":"https:\/\/wat-tunisia.com\/en\/wp-json\/wp\/v2\/comments?post=5230"}],"wp:featuredmedia":[{"embeddable":true,"href":"https:\/\/wat-tunisia.com\/en\/wp-json\/wp\/v2\/media\/5231"}],"wp:attachment":[{"href":"https:\/\/wat-tunisia.com\/en\/wp-json\/wp\/v2\/media?parent=5230"}],"wp:term":[{"taxonomy":"product_brand","embeddable":true,"href":"https:\/\/wat-tunisia.com\/en\/wp-json\/wp\/v2\/product_brand?post=5230"},{"taxonomy":"product_cat","embeddable":true,"href":"https:\/\/wat-tunisia.com\/en\/wp-json\/wp\/v2\/product_cat?post=5230"},{"taxonomy":"product_tag","embeddable":true,"href":"https:\/\/wat-tunisia.com\/en\/wp-json\/wp\/v2\/product_tag?post=5230"}],"curies":[{"name":"wp","href":"https:\/\/api.w.org\/{rel}","templated":true}]}}