{"id":5226,"date":"2025-11-10T13:09:33","date_gmt":"2025-11-10T12:09:33","guid":{"rendered":"https:\/\/wat-tunisia.com\/?post_type=product&#038;p=5226"},"modified":"2025-11-10T13:16:50","modified_gmt":"2025-11-10T12:16:50","slug":"fibatex","status":"publish","type":"product","link":"https:\/\/wat-tunisia.com\/en\/product\/fibatex\/","title":{"rendered":"Fibatex"},"content":{"rendered":"","protected":false},"excerpt":{"rendered":"<div class=\"woocommerce-product-details__short-description\">\n<div class=\"show-more\">\n<div class=\"woocommerce-product-details__short-description\">\n<div class=\"show-more\">\n<div class=\"woocommerce-product-details__short-description\">\n<div class=\"show-more\">\n<p>Avec une temp\u00e9rature de fonctionnement maximale de 100 \u00b0 C, Fibatex est con\u00e7u pour fonctionner dans les environnements les plus extr\u00eames.<\/p>\n<p>Avec des poches compos\u00e9es de fibres de verre micro-fines superpos\u00e9es et une couche de recouvrement suppl\u00e9mentaire du c\u00f4t\u00e9 de l&rsquo;air propre pour \u00e9liminer la perte, Fibatex est id\u00e9al pour une utilisation dans un certain nombre d&rsquo;applications comme pr\u00e9filtre et filtre primaire.<\/p>\n<p>Des points scell\u00e9s, un cadre rigide anti-corrosion et une grande capacit\u00e9 de r\u00e9tention de la poussi\u00e8re permettent \u00e0 Fibatex de combiner un fonctionnement efficace et une longue dur\u00e9e de vie.<\/p>\n<p><a href=\"https:\/\/wat-tunisia.com\/wp-content\/uploads\/2025\/11\/Fibatex.pdf\"><img loading=\"lazy\" decoding=\"async\" class=\"alignnone wp-image-5184\" src=\"https:\/\/wat-tunisia.com\/wp-content\/uploads\/2025\/11\/document_16064382-300x300.png\" alt=\"\" width=\"43\" height=\"38\" \/><\/a><a href=\"https:\/\/wat-tunisia.com\/wp-content\/uploads\/2025\/11\/Fibatex.pdf\"> Fiche Technique<\/a><\/p>\n<\/div>\n<\/div>\n<\/div>\n<\/div>\n<\/div>\n<\/div>","protected":false},"featured_media":5228,"comment_status":"closed","ping_status":"closed","template":"","meta":[],"product_brand":[],"product_cat":[319,323],"product_tag":[],"class_list":{"0":"post-5226","1":"product","2":"type-product","3":"status-publish","4":"has-post-thumbnail","6":"product_cat-filtres-a-air-fr","7":"product_cat-filtres-a-poches","9":"first","10":"instock","11":"shipping-taxable","12":"product-type-simple"},"_links":{"self":[{"href":"https:\/\/wat-tunisia.com\/en\/wp-json\/wp\/v2\/product\/5226","targetHints":{"allow":["GET"]}}],"collection":[{"href":"https:\/\/wat-tunisia.com\/en\/wp-json\/wp\/v2\/product"}],"about":[{"href":"https:\/\/wat-tunisia.com\/en\/wp-json\/wp\/v2\/types\/product"}],"replies":[{"embeddable":true,"href":"https:\/\/wat-tunisia.com\/en\/wp-json\/wp\/v2\/comments?post=5226"}],"wp:featuredmedia":[{"embeddable":true,"href":"https:\/\/wat-tunisia.com\/en\/wp-json\/wp\/v2\/media\/5228"}],"wp:attachment":[{"href":"https:\/\/wat-tunisia.com\/en\/wp-json\/wp\/v2\/media?parent=5226"}],"wp:term":[{"taxonomy":"product_brand","embeddable":true,"href":"https:\/\/wat-tunisia.com\/en\/wp-json\/wp\/v2\/product_brand?post=5226"},{"taxonomy":"product_cat","embeddable":true,"href":"https:\/\/wat-tunisia.com\/en\/wp-json\/wp\/v2\/product_cat?post=5226"},{"taxonomy":"product_tag","embeddable":true,"href":"https:\/\/wat-tunisia.com\/en\/wp-json\/wp\/v2\/product_tag?post=5226"}],"curies":[{"name":"wp","href":"https:\/\/api.w.org\/{rel}","templated":true}]}}