{"id":5222,"date":"2025-11-10T13:04:19","date_gmt":"2025-11-10T12:04:19","guid":{"rendered":"https:\/\/wat-tunisia.com\/?post_type=product&#038;p=5222"},"modified":"2025-11-10T13:08:17","modified_gmt":"2025-11-10T12:08:17","slug":"novatex","status":"publish","type":"product","link":"https:\/\/wat-tunisia.com\/en\/product\/novatex\/","title":{"rendered":"Novatex"},"content":{"rendered":"","protected":false},"excerpt":{"rendered":"<div class=\"woocommerce-product-details__short-description\">\n<div class=\"show-more\">\n<div class=\"woocommerce-product-details__short-description\">\n<div class=\"show-more\">\n<div class=\"woocommerce-product-details__short-description\">\n<div class=\"show-more\">\n<p>Choisissez une vie plus longue avec Novatex.<\/p>\n<p>Avec d&rsquo;excellentes capacit\u00e9s de r\u00e9tention de la poussi\u00e8re, les filtres \u00e0 manches Novatex offrent une dur\u00e9e de vie plus longue pour vous faciliter la t\u00e2che.<\/p>\n<p>D\u00e9pense de filtre \u00e0 air r\u00e9duite, co\u00fbts de maintenance r\u00e9duits, moins de remplacements, moins \u00e0 \u00e9liminer &#8211; Novatex vous fera \u00e9conomiser du temps et de l&rsquo;argent.<\/p>\n<p>Avec des poches rigides, une faible perte de charge et un support \u00e0 structure progressive, Novatex prouve qu&rsquo;une longue dur\u00e9e de vie ne doit pas se faire au d\u00e9triment des performances et, avec une large gamme de tailles et d&rsquo;efficacit\u00e9 de filtration, il existe une combinaison pour tous exigences.<\/p>\n<p><a href=\"https:\/\/wat-tunisia.com\/wp-content\/uploads\/2025\/11\/Novatex.pdf\"><img loading=\"lazy\" decoding=\"async\" class=\"alignnone wp-image-5184\" src=\"https:\/\/wat-tunisia.com\/wp-content\/uploads\/2025\/11\/document_16064382-300x300.png\" alt=\"\" width=\"43\" height=\"38\" \/><\/a><a href=\"https:\/\/wat-tunisia.com\/wp-content\/uploads\/2025\/11\/Novatex.pdf\"> Fiche Technique<\/a><\/p>\n<\/div>\n<\/div>\n<\/div>\n<\/div>\n<\/div>\n<\/div>","protected":false},"featured_media":5223,"comment_status":"closed","ping_status":"closed","template":"","meta":[],"product_brand":[],"product_cat":[319,323],"product_tag":[],"class_list":{"0":"post-5222","1":"product","2":"type-product","3":"status-publish","4":"has-post-thumbnail","6":"product_cat-filtres-a-air-fr","7":"product_cat-filtres-a-poches","9":"first","10":"instock","11":"shipping-taxable","12":"product-type-simple"},"_links":{"self":[{"href":"https:\/\/wat-tunisia.com\/en\/wp-json\/wp\/v2\/product\/5222","targetHints":{"allow":["GET"]}}],"collection":[{"href":"https:\/\/wat-tunisia.com\/en\/wp-json\/wp\/v2\/product"}],"about":[{"href":"https:\/\/wat-tunisia.com\/en\/wp-json\/wp\/v2\/types\/product"}],"replies":[{"embeddable":true,"href":"https:\/\/wat-tunisia.com\/en\/wp-json\/wp\/v2\/comments?post=5222"}],"wp:featuredmedia":[{"embeddable":true,"href":"https:\/\/wat-tunisia.com\/en\/wp-json\/wp\/v2\/media\/5223"}],"wp:attachment":[{"href":"https:\/\/wat-tunisia.com\/en\/wp-json\/wp\/v2\/media?parent=5222"}],"wp:term":[{"taxonomy":"product_brand","embeddable":true,"href":"https:\/\/wat-tunisia.com\/en\/wp-json\/wp\/v2\/product_brand?post=5222"},{"taxonomy":"product_cat","embeddable":true,"href":"https:\/\/wat-tunisia.com\/en\/wp-json\/wp\/v2\/product_cat?post=5222"},{"taxonomy":"product_tag","embeddable":true,"href":"https:\/\/wat-tunisia.com\/en\/wp-json\/wp\/v2\/product_tag?post=5222"}],"curies":[{"name":"wp","href":"https:\/\/api.w.org\/{rel}","templated":true}]}}