{"id":5218,"date":"2025-11-10T12:56:00","date_gmt":"2025-11-10T11:56:00","guid":{"rendered":"https:\/\/wat-tunisia.com\/?post_type=product&#038;p=5218"},"modified":"2025-11-10T13:01:40","modified_gmt":"2025-11-10T12:01:40","slug":"revo-ii","status":"publish","type":"product","link":"https:\/\/wat-tunisia.com\/en\/product\/revo-ii\/","title":{"rendered":"Revo II"},"content":{"rendered":"","protected":false},"excerpt":{"rendered":"<div class=\"woocommerce-product-details__short-description\">\n<div class=\"show-more\">\n<div class=\"woocommerce-product-details__short-description\">\n<div class=\"show-more\">\n<div class=\"woocommerce-product-details__short-description\">\n<div class=\"show-more\">\n<p>Tout comme la premi\u00e8re incarnation a r\u00e9volutionn\u00e9 la conception des filtres \u00e0 manches, Revo II repousse encore plus loin les limites de la technologie des filtres.<\/p>\n<p>Avec un m\u00e9dia synth\u00e9tique de pointe int\u00e9grant des nanofibres, Revo II offre une capacit\u00e9 de r\u00e9tention de la poussi\u00e8re et une dur\u00e9e de vie remarquables tout en maintenant une faible perte de charge.<\/p>\n<p>Alors que le filtre \u00e0 sac Revo II conserve de nombreuses caract\u00e9ristiques qui ont fait son pr\u00e9d\u00e9cesseur un tel succ\u00e8s, l&rsquo;avantage le plus notable par rapport au mod\u00e8le pr\u00e9c\u00e9dent est la dur\u00e9e de vie suppl\u00e9mentaire.<\/p>\n<p>Gr\u00e2ce \u00e0 un m\u00e9dia filtrant unique, Revo II permet de doubler la dur\u00e9e de vie du mod\u00e8le pr\u00e9c\u00e9dent, qui b\u00e9n\u00e9ficiait d\u00e9j\u00e0 d&rsquo;une excellente long\u00e9vit\u00e9.<\/p>\n<p>Cependant, cette dur\u00e9e de vie suppl\u00e9mentaire ne se fait pas au d\u00e9triment de la performance. En effet, les niveaux d&rsquo;efficacit\u00e9 sont am\u00e9lior\u00e9s pour toutes les qualit\u00e9s de filtration.<\/p>\n<p>Et, avec des efficacit\u00e9s de test initiales et minimales \u00e9galement am\u00e9lior\u00e9es, Revo II r\u00e9pond confortablement aux exigences de la norme EN 779: 2012.<\/p>\n<p><a href=\"https:\/\/wat-tunisia.com\/wp-content\/uploads\/2025\/11\/Revo-II.pdf\"><img loading=\"lazy\" decoding=\"async\" class=\"alignnone wp-image-5184\" src=\"https:\/\/wat-tunisia.com\/wp-content\/uploads\/2025\/11\/document_16064382-300x300.png\" alt=\"\" width=\"43\" height=\"38\" \/><\/a><a href=\"https:\/\/wat-tunisia.com\/wp-content\/uploads\/2025\/11\/Revo-II.pdf\"> Fiche Technique<\/a><\/p>\n<\/div>\n<\/div>\n<\/div>\n<\/div>\n<\/div>\n<\/div>","protected":false},"featured_media":5220,"comment_status":"closed","ping_status":"closed","template":"","meta":[],"product_brand":[],"product_cat":[319,323],"product_tag":[],"class_list":{"0":"post-5218","1":"product","2":"type-product","3":"status-publish","4":"has-post-thumbnail","6":"product_cat-filtres-a-air-fr","7":"product_cat-filtres-a-poches","9":"first","10":"instock","11":"shipping-taxable","12":"product-type-simple"},"_links":{"self":[{"href":"https:\/\/wat-tunisia.com\/en\/wp-json\/wp\/v2\/product\/5218","targetHints":{"allow":["GET"]}}],"collection":[{"href":"https:\/\/wat-tunisia.com\/en\/wp-json\/wp\/v2\/product"}],"about":[{"href":"https:\/\/wat-tunisia.com\/en\/wp-json\/wp\/v2\/types\/product"}],"replies":[{"embeddable":true,"href":"https:\/\/wat-tunisia.com\/en\/wp-json\/wp\/v2\/comments?post=5218"}],"wp:featuredmedia":[{"embeddable":true,"href":"https:\/\/wat-tunisia.com\/en\/wp-json\/wp\/v2\/media\/5220"}],"wp:attachment":[{"href":"https:\/\/wat-tunisia.com\/en\/wp-json\/wp\/v2\/media?parent=5218"}],"wp:term":[{"taxonomy":"product_brand","embeddable":true,"href":"https:\/\/wat-tunisia.com\/en\/wp-json\/wp\/v2\/product_brand?post=5218"},{"taxonomy":"product_cat","embeddable":true,"href":"https:\/\/wat-tunisia.com\/en\/wp-json\/wp\/v2\/product_cat?post=5218"},{"taxonomy":"product_tag","embeddable":true,"href":"https:\/\/wat-tunisia.com\/en\/wp-json\/wp\/v2\/product_tag?post=5218"}],"curies":[{"name":"wp","href":"https:\/\/api.w.org\/{rel}","templated":true}]}}