{"id":5214,"date":"2025-11-10T12:45:31","date_gmt":"2025-11-10T11:45:31","guid":{"rendered":"https:\/\/wat-tunisia.com\/?post_type=product&#038;p=5214"},"modified":"2025-11-10T14:24:42","modified_gmt":"2025-11-10T13:24:42","slug":"soniq-ii","status":"publish","type":"product","link":"https:\/\/wat-tunisia.com\/en\/product\/soniq-ii\/","title":{"rendered":"SONIQ II"},"content":{"rendered":"","protected":false},"excerpt":{"rendered":"<div class=\"woocommerce-product-details__short-description\">\n<div class=\"show-more\">\n<div class=\"woocommerce-product-details__short-description\">\n<div class=\"show-more\">\n<div class=\"woocommerce-product-details__short-description\">\n<div class=\"show-more\">\n<p>Emball\u00e9s avec des caract\u00e9ristiques, les filtres \u00e0 air SoniQ II sont scell\u00e9s par ultrasons (d&rsquo;o\u00f9 le nom) pour annuler les inconv\u00e9nients associ\u00e9s aux poches traditionnellement cousues.<\/p>\n<p>L&rsquo;\u00e9limination des trous de couture est \u00e9videmment le principal avantage, mais cette m\u00e9thode d&rsquo;\u00e9tanch\u00e9it\u00e9 offre \u00e9galement une plus grande r\u00e9sistance, utilise moins d&rsquo;espace \u00e0 l&rsquo;int\u00e9rieur de la poche et r\u00e9duit \u00e9galement le risque de contamination \u00e0 l&rsquo;int\u00e9rieur du filtre.<\/p>\n<p>Associ\u00e9 \u00e0 un support r\u00e9sistant \u00e0 la prolif\u00e9ration microbienne et \u00e0 l&rsquo;accumulation de moisissures, SoniQ II est un filtre adapt\u00e9 \u00e0 un large \u00e9ventail d&rsquo;applications, allant des h\u00f4pitaux et des suites informatiques aux bureaux et b\u00e2timents publics.<\/p>\n<p>SoniQ II a \u00e9t\u00e9 sp\u00e9cialement d\u00e9velopp\u00e9 pour offrir des niveaux \u00e9lev\u00e9s d&rsquo;efficacit\u00e9 de filtration tout au long de sa dur\u00e9e de vie. Une partie essentielle de ceci est de r\u00e9pondre aux exigences de la norme EN 779: 2012 en offrant une performance fiable, propre, sale ou d\u00e9charg\u00e9e.<\/p>\n<p>Ceci est rendu possible gr\u00e2ce au m\u00e9dia am\u00e9lior\u00e9 de SoniQ II qui offre une haute efficacit\u00e9 m\u00e9canique en plus de sa charge \u00e9lectrostatique inh\u00e9rente, donc quel que soit l&rsquo;environnement d&rsquo;exploitation, SoniQ II continuera \u00e0 fournir des performances garanties et des niveaux d&rsquo;efficacit\u00e9 \u00e9lev\u00e9s.<\/p>\n<p><a href=\"https:\/\/wat-tunisia.com\/wp-content\/uploads\/2025\/11\/SONIQ-II.pdf\"><img loading=\"lazy\" decoding=\"async\" class=\"alignnone wp-image-5184\" src=\"https:\/\/wat-tunisia.com\/wp-content\/uploads\/2025\/11\/document_16064382-300x300.png\" alt=\"\" width=\"43\" height=\"38\" \/><\/a><a href=\"https:\/\/wat-tunisia.com\/wp-content\/uploads\/2025\/11\/SONIQ-II.pdf\"> Fiche Technique<\/a><\/p>\n<\/div>\n<\/div>\n<\/div>\n<\/div>\n<\/div>\n<\/div>","protected":false},"featured_media":5244,"comment_status":"closed","ping_status":"closed","template":"","meta":[],"product_brand":[],"product_cat":[319,323],"product_tag":[],"class_list":{"0":"post-5214","1":"product","2":"type-product","3":"status-publish","4":"has-post-thumbnail","6":"product_cat-filtres-a-air-fr","7":"product_cat-filtres-a-poches","9":"first","10":"instock","11":"shipping-taxable","12":"product-type-simple"},"_links":{"self":[{"href":"https:\/\/wat-tunisia.com\/en\/wp-json\/wp\/v2\/product\/5214","targetHints":{"allow":["GET"]}}],"collection":[{"href":"https:\/\/wat-tunisia.com\/en\/wp-json\/wp\/v2\/product"}],"about":[{"href":"https:\/\/wat-tunisia.com\/en\/wp-json\/wp\/v2\/types\/product"}],"replies":[{"embeddable":true,"href":"https:\/\/wat-tunisia.com\/en\/wp-json\/wp\/v2\/comments?post=5214"}],"wp:featuredmedia":[{"embeddable":true,"href":"https:\/\/wat-tunisia.com\/en\/wp-json\/wp\/v2\/media\/5244"}],"wp:attachment":[{"href":"https:\/\/wat-tunisia.com\/en\/wp-json\/wp\/v2\/media?parent=5214"}],"wp:term":[{"taxonomy":"product_brand","embeddable":true,"href":"https:\/\/wat-tunisia.com\/en\/wp-json\/wp\/v2\/product_brand?post=5214"},{"taxonomy":"product_cat","embeddable":true,"href":"https:\/\/wat-tunisia.com\/en\/wp-json\/wp\/v2\/product_cat?post=5214"},{"taxonomy":"product_tag","embeddable":true,"href":"https:\/\/wat-tunisia.com\/en\/wp-json\/wp\/v2\/product_tag?post=5214"}],"curies":[{"name":"wp","href":"https:\/\/api.w.org\/{rel}","templated":true}]}}