{"id":5210,"date":"2025-11-10T12:35:49","date_gmt":"2025-11-10T11:35:49","guid":{"rendered":"https:\/\/wat-tunisia.com\/?post_type=product&#038;p=5210"},"modified":"2025-11-24T10:09:58","modified_gmt":"2025-11-24T09:09:58","slug":"glass-panel-filters","status":"publish","type":"product","link":"https:\/\/wat-tunisia.com\/en\/product\/glass-panel-filters\/","title":{"rendered":"Glass Panel Filters"},"content":{"rendered":"","protected":false},"excerpt":{"rendered":"<div class=\"woocommerce-product-details__short-description\">\n<div class=\"show-more\">\n<div class=\"woocommerce-product-details__short-description\">\n<div class=\"show-more\">\n<div class=\"woocommerce-product-details__short-description\">\n<div class=\"show-more\">\n<p>Peu co\u00fbteux, hautes performances, les filtres \u00e0 air MANN + HUMMEL repr\u00e9sentent une solution \u00e9conomique pour la filtration de l&rsquo;air CVC et d&rsquo;autres applications de poussi\u00e8re grossi\u00e8re.<\/p>\n<p>Tous sont class\u00e9s G3 selon EN 779, mais avec une vari\u00e9t\u00e9 de tailles et d&rsquo;options de m\u00e9dias, notre gamme de panneaux de verre offre une s\u00e9lection de filtres con\u00e7us pour r\u00e9pondre aux exigences exactes d&rsquo;un \u00e9ventail d&rsquo;applications.<\/p>\n<p>Pour utilisation dans les syst\u00e8mes g\u00e9n\u00e9raux de chauffage, de ventilation et de conditionnement d&rsquo;air o\u00f9 une protection contre une plus grande contamination particulaire est requise.<\/p>\n<p>\u00c9quip\u00e9 d&rsquo;un pr\u00e9filtre pour prot\u00e9ger l&rsquo;\u00e9quipement de la salle de production et les garnitures de conduits, et pour prolonger la dur\u00e9e de vie des filtres secondaires plus co\u00fbteux.<\/p>\n<p><a href=\"https:\/\/wat-tunisia.com\/wp-content\/uploads\/2025\/11\/Glass-Panel-Filters.pdf\"><img loading=\"lazy\" decoding=\"async\" class=\"alignnone wp-image-5184\" src=\"https:\/\/wat-tunisia.com\/wp-content\/uploads\/2025\/11\/document_16064382-300x300.png\" alt=\"\" width=\"43\" height=\"38\" \/><\/a><a href=\"https:\/\/wat-tunisia.com\/wp-content\/uploads\/2025\/11\/Glass-Panel-Filters.pdf\"> Fiche Technique<\/a><\/p>\n<\/div>\n<\/div>\n<\/div>\n<\/div>\n<\/div>\n<\/div>","protected":false},"featured_media":5888,"comment_status":"closed","ping_status":"closed","template":"","meta":[],"product_brand":[],"product_cat":[319,321],"product_tag":[],"class_list":{"0":"post-5210","1":"product","2":"type-product","3":"status-publish","4":"has-post-thumbnail","6":"product_cat-filtres-a-air-fr","7":"product_cat-prefiltres","9":"first","10":"instock","11":"shipping-taxable","12":"product-type-simple"},"_links":{"self":[{"href":"https:\/\/wat-tunisia.com\/en\/wp-json\/wp\/v2\/product\/5210","targetHints":{"allow":["GET"]}}],"collection":[{"href":"https:\/\/wat-tunisia.com\/en\/wp-json\/wp\/v2\/product"}],"about":[{"href":"https:\/\/wat-tunisia.com\/en\/wp-json\/wp\/v2\/types\/product"}],"replies":[{"embeddable":true,"href":"https:\/\/wat-tunisia.com\/en\/wp-json\/wp\/v2\/comments?post=5210"}],"wp:featuredmedia":[{"embeddable":true,"href":"https:\/\/wat-tunisia.com\/en\/wp-json\/wp\/v2\/media\/5888"}],"wp:attachment":[{"href":"https:\/\/wat-tunisia.com\/en\/wp-json\/wp\/v2\/media?parent=5210"}],"wp:term":[{"taxonomy":"product_brand","embeddable":true,"href":"https:\/\/wat-tunisia.com\/en\/wp-json\/wp\/v2\/product_brand?post=5210"},{"taxonomy":"product_cat","embeddable":true,"href":"https:\/\/wat-tunisia.com\/en\/wp-json\/wp\/v2\/product_cat?post=5210"},{"taxonomy":"product_tag","embeddable":true,"href":"https:\/\/wat-tunisia.com\/en\/wp-json\/wp\/v2\/product_tag?post=5210"}],"curies":[{"name":"wp","href":"https:\/\/api.w.org\/{rel}","templated":true}]}}