{"id":5206,"date":"2025-11-10T11:34:04","date_gmt":"2025-11-10T10:34:04","guid":{"rendered":"https:\/\/wat-tunisia.com\/?post_type=product&#038;p=5206"},"modified":"2025-11-10T12:34:47","modified_gmt":"2025-11-10T11:34:47","slug":"pleated-panel-filters-2","status":"publish","type":"product","link":"https:\/\/wat-tunisia.com\/en\/product\/pleated-panel-filters-2\/","title":{"rendered":"Pleated Panel Filters"},"content":{"rendered":"","protected":false},"excerpt":{"rendered":"<div class=\"woocommerce-product-details__short-description\">\n<div class=\"show-more\">\n<div class=\"woocommerce-product-details__short-description\">\n<div class=\"show-more\">\n<div class=\"woocommerce-product-details__short-description\">\n<div class=\"show-more\">\n<p>Avec un m\u00e9dia synth\u00e9tique concass\u00e9, la gamme de filtres \u00e0 panneau pliss\u00e9 MANN + HUMMEL est plus compacte.<\/p>\n<p>Offrant une performance sup\u00e9rieure \u00e0 celle des filtres \u00e0 panneau standard pour les syst\u00e8mes CVC, nos panneaux pliss\u00e9s contiennent un volume beaucoup plus important de mat\u00e9riau filtrant dans leurs bo\u00eetiers de boissons.<\/p>\n<p>Non seulement cela permet-il d&rsquo;avoir une plus grande surface de support, offrant une dur\u00e9e de vie plus longue et une plus grande capacit\u00e9 de r\u00e9tention de la poussi\u00e8re, mais renforce \u00e9galement le filtre entier, am\u00e9liorant la stabilit\u00e9 et assurant la performance en fonctionnement.<\/p>\n<p><a href=\"https:\/\/wat-tunisia.com\/wp-content\/uploads\/2025\/11\/Pleated-Panel-Filters.pdf\"><img loading=\"lazy\" decoding=\"async\" class=\"alignnone wp-image-5184\" src=\"https:\/\/wat-tunisia.com\/wp-content\/uploads\/2025\/11\/document_16064382-300x300.png\" alt=\"\" width=\"43\" height=\"38\" \/><\/a><a href=\"https:\/\/wat-tunisia.com\/wp-content\/uploads\/2025\/11\/Pleated-Panel-Filters.pdf\"> Fiche Technique<\/a><\/p>\n<\/div>\n<\/div>\n<\/div>\n<\/div>\n<\/div>\n<\/div>","protected":false},"featured_media":5207,"comment_status":"closed","ping_status":"closed","template":"","meta":[],"product_brand":[],"product_cat":[319,321],"product_tag":[],"class_list":{"0":"post-5206","1":"product","2":"type-product","3":"status-publish","4":"has-post-thumbnail","6":"product_cat-filtres-a-air-fr","7":"product_cat-prefiltres","9":"first","10":"instock","11":"shipping-taxable","12":"product-type-simple"},"_links":{"self":[{"href":"https:\/\/wat-tunisia.com\/en\/wp-json\/wp\/v2\/product\/5206","targetHints":{"allow":["GET"]}}],"collection":[{"href":"https:\/\/wat-tunisia.com\/en\/wp-json\/wp\/v2\/product"}],"about":[{"href":"https:\/\/wat-tunisia.com\/en\/wp-json\/wp\/v2\/types\/product"}],"replies":[{"embeddable":true,"href":"https:\/\/wat-tunisia.com\/en\/wp-json\/wp\/v2\/comments?post=5206"}],"wp:featuredmedia":[{"embeddable":true,"href":"https:\/\/wat-tunisia.com\/en\/wp-json\/wp\/v2\/media\/5207"}],"wp:attachment":[{"href":"https:\/\/wat-tunisia.com\/en\/wp-json\/wp\/v2\/media?parent=5206"}],"wp:term":[{"taxonomy":"product_brand","embeddable":true,"href":"https:\/\/wat-tunisia.com\/en\/wp-json\/wp\/v2\/product_brand?post=5206"},{"taxonomy":"product_cat","embeddable":true,"href":"https:\/\/wat-tunisia.com\/en\/wp-json\/wp\/v2\/product_cat?post=5206"},{"taxonomy":"product_tag","embeddable":true,"href":"https:\/\/wat-tunisia.com\/en\/wp-json\/wp\/v2\/product_tag?post=5206"}],"curies":[{"name":"wp","href":"https:\/\/api.w.org\/{rel}","templated":true}]}}