{"id":5198,"date":"2025-11-10T11:17:42","date_gmt":"2025-11-10T10:17:42","guid":{"rendered":"https:\/\/wat-tunisia.com\/?post_type=product&#038;p=5198"},"modified":"2025-11-10T11:24:04","modified_gmt":"2025-11-10T10:24:04","slug":"macrofalt","status":"publish","type":"product","link":"https:\/\/wat-tunisia.com\/en\/product\/macrofalt\/","title":{"rendered":"Macrofalt"},"content":{"rendered":"","protected":false},"excerpt":{"rendered":"<div class=\"woocommerce-product-details__short-description\">\n<div class=\"show-more\">\n<div class=\"woocommerce-product-details__short-description\">\n<div class=\"show-more\">\n<div class=\"woocommerce-product-details__short-description\">\n<div class=\"show-more\">\n<p>Macrofalt est un filtre de climatisation compact avec beaucoup de performance.<\/p>\n<p>Malgr\u00e9 une profondeur compacte de seulement 48 mm, le plissage et la conception intelligents de Macrofalt offrent une grande surface de filtration et une grande capacit\u00e9 de r\u00e9tention de la poussi\u00e8re.<\/p>\n<p>En fait, le rapport entre la surface du filtre et la surface du visage est de 13: 1 &#8211; rarement \u00e9gal\u00e9 par les filtres concurrents.<\/p>\n<p>Test\u00e9 de mani\u00e8re ind\u00e9pendante, Macrofalt est disponible dans les classes G4 et M5 selon la norme EN 779 et est enti\u00e8rement incin\u00e9rable pour une mise au rebut \u00e9conomique et respectueuse de l&rsquo;environnement.<\/p>\n<p><a href=\"https:\/\/wat-tunisia.com\/wp-content\/uploads\/2025\/11\/Macrofalt.pdf\"><img loading=\"lazy\" decoding=\"async\" class=\"alignnone wp-image-5184\" src=\"https:\/\/wat-tunisia.com\/wp-content\/uploads\/2025\/11\/document_16064382-300x300.png\" alt=\"\" width=\"43\" height=\"38\" \/><\/a><a href=\"https:\/\/wat-tunisia.com\/wp-content\/uploads\/2025\/11\/Macrofalt.pdf\"> Fiche Technique<\/a><\/p>\n<\/div>\n<\/div>\n<\/div>\n<\/div>\n<\/div>\n<\/div>","protected":false},"featured_media":5202,"comment_status":"closed","ping_status":"closed","template":"","meta":[],"product_brand":[],"product_cat":[319,321],"product_tag":[],"class_list":{"0":"post-5198","1":"product","2":"type-product","3":"status-publish","4":"has-post-thumbnail","6":"product_cat-filtres-a-air-fr","7":"product_cat-prefiltres","9":"first","10":"instock","11":"shipping-taxable","12":"product-type-simple"},"_links":{"self":[{"href":"https:\/\/wat-tunisia.com\/en\/wp-json\/wp\/v2\/product\/5198","targetHints":{"allow":["GET"]}}],"collection":[{"href":"https:\/\/wat-tunisia.com\/en\/wp-json\/wp\/v2\/product"}],"about":[{"href":"https:\/\/wat-tunisia.com\/en\/wp-json\/wp\/v2\/types\/product"}],"replies":[{"embeddable":true,"href":"https:\/\/wat-tunisia.com\/en\/wp-json\/wp\/v2\/comments?post=5198"}],"wp:featuredmedia":[{"embeddable":true,"href":"https:\/\/wat-tunisia.com\/en\/wp-json\/wp\/v2\/media\/5202"}],"wp:attachment":[{"href":"https:\/\/wat-tunisia.com\/en\/wp-json\/wp\/v2\/media?parent=5198"}],"wp:term":[{"taxonomy":"product_brand","embeddable":true,"href":"https:\/\/wat-tunisia.com\/en\/wp-json\/wp\/v2\/product_brand?post=5198"},{"taxonomy":"product_cat","embeddable":true,"href":"https:\/\/wat-tunisia.com\/en\/wp-json\/wp\/v2\/product_cat?post=5198"},{"taxonomy":"product_tag","embeddable":true,"href":"https:\/\/wat-tunisia.com\/en\/wp-json\/wp\/v2\/product_tag?post=5198"}],"curies":[{"name":"wp","href":"https:\/\/api.w.org\/{rel}","templated":true}]}}