{"id":5190,"date":"2025-11-10T11:02:55","date_gmt":"2025-11-10T10:02:55","guid":{"rendered":"https:\/\/wat-tunisia.com\/?post_type=product&#038;p=5190"},"modified":"2025-11-24T10:13:30","modified_gmt":"2025-11-24T09:13:30","slug":"synsafe","status":"publish","type":"product","link":"https:\/\/wat-tunisia.com\/en\/product\/synsafe\/","title":{"rendered":"Synsafe"},"content":{"rendered":"","protected":false},"excerpt":{"rendered":"<div class=\"woocommerce-product-details__short-description\">\n<div class=\"show-more\">\n<div class=\"woocommerce-product-details__short-description\">\n<div class=\"show-more\">\n<div class=\"woocommerce-product-details__short-description\">\n<div class=\"show-more\">\n<p>Synsafe est un m\u00e9dia de filtre \u00e0 air de haute qualit\u00e9 avec d&rsquo;excellentes performances de maintien de la poussi\u00e8re. Disponible dans les classes de filtration G2 &#8211; M5, Synsafe Media est destin\u00e9 \u00e0 la filtration grossi\u00e8re et fine de l&rsquo;air d&rsquo;alimentation et d&rsquo;\u00e9vacuation dans un certain nombre d&rsquo;environnements.<\/p>\n<p>Construit \u00e0 partir de fibres synth\u00e9tiques, Synsafe Media pr\u00e9sente une structure progressive o\u00f9 la densit\u00e9 du mat filtrant augmente progressivement avec la profondeur du mat\u00e9riau. Ceci emp\u00eache le colmatage pr\u00e9coce de la surface du mat\u00e9riau filtrant et entra\u00eene une grande capacit\u00e9 de r\u00e9tention de la poussi\u00e8re et une longue dur\u00e9e de vie.<\/p>\n<p>Synsafe Media est li\u00e9 m\u00e9caniquement et thermiquement, de sorte que la structure et les propri\u00e9t\u00e9s du mat\u00e9riau filtrant sont conserv\u00e9es m\u00eame dans des conditions de fonctionnement et climatiques difficiles.<\/p>\n<p>En outre, Synsafe Media pr\u00e9sente une r\u00e9sistance \u00e9lev\u00e9e aux contraintes m\u00e9caniques, ce qui r\u00e9duit les risques d&rsquo;endommagement lors de l&rsquo;installation dans les cadres de plafond et les cages grillag\u00e9es.<\/p>\n<p><a href=\"https:\/\/wat-tunisia.com\/wp-content\/uploads\/2025\/11\/wattunisia_1506434718.pdf\"><img loading=\"lazy\" decoding=\"async\" class=\"alignnone wp-image-5184\" src=\"https:\/\/wat-tunisia.com\/wp-content\/uploads\/2025\/11\/document_16064382-300x300.png\" alt=\"\" width=\"43\" height=\"38\" \/><\/a><a href=\"https:\/\/wat-tunisia.com\/wp-content\/uploads\/2025\/11\/wattunisia_1506434718.pdf\"> Fiche Technique<\/a><\/p>\n<\/div>\n<\/div>\n<\/div>\n<\/div>\n<\/div>\n<\/div>","protected":false},"featured_media":5889,"comment_status":"closed","ping_status":"closed","template":"","meta":[],"product_brand":[],"product_cat":[319,320],"product_tag":[],"class_list":{"0":"post-5190","1":"product","2":"type-product","3":"status-publish","4":"has-post-thumbnail","6":"product_cat-filtres-a-air-fr","7":"product_cat-media-de-filtration-fr","9":"first","10":"instock","11":"shipping-taxable","12":"product-type-simple"},"_links":{"self":[{"href":"https:\/\/wat-tunisia.com\/en\/wp-json\/wp\/v2\/product\/5190","targetHints":{"allow":["GET"]}}],"collection":[{"href":"https:\/\/wat-tunisia.com\/en\/wp-json\/wp\/v2\/product"}],"about":[{"href":"https:\/\/wat-tunisia.com\/en\/wp-json\/wp\/v2\/types\/product"}],"replies":[{"embeddable":true,"href":"https:\/\/wat-tunisia.com\/en\/wp-json\/wp\/v2\/comments?post=5190"}],"wp:featuredmedia":[{"embeddable":true,"href":"https:\/\/wat-tunisia.com\/en\/wp-json\/wp\/v2\/media\/5889"}],"wp:attachment":[{"href":"https:\/\/wat-tunisia.com\/en\/wp-json\/wp\/v2\/media?parent=5190"}],"wp:term":[{"taxonomy":"product_brand","embeddable":true,"href":"https:\/\/wat-tunisia.com\/en\/wp-json\/wp\/v2\/product_brand?post=5190"},{"taxonomy":"product_cat","embeddable":true,"href":"https:\/\/wat-tunisia.com\/en\/wp-json\/wp\/v2\/product_cat?post=5190"},{"taxonomy":"product_tag","embeddable":true,"href":"https:\/\/wat-tunisia.com\/en\/wp-json\/wp\/v2\/product_tag?post=5190"}],"curies":[{"name":"wp","href":"https:\/\/api.w.org\/{rel}","templated":true}]}}