{"id":5177,"date":"2025-11-10T09:57:33","date_gmt":"2025-11-10T08:57:33","guid":{"rendered":"https:\/\/wat-tunisia.com\/?post_type=product&#038;p=5177"},"modified":"2025-11-10T11:01:11","modified_gmt":"2025-11-10T10:01:11","slug":"no-glass-pro-paint","status":"publish","type":"product","link":"https:\/\/wat-tunisia.com\/en\/product\/no-glass-pro-paint\/","title":{"rendered":"NO Glass- Pro paint"},"content":{"rendered":"","protected":false},"excerpt":{"rendered":"<div class=\"woocommerce-product-details__short-description\">\n<div class=\"show-more\">\n<div class=\"woocommerce-product-details__short-description\">\n<div class=\"show-more\">\n<div class=\"woocommerce-product-details__short-description\">\n<div class=\"show-more\">\n<p>NoGlass est une gamme de m\u00e9dias filtrants qui peuvent vous aider \u00e0 contr\u00f4ler les co\u00fbts, augmenter la productivit\u00e9 et obtenir une finition parfaite plus longtemps.<\/p>\n<p>Con\u00e7u pour les cabines de peinture et autres applications industrielles humides \/ s\u00e8ches, NoGlass combine une haute performance de filtration avec aucun des inconv\u00e9nients n\u00e9fastes de la fibre de verre s\u00e8che.<\/p>\n<p>Les fibres enti\u00e8rement synth\u00e9tiques, faites \u00e0 100% de polyester, sont compl\u00e8tement s\u00fbrs \u00e0 manipuler. Ainsi, les changements de filtres sont rapides et faciles, et la r\u00e9solution de la sant\u00e9 et de la s\u00e9curit\u00e9 est simplifi\u00e9e.<\/p>\n<p><a href=\"https:\/\/wat-tunisia.com\/wp-content\/uploads\/2025\/11\/wattunisia_NO-Glass-Pro-paint.pdf\"><img loading=\"lazy\" decoding=\"async\" class=\"alignnone wp-image-5184\" src=\"https:\/\/wat-tunisia.com\/wp-content\/uploads\/2025\/11\/document_16064382-300x300.png\" alt=\"\" width=\"43\" height=\"38\" \/><\/a><a href=\"https:\/\/wat-tunisia.com\/wp-content\/uploads\/2025\/11\/wattunisia_NO-Glass-Pro-paint.pdf\"> Fiche Technique<\/a><\/p>\n<\/div>\n<\/div>\n<\/div>\n<\/div>\n<\/div>\n<\/div>","protected":false},"featured_media":5189,"comment_status":"closed","ping_status":"closed","template":"","meta":[],"product_brand":[],"product_cat":[319,320],"product_tag":[],"class_list":{"0":"post-5177","1":"product","2":"type-product","3":"status-publish","4":"has-post-thumbnail","6":"product_cat-filtres-a-air-fr","7":"product_cat-media-de-filtration-fr","9":"first","10":"instock","11":"shipping-taxable","12":"product-type-simple"},"_links":{"self":[{"href":"https:\/\/wat-tunisia.com\/en\/wp-json\/wp\/v2\/product\/5177","targetHints":{"allow":["GET"]}}],"collection":[{"href":"https:\/\/wat-tunisia.com\/en\/wp-json\/wp\/v2\/product"}],"about":[{"href":"https:\/\/wat-tunisia.com\/en\/wp-json\/wp\/v2\/types\/product"}],"replies":[{"embeddable":true,"href":"https:\/\/wat-tunisia.com\/en\/wp-json\/wp\/v2\/comments?post=5177"}],"wp:featuredmedia":[{"embeddable":true,"href":"https:\/\/wat-tunisia.com\/en\/wp-json\/wp\/v2\/media\/5189"}],"wp:attachment":[{"href":"https:\/\/wat-tunisia.com\/en\/wp-json\/wp\/v2\/media?parent=5177"}],"wp:term":[{"taxonomy":"product_brand","embeddable":true,"href":"https:\/\/wat-tunisia.com\/en\/wp-json\/wp\/v2\/product_brand?post=5177"},{"taxonomy":"product_cat","embeddable":true,"href":"https:\/\/wat-tunisia.com\/en\/wp-json\/wp\/v2\/product_cat?post=5177"},{"taxonomy":"product_tag","embeddable":true,"href":"https:\/\/wat-tunisia.com\/en\/wp-json\/wp\/v2\/product_tag?post=5177"}],"curies":[{"name":"wp","href":"https:\/\/api.w.org\/{rel}","templated":true}]}}