{"id":4944,"date":"2025-10-23T13:48:00","date_gmt":"2025-10-23T11:48:00","guid":{"rendered":"https:\/\/wat-tunisia.com\/?post_type=product&#038;p=4944"},"modified":"2025-11-21T12:34:08","modified_gmt":"2025-11-21T11:34:08","slug":"cartouche-en-fil-de-polypropylene-fa","status":"publish","type":"product","link":"https:\/\/wat-tunisia.com\/en\/product\/cartouche-en-fil-de-polypropylene-fa\/","title":{"rendered":"Cartouche en fil de polypropyl\u00e8ne FA"},"content":{"rendered":"","protected":false},"excerpt":{"rendered":"<p>Les cartouches FA en fil enroul\u00e9 sont fabriqu\u00e9es avec du fil en polypropyl\u00e8ne et ont une \u00e2me (noyau) en polypropyl\u00e8ne.<\/p>\n<p><a href=\"https:\/\/wat-tunisia.com\/wp-content\/uploads\/2025\/10\/FA.pdf\"><img loading=\"lazy\" decoding=\"async\" class=\"alignnone wp-image-5184\" src=\"https:\/\/wat-tunisia.com\/wp-content\/uploads\/2025\/11\/document_16064382-300x300.png\" alt=\"\" width=\"43\" height=\"38\" \/><\/a><a href=\"https:\/\/wat-tunisia.com\/wp-content\/uploads\/2025\/10\/FA.pdf\">\u00a0Fiche Technique<\/a><\/p>","protected":false},"featured_media":5711,"comment_status":"closed","ping_status":"closed","template":"","meta":[],"product_brand":[],"product_cat":[291,292,290],"product_tag":[],"class_list":{"0":"post-4944","1":"product","2":"type-product","3":"status-publish","4":"has-post-thumbnail","6":"product_cat-filtre-a-cartouche-fr","7":"product_cat-filtres-de-profondeur-fr","8":"product_cat-filtres-liquides-fr","10":"first","11":"instock","12":"shipping-taxable","13":"product-type-simple"},"_links":{"self":[{"href":"https:\/\/wat-tunisia.com\/en\/wp-json\/wp\/v2\/product\/4944","targetHints":{"allow":["GET"]}}],"collection":[{"href":"https:\/\/wat-tunisia.com\/en\/wp-json\/wp\/v2\/product"}],"about":[{"href":"https:\/\/wat-tunisia.com\/en\/wp-json\/wp\/v2\/types\/product"}],"replies":[{"embeddable":true,"href":"https:\/\/wat-tunisia.com\/en\/wp-json\/wp\/v2\/comments?post=4944"}],"wp:featuredmedia":[{"embeddable":true,"href":"https:\/\/wat-tunisia.com\/en\/wp-json\/wp\/v2\/media\/5711"}],"wp:attachment":[{"href":"https:\/\/wat-tunisia.com\/en\/wp-json\/wp\/v2\/media?parent=4944"}],"wp:term":[{"taxonomy":"product_brand","embeddable":true,"href":"https:\/\/wat-tunisia.com\/en\/wp-json\/wp\/v2\/product_brand?post=4944"},{"taxonomy":"product_cat","embeddable":true,"href":"https:\/\/wat-tunisia.com\/en\/wp-json\/wp\/v2\/product_cat?post=4944"},{"taxonomy":"product_tag","embeddable":true,"href":"https:\/\/wat-tunisia.com\/en\/wp-json\/wp\/v2\/product_tag?post=4944"}],"curies":[{"name":"wp","href":"https:\/\/api.w.org\/{rel}","templated":true}]}}