{"id":4927,"date":"2025-10-23T12:19:41","date_gmt":"2025-10-23T10:19:41","guid":{"rendered":"https:\/\/wat-tunisia.com\/?post_type=product&#038;p=4927"},"modified":"2025-11-23T21:06:28","modified_gmt":"2025-11-23T20:06:28","slug":"uvir-flame-detector-rfd-2ftn","status":"publish","type":"product","link":"https:\/\/wat-tunisia.com\/en\/product\/uvir-flame-detector-rfd-2ftn\/","title":{"rendered":"UVIR Flame Detector | RFD-2FTN"},"content":{"rendered":"","protected":false},"excerpt":{"rendered":"<p><span dir=\"auto\">Le RFD-2FTN est un d\u00e9tecteur de flamme de type UV\/IR.<\/span><\/p>\n<p><span dir=\"auto\">Identifiez un incendie lorsque les capteurs UV et IR d\u00e9tectent simultan\u00e9ment la pr\u00e9sence d&rsquo;une flamme.<\/span><\/p>\n<p><span dir=\"auto\">Port\u00e9e de d\u00e9tection maximale de 30 m\u00e8tres avec un c\u00f4ne de vision de 100 degr\u00e9s.<\/span><\/p>\n<p><span dir=\"auto\">Autorise l&rsquo;exploitation dans des zones dangereuses.<\/span><\/p>\n<p><span dir=\"auto\">Options de sortie s\u00e9lectionnables par l&rsquo;utilisateur parmi les relais, la sortie pas \u00e0 pas de 4 \u00e0 20 \u00b0C et RS-485.<\/span><\/p>","protected":false},"featured_media":5789,"comment_status":"closed","ping_status":"closed","template":"","meta":[],"product_brand":[],"product_cat":[288,289],"product_tag":[],"class_list":{"0":"post-4927","1":"product","2":"type-product","3":"status-publish","4":"has-post-thumbnail","6":"product_cat-detecteurs-de-flamme-fr","7":"product_cat-uvir-flame-detector-fr","9":"first","10":"instock","11":"shipping-taxable","12":"product-type-simple"},"_links":{"self":[{"href":"https:\/\/wat-tunisia.com\/en\/wp-json\/wp\/v2\/product\/4927","targetHints":{"allow":["GET"]}}],"collection":[{"href":"https:\/\/wat-tunisia.com\/en\/wp-json\/wp\/v2\/product"}],"about":[{"href":"https:\/\/wat-tunisia.com\/en\/wp-json\/wp\/v2\/types\/product"}],"replies":[{"embeddable":true,"href":"https:\/\/wat-tunisia.com\/en\/wp-json\/wp\/v2\/comments?post=4927"}],"wp:featuredmedia":[{"embeddable":true,"href":"https:\/\/wat-tunisia.com\/en\/wp-json\/wp\/v2\/media\/5789"}],"wp:attachment":[{"href":"https:\/\/wat-tunisia.com\/en\/wp-json\/wp\/v2\/media?parent=4927"}],"wp:term":[{"taxonomy":"product_brand","embeddable":true,"href":"https:\/\/wat-tunisia.com\/en\/wp-json\/wp\/v2\/product_brand?post=4927"},{"taxonomy":"product_cat","embeddable":true,"href":"https:\/\/wat-tunisia.com\/en\/wp-json\/wp\/v2\/product_cat?post=4927"},{"taxonomy":"product_tag","embeddable":true,"href":"https:\/\/wat-tunisia.com\/en\/wp-json\/wp\/v2\/product_tag?post=4927"}],"curies":[{"name":"wp","href":"https:\/\/api.w.org\/{rel}","templated":true}]}}