{"id":4909,"date":"2025-10-23T10:49:44","date_gmt":"2025-10-23T08:49:44","guid":{"rendered":"https:\/\/wat-tunisia.com\/?post_type=product&#038;p=4909"},"modified":"2025-11-23T20:40:50","modified_gmt":"2025-11-23T19:40:50","slug":"uvir-flame-detector-rfd-5x","status":"publish","type":"product","link":"https:\/\/wat-tunisia.com\/en\/product\/uvir-flame-detector-rfd-5x\/","title":{"rendered":"UVIR Flame Detector | RFD-5X"},"content":{"rendered":"","protected":false},"excerpt":{"rendered":"<p><b><span dir=\"auto\">Le RFD-5X<\/span><\/b><span dir=\"auto\">\u00a0est un d\u00e9tecteur de flamme de type UV\/IR.<\/span><\/p>\n<p><span dir=\"auto\">Identifier un incendie lorsque les capteurs UV et IR d\u00e9tectent simultan\u00e9ment\u00a0<\/span><\/p>\n<p><span dir=\"auto\">la pr\u00e9sence d&rsquo;une flamme.\u00a0<\/span><\/p>\n<p><span dir=\"auto\">Port\u00e9e de d\u00e9tection maximale de 30 m\u00e8tres avec un c\u00f4ne de vision de 90 degr\u00e9s.\u00a0<\/span><\/p>\n<p><span dir=\"auto\">Autorise l&rsquo;exploitation dans des zones dangereuses.\u00a0<\/span><\/p>\n<p><span dir=\"auto\">Options de sortie s\u00e9lectionnables par l&rsquo;utilisateur parmi les relais<\/span><\/p>","protected":false},"featured_media":5781,"comment_status":"closed","ping_status":"closed","template":"","meta":[],"product_brand":[],"product_cat":[288,289],"product_tag":[],"class_list":{"0":"post-4909","1":"product","2":"type-product","3":"status-publish","4":"has-post-thumbnail","6":"product_cat-detecteurs-de-flamme-fr","7":"product_cat-uvir-flame-detector-fr","9":"first","10":"instock","11":"shipping-taxable","12":"product-type-simple"},"_links":{"self":[{"href":"https:\/\/wat-tunisia.com\/en\/wp-json\/wp\/v2\/product\/4909","targetHints":{"allow":["GET"]}}],"collection":[{"href":"https:\/\/wat-tunisia.com\/en\/wp-json\/wp\/v2\/product"}],"about":[{"href":"https:\/\/wat-tunisia.com\/en\/wp-json\/wp\/v2\/types\/product"}],"replies":[{"embeddable":true,"href":"https:\/\/wat-tunisia.com\/en\/wp-json\/wp\/v2\/comments?post=4909"}],"wp:featuredmedia":[{"embeddable":true,"href":"https:\/\/wat-tunisia.com\/en\/wp-json\/wp\/v2\/media\/5781"}],"wp:attachment":[{"href":"https:\/\/wat-tunisia.com\/en\/wp-json\/wp\/v2\/media?parent=4909"}],"wp:term":[{"taxonomy":"product_brand","embeddable":true,"href":"https:\/\/wat-tunisia.com\/en\/wp-json\/wp\/v2\/product_brand?post=4909"},{"taxonomy":"product_cat","embeddable":true,"href":"https:\/\/wat-tunisia.com\/en\/wp-json\/wp\/v2\/product_cat?post=4909"},{"taxonomy":"product_tag","embeddable":true,"href":"https:\/\/wat-tunisia.com\/en\/wp-json\/wp\/v2\/product_tag?post=4909"}],"curies":[{"name":"wp","href":"https:\/\/api.w.org\/{rel}","templated":true}]}}