{"id":4901,"date":"2025-10-22T14:37:32","date_gmt":"2025-10-22T12:37:32","guid":{"rendered":"https:\/\/wat-tunisia.com\/?post_type=product&#038;p=4901"},"modified":"2025-11-23T20:23:27","modified_gmt":"2025-11-23T19:23:27","slug":"uvir-flame-detector-rfd-2ftn-h","status":"publish","type":"product","link":"https:\/\/wat-tunisia.com\/en\/product\/uvir-flame-detector-rfd-2ftn-h\/","title":{"rendered":"UVIR Flame Detector | RFD-2FTN-H"},"content":{"rendered":"","protected":false},"excerpt":{"rendered":"<p><span dir=\"auto\">Le RFD-2FTN-H est un d\u00e9tecteur de flamme \u00e0 hydrog\u00e8ne de type UV\/IR avec des certifications internationales.<\/span><\/p>\n<p><span dir=\"auto\">D\u00e9tecter un incendie lorsque les capteurs UV et IR d\u00e9tectent simultan\u00e9ment la pr\u00e9sence d&rsquo;une flamme \u00e0 base d&rsquo;hydrog\u00e8ne et d&rsquo;hydrocarbures.<\/span><\/p>\n<p><span dir=\"auto\">Autorisations d&rsquo;exploitation en zones dangereuses.<\/span><\/p>\n<p><span dir=\"auto\">Options de sortie s\u00e9lectionnables par l&rsquo;utilisateur parmi les relais, la sortie par paliers 4-20\u00a0kHz et le RS-485.<\/span><\/p>","protected":false},"featured_media":5777,"comment_status":"closed","ping_status":"closed","template":"","meta":[],"product_brand":[],"product_cat":[288,289],"product_tag":[],"class_list":{"0":"post-4901","1":"product","2":"type-product","3":"status-publish","4":"has-post-thumbnail","6":"product_cat-detecteurs-de-flamme-fr","7":"product_cat-uvir-flame-detector-fr","9":"first","10":"instock","11":"shipping-taxable","12":"product-type-simple"},"_links":{"self":[{"href":"https:\/\/wat-tunisia.com\/en\/wp-json\/wp\/v2\/product\/4901","targetHints":{"allow":["GET"]}}],"collection":[{"href":"https:\/\/wat-tunisia.com\/en\/wp-json\/wp\/v2\/product"}],"about":[{"href":"https:\/\/wat-tunisia.com\/en\/wp-json\/wp\/v2\/types\/product"}],"replies":[{"embeddable":true,"href":"https:\/\/wat-tunisia.com\/en\/wp-json\/wp\/v2\/comments?post=4901"}],"wp:featuredmedia":[{"embeddable":true,"href":"https:\/\/wat-tunisia.com\/en\/wp-json\/wp\/v2\/media\/5777"}],"wp:attachment":[{"href":"https:\/\/wat-tunisia.com\/en\/wp-json\/wp\/v2\/media?parent=4901"}],"wp:term":[{"taxonomy":"product_brand","embeddable":true,"href":"https:\/\/wat-tunisia.com\/en\/wp-json\/wp\/v2\/product_brand?post=4901"},{"taxonomy":"product_cat","embeddable":true,"href":"https:\/\/wat-tunisia.com\/en\/wp-json\/wp\/v2\/product_cat?post=4901"},{"taxonomy":"product_tag","embeddable":true,"href":"https:\/\/wat-tunisia.com\/en\/wp-json\/wp\/v2\/product_tag?post=4901"}],"curies":[{"name":"wp","href":"https:\/\/api.w.org\/{rel}","templated":true}]}}