{"id":4893,"date":"2025-10-22T14:02:11","date_gmt":"2025-10-22T12:02:11","guid":{"rendered":"https:\/\/wat-tunisia.com\/?post_type=product&#038;p=4893"},"modified":"2025-11-24T09:34:44","modified_gmt":"2025-11-24T08:34:44","slug":"humidity-and-temperature-sensor-for-outdoor-and-meteorological-applications-ee210-outdoor","status":"publish","type":"product","link":"https:\/\/wat-tunisia.com\/en\/product\/humidity-and-temperature-sensor-for-outdoor-and-meteorological-applications-ee210-outdoor\/","title":{"rendered":"Humidity and Temperature Sensor for Outdoor and Meteorological Applications"},"content":{"rendered":"","protected":false},"excerpt":{"rendered":"<h3 style=\"color: #c1272d; margin-bottom: 10px; font-weight: 600;\">EE210 Outdoor<\/h3>\n<p>Le capteur EE210 Outdoor est optimis\u00e9 pour les applications ext\u00e9rieures et m\u00e9t\u00e9orologiques. Outre la mesure pr\u00e9cise de l&rsquo;humidit\u00e9 relative et de la temp\u00e9rature, il calcule des param\u00e8tres suppl\u00e9mentaires tels que le point de ros\u00e9e, le point de gel ou l&rsquo;enthalpie sp\u00e9cifique.<\/p>\n<p><a href=\"https:\/\/wat-tunisia.com\/wp-content\/uploads\/2025\/10\/FicheTechnique_EE210.pdf\"><img loading=\"lazy\" decoding=\"async\" class=\"alignnone wp-image-5184\" src=\"https:\/\/wat-tunisia.com\/wp-content\/uploads\/2025\/11\/document_16064382-300x300.png\" alt=\"\" width=\"43\" height=\"38\" \/><\/a><a href=\"https:\/\/wat-tunisia.com\/wp-content\/uploads\/2025\/10\/FicheTechnique_EE210.pdf\">\u00a0Fiche Technique<\/a><\/p>","protected":false},"featured_media":5882,"comment_status":"closed","ping_status":"closed","template":"","meta":[],"product_brand":[],"product_cat":[282,281,280],"product_tag":[],"class_list":{"0":"post-4893","1":"product","2":"type-product","3":"status-publish","4":"has-post-thumbnail","6":"product_cat-application-hvac-fr","7":"product_cat-humidite-fr","8":"product_cat-instruments-de-mesure-fr","10":"first","11":"instock","12":"shipping-taxable","13":"product-type-simple"},"_links":{"self":[{"href":"https:\/\/wat-tunisia.com\/en\/wp-json\/wp\/v2\/product\/4893","targetHints":{"allow":["GET"]}}],"collection":[{"href":"https:\/\/wat-tunisia.com\/en\/wp-json\/wp\/v2\/product"}],"about":[{"href":"https:\/\/wat-tunisia.com\/en\/wp-json\/wp\/v2\/types\/product"}],"replies":[{"embeddable":true,"href":"https:\/\/wat-tunisia.com\/en\/wp-json\/wp\/v2\/comments?post=4893"}],"wp:featuredmedia":[{"embeddable":true,"href":"https:\/\/wat-tunisia.com\/en\/wp-json\/wp\/v2\/media\/5882"}],"wp:attachment":[{"href":"https:\/\/wat-tunisia.com\/en\/wp-json\/wp\/v2\/media?parent=4893"}],"wp:term":[{"taxonomy":"product_brand","embeddable":true,"href":"https:\/\/wat-tunisia.com\/en\/wp-json\/wp\/v2\/product_brand?post=4893"},{"taxonomy":"product_cat","embeddable":true,"href":"https:\/\/wat-tunisia.com\/en\/wp-json\/wp\/v2\/product_cat?post=4893"},{"taxonomy":"product_tag","embeddable":true,"href":"https:\/\/wat-tunisia.com\/en\/wp-json\/wp\/v2\/product_tag?post=4893"}],"curies":[{"name":"wp","href":"https:\/\/api.w.org\/{rel}","templated":true}]}}