{"id":4887,"date":"2025-10-22T12:59:37","date_gmt":"2025-10-22T10:59:37","guid":{"rendered":"https:\/\/wat-tunisia.com\/?post_type=product&#038;p=4887"},"modified":"2025-11-24T09:58:42","modified_gmt":"2025-11-24T08:58:42","slug":"capteur-humidite-temperature-pour-applications-hvac","status":"publish","type":"product","link":"https:\/\/wat-tunisia.com\/en\/product\/capteur-humidite-temperature-pour-applications-hvac\/","title":{"rendered":"Capteur Humidit\u00e9 &#038; Temp\u00e9rature pour applications HVAC"},"content":{"rendered":"","protected":false},"excerpt":{"rendered":"<h3 style=\"color: #c1272d; margin-bottom: 10px; font-weight: 600;\">EE160<\/h3>\n<p>Sp\u00e9cialement con\u00e7u pour les applications HVAC, le capteur EE160 de E+E Elektronik est une solution \u00e9conomique, de haute pr\u00e9cision et fiable pour mesurer l\u2019humidit\u00e9 relative et la temp\u00e9rature.<\/p>\n<p><a href=\"https:\/\/wat-tunisia.com\/wp-content\/uploads\/2025\/10\/FicheTechnique_EE160.pdf\"><img loading=\"lazy\" decoding=\"async\" class=\"alignnone wp-image-5184\" src=\"https:\/\/wat-tunisia.com\/wp-content\/uploads\/2025\/11\/document_16064382-300x300.png\" alt=\"\" width=\"43\" height=\"38\" \/><\/a><a href=\"https:\/\/wat-tunisia.com\/wp-content\/uploads\/2025\/10\/FicheTechnique_EE160.pdf\">\u00a0Fiche Technique<\/a><\/p>","protected":false},"featured_media":5886,"comment_status":"closed","ping_status":"closed","template":"","meta":[],"product_brand":[],"product_cat":[282,281,280],"product_tag":[],"class_list":{"0":"post-4887","1":"product","2":"type-product","3":"status-publish","4":"has-post-thumbnail","6":"product_cat-application-hvac-fr","7":"product_cat-humidite-fr","8":"product_cat-instruments-de-mesure-fr","10":"first","11":"instock","12":"shipping-taxable","13":"product-type-simple"},"_links":{"self":[{"href":"https:\/\/wat-tunisia.com\/en\/wp-json\/wp\/v2\/product\/4887","targetHints":{"allow":["GET"]}}],"collection":[{"href":"https:\/\/wat-tunisia.com\/en\/wp-json\/wp\/v2\/product"}],"about":[{"href":"https:\/\/wat-tunisia.com\/en\/wp-json\/wp\/v2\/types\/product"}],"replies":[{"embeddable":true,"href":"https:\/\/wat-tunisia.com\/en\/wp-json\/wp\/v2\/comments?post=4887"}],"wp:featuredmedia":[{"embeddable":true,"href":"https:\/\/wat-tunisia.com\/en\/wp-json\/wp\/v2\/media\/5886"}],"wp:attachment":[{"href":"https:\/\/wat-tunisia.com\/en\/wp-json\/wp\/v2\/media?parent=4887"}],"wp:term":[{"taxonomy":"product_brand","embeddable":true,"href":"https:\/\/wat-tunisia.com\/en\/wp-json\/wp\/v2\/product_brand?post=4887"},{"taxonomy":"product_cat","embeddable":true,"href":"https:\/\/wat-tunisia.com\/en\/wp-json\/wp\/v2\/product_cat?post=4887"},{"taxonomy":"product_tag","embeddable":true,"href":"https:\/\/wat-tunisia.com\/en\/wp-json\/wp\/v2\/product_tag?post=4887"}],"curies":[{"name":"wp","href":"https:\/\/api.w.org\/{rel}","templated":true}]}}