{"id":4883,"date":"2025-10-22T12:42:49","date_gmt":"2025-10-22T10:42:49","guid":{"rendered":"https:\/\/wat-tunisia.com\/?post_type=product&#038;p=4883"},"modified":"2025-11-21T10:44:10","modified_gmt":"2025-11-21T09:44:10","slug":"detecteur-de-condensation","status":"publish","type":"product","link":"https:\/\/wat-tunisia.com\/en\/product\/detecteur-de-condensation\/","title":{"rendered":"D\u00e9tecteur de condensation"},"content":{"rendered":"","protected":false},"excerpt":{"rendered":"<h3 style=\"color: #c1272d; margin-bottom: 10px; font-weight: 600;\">EE046<\/h3>\n<p>Le EE046 pr\u00e9vient de mani\u00e8re pr\u00e9coce et fiable le risque de condensation. Il contribue ainsi \u00e0 \u00e9viter la formation de gouttes et de moisissures sur les points froids critiques. Le d\u00e9tecteur de condensation peut \u00eatre install\u00e9 sur des surfaces planes et sur des tuyauteries.<\/p>\n<p><a href=\"https:\/\/wat-tunisia.com\/wp-content\/uploads\/2025\/10\/fiche_technique_EE046.pdf\"><img loading=\"lazy\" decoding=\"async\" class=\"alignnone wp-image-5184\" src=\"https:\/\/wat-tunisia.com\/wp-content\/uploads\/2025\/11\/document_16064382-300x300.png\" alt=\"\" width=\"43\" height=\"38\" \/><\/a><a href=\"https:\/\/wat-tunisia.com\/wp-content\/uploads\/2025\/10\/fiche_technique_EE046.pdf\">\u00a0Fiche Technique<\/a><\/p>","protected":false},"featured_media":5674,"comment_status":"closed","ping_status":"closed","template":"","meta":[],"product_brand":[],"product_cat":[282,285,281,280],"product_tag":[],"class_list":{"0":"post-4883","1":"product","2":"type-product","3":"status-publish","4":"has-post-thumbnail","6":"product_cat-application-hvac-fr","7":"product_cat-capteurs-dhumidite-oem-et-sondes-fr","8":"product_cat-humidite-fr","9":"product_cat-instruments-de-mesure-fr","11":"first","12":"instock","13":"shipping-taxable","14":"product-type-simple"},"_links":{"self":[{"href":"https:\/\/wat-tunisia.com\/en\/wp-json\/wp\/v2\/product\/4883","targetHints":{"allow":["GET"]}}],"collection":[{"href":"https:\/\/wat-tunisia.com\/en\/wp-json\/wp\/v2\/product"}],"about":[{"href":"https:\/\/wat-tunisia.com\/en\/wp-json\/wp\/v2\/types\/product"}],"replies":[{"embeddable":true,"href":"https:\/\/wat-tunisia.com\/en\/wp-json\/wp\/v2\/comments?post=4883"}],"wp:featuredmedia":[{"embeddable":true,"href":"https:\/\/wat-tunisia.com\/en\/wp-json\/wp\/v2\/media\/5674"}],"wp:attachment":[{"href":"https:\/\/wat-tunisia.com\/en\/wp-json\/wp\/v2\/media?parent=4883"}],"wp:term":[{"taxonomy":"product_brand","embeddable":true,"href":"https:\/\/wat-tunisia.com\/en\/wp-json\/wp\/v2\/product_brand?post=4883"},{"taxonomy":"product_cat","embeddable":true,"href":"https:\/\/wat-tunisia.com\/en\/wp-json\/wp\/v2\/product_cat?post=4883"},{"taxonomy":"product_tag","embeddable":true,"href":"https:\/\/wat-tunisia.com\/en\/wp-json\/wp\/v2\/product_tag?post=4883"}],"curies":[{"name":"wp","href":"https:\/\/api.w.org\/{rel}","templated":true}]}}