{"id":4880,"date":"2025-10-21T18:03:14","date_gmt":"2025-10-21T16:03:14","guid":{"rendered":"https:\/\/wat-tunisia.com\/?post_type=product&#038;p=4880"},"modified":"2025-11-24T09:52:39","modified_gmt":"2025-11-24T08:52:39","slug":"transmetteur-dhumidite-et-temperature-pour-linterieur","status":"publish","type":"product","link":"https:\/\/wat-tunisia.com\/en\/product\/transmetteur-dhumidite-et-temperature-pour-linterieur\/","title":{"rendered":"Transmetteur d\u2019humidit\u00e9 et temp\u00e9rature pour l\u2019int\u00e9rieur"},"content":{"rendered":"","protected":false},"excerpt":{"rendered":"<h3 style=\"color: #c1272d; margin-bottom: 10px; font-weight: 600;\">HTS201<\/h3>\n<p>Le transmetteur pour l\u2019int\u00e9rieur HTS201 est con\u00e7u pour des mesures pr\u00e9cises et fiables en humidit\u00e9 relative (HR) et temp\u00e9rature (T) en contr\u00f4le d\u2019immeubles d\u2019habitations et locaux commerciaux. L\u2019\u00e9l\u00e9gant bo\u00eetier est disponible en deux tailles (UE et US) et int\u00e8gre un afficheur en option.<\/p>\n<p><a href=\"https:\/\/wat-tunisia.com\/wp-content\/uploads\/2025\/10\/FicheTechnique_HTS201.pdf\"><img loading=\"lazy\" decoding=\"async\" class=\"alignnone wp-image-5184\" src=\"https:\/\/wat-tunisia.com\/wp-content\/uploads\/2025\/11\/document_16064382-300x300.png\" alt=\"\" width=\"43\" height=\"38\" \/><\/a><a href=\"https:\/\/wat-tunisia.com\/wp-content\/uploads\/2025\/10\/FicheTechnique_HTS201.pdf\">\u00a0Fiche Technique<\/a><\/p>","protected":false},"featured_media":5883,"comment_status":"closed","ping_status":"closed","template":"","meta":[],"product_brand":[],"product_cat":[282,281,280],"product_tag":[],"class_list":{"0":"post-4880","1":"product","2":"type-product","3":"status-publish","4":"has-post-thumbnail","6":"product_cat-application-hvac-fr","7":"product_cat-humidite-fr","8":"product_cat-instruments-de-mesure-fr","10":"first","11":"instock","12":"shipping-taxable","13":"product-type-simple"},"_links":{"self":[{"href":"https:\/\/wat-tunisia.com\/en\/wp-json\/wp\/v2\/product\/4880","targetHints":{"allow":["GET"]}}],"collection":[{"href":"https:\/\/wat-tunisia.com\/en\/wp-json\/wp\/v2\/product"}],"about":[{"href":"https:\/\/wat-tunisia.com\/en\/wp-json\/wp\/v2\/types\/product"}],"replies":[{"embeddable":true,"href":"https:\/\/wat-tunisia.com\/en\/wp-json\/wp\/v2\/comments?post=4880"}],"wp:featuredmedia":[{"embeddable":true,"href":"https:\/\/wat-tunisia.com\/en\/wp-json\/wp\/v2\/media\/5883"}],"wp:attachment":[{"href":"https:\/\/wat-tunisia.com\/en\/wp-json\/wp\/v2\/media?parent=4880"}],"wp:term":[{"taxonomy":"product_brand","embeddable":true,"href":"https:\/\/wat-tunisia.com\/en\/wp-json\/wp\/v2\/product_brand?post=4880"},{"taxonomy":"product_cat","embeddable":true,"href":"https:\/\/wat-tunisia.com\/en\/wp-json\/wp\/v2\/product_cat?post=4880"},{"taxonomy":"product_tag","embeddable":true,"href":"https:\/\/wat-tunisia.com\/en\/wp-json\/wp\/v2\/product_tag?post=4880"}],"curies":[{"name":"wp","href":"https:\/\/api.w.org\/{rel}","templated":true}]}}