{"id":4876,"date":"2025-10-21T17:45:05","date_gmt":"2025-10-21T15:45:05","guid":{"rendered":"https:\/\/wat-tunisia.com\/?post_type=product&#038;p=4876"},"modified":"2025-11-23T23:51:40","modified_gmt":"2025-11-23T22:51:40","slug":"detecteur-de-gaz-oxygene-et-toxique","status":"publish","type":"product","link":"https:\/\/wat-tunisia.com\/en\/product\/detecteur-de-gaz-oxygene-et-toxique\/","title":{"rendered":"D\u00e9tecteur de gaz Oxyg\u00e8ne et toxique"},"content":{"rendered":"<h3>Sp\u00e9cifications du capteur<\/h3>\n<p style=\"text-align: left;\">* = Reportez-vous \u00e0 la plage de mesure des gaz toxiques<\/p>\n<table style=\"height: 340px;\" width=\"1032\">\n<tbody>\n<tr>\n<th>M\u00e9thode de mesure<\/th>\n<th>Pile galvanique<\/th>\n<th colspan=\"2\" width=\"500\">Pile \u00e9lectrochimique<\/th>\n<\/tr>\n<tr>\n<td>Gaz mesur\u00e9<\/td>\n<td>O2<\/td>\n<td width=\"115\">O2<\/td>\n<td width=\"107\">Gaz toxique<\/td>\n<\/tr>\n<tr>\n<td>Plage de mesure<\/td>\n<td>*<\/td>\n<td width=\"115\">*<\/td>\n<td width=\"107\">*<\/td>\n<\/tr>\n<tr>\n<td>Temps de r\u00e9ponse<\/td>\n<td>15 s \/ 90% \u00e9chelle<\/td>\n<td width=\"115\">15 s \/ 90% \u00e9chelle<\/td>\n<td width=\"107\">45 s \/ 90% \u00e9chelle<\/td>\n<\/tr>\n<tr>\n<td>Mat\u00e9riau<\/td>\n<td>SUS316<\/td>\n<td width=\"115\">SUS316<\/td>\n<td width=\"107\">SUS316<\/td>\n<\/tr>\n<\/tbody>\n<\/table>\n<h3>Sp\u00e9cifications du d\u00e9tecteur<\/h3>\n<div class=\"ds-scroll-area _1210dd7\">\n<table style=\"height: 526px;\" width=\"1033\">\n<thead>\n<tr>\n<th>Type de mesure<\/th>\n<td>Type \u00e0 diffusion<\/td>\n<\/tr>\n<\/thead>\n<tbody>\n<tr>\n<th>Pr\u00e9cision<\/th>\n<td>\u00b13% \/ Pleine \u00e9chelle<\/td>\n<\/tr>\n<tr>\n<th>Contr\u00f4le des param\u00e8tres<\/th>\n<td>Contr\u00f4le non intrusif avec une barre magn\u00e9tique (\u00c9talonnage, Maintenance)<\/td>\n<\/tr>\n<tr>\n<th>Affichage du mode de fonctionnement<\/th>\n<td>4 LED (Alimentation, 2 alarmes, 1 d\u00e9faut)<\/td>\n<\/tr>\n<tr>\n<th>Affichage de la valeur mesur\u00e9e<\/th>\n<td>Affichage LCD (R\u00e9tro\u00e9clairage int\u00e9gr\u00e9 2 lignes, 16 caract\u00e8res) \/ Type OLED (Option)<\/td>\n<\/tr>\n<tr>\n<th style=\"align-content: center;\">Signal de sortie<\/th>\n<td>Analogique : Sortie analogique 4-20 mA<br \/>\nSignal de maintenance : 4 mA<br \/>\nSignal d&rsquo;\u00e9talonnage : 3 mA<br \/>\nSignal de d\u00e9faut : 0 mA<br \/>\nNum\u00e9rique : RS-485 Modbus (Option)<\/td>\n<\/tr>\n<tr>\n<th>Mat\u00e9riau<\/th>\n<td>Alliage d&rsquo;aluminium ou Acier inoxydable<\/td>\n<\/tr>\n<tr>\n<th>Filetage d&rsquo;entr\u00e9e de c\u00e2ble<\/th>\n<td>Standard : PF 3\/4&Prime;<br \/>\nOption : PF 1\/2&Prime;, M20 x 1,5P, M25 x 1,5P, NPT 1\/2&Prime;, NPT 3\/4&Prime;<\/td>\n<\/tr>\n<tr>\n<th>Type de montage<\/th>\n<td>Montage sur poteau 2&Prime;, Montage mural, Option<\/td>\n<\/tr>\n<tr>\n<th>Temp\u00e9rature de fonctionnement<\/th>\n<td>-20 \u00b0C ~ 60 \u00b0C<\/td>\n<\/tr>\n<tr>\n<th>Humidit\u00e9 de fonctionnement<\/th>\n<td>5 ~ 99% HR (Sans condensation)<\/td>\n<\/tr>\n<tr>\n<th>Dimensions<\/th>\n<td>156 (L) x 196 (H) x 110 (P) mm<\/td>\n<\/tr>\n<tr>\n<th>Poids<\/th>\n<td>2,0 kg (Alliage d&rsquo;aluminium)<\/td>\n<\/tr>\n<\/tbody>\n<\/table>\n<\/div>","protected":false},"excerpt":{"rendered":"<h3 style=\"color: #c1272d; margin-bottom: 10px; font-weight: 600;\">GTD-3000Tx<\/h3>\n<ul>\n<li>D\u00e9tection continue des gaz toxiques et de l&rsquo;oxyg\u00e8ne en zone explosive<\/li>\n<li>Structure ignifuge<\/li>\n<li>Fonction d&rsquo;autodiagnostic gr\u00e2ce au microprocesseur int\u00e9gr\u00e9<\/li>\n<li>Excellente s\u00e9lectivit\u00e9 gr\u00e2ce \u00e0 l&rsquo;adaptation du principe de d\u00e9tection uniquement aux gaz toxiques et \u00e0 l&rsquo;oxyg\u00e8ne<\/li>\n<li>Qualit\u00e9 stable et principe de d\u00e9tection \u00e9prouv\u00e9 pour une dur\u00e9e de vie prolong\u00e9e<br \/>\n\u00c9cran LCD ou OLED r\u00e9tro\u00e9clair\u00e9 int\u00e9gr\u00e9<\/li>\n<li>Calibrage et programmation automatiques gr\u00e2ce \u00e0 une barre magn\u00e9tique<\/li>\n<li>Alarme \u00e0 deux niveaux, affichage d&rsquo;un d\u00e9faut et sortie relais<\/li>\n<li>Signal de sortie 4-20 mA (source ou collecteur de courant)<\/li>\n<li>Configuration facile du syst\u00e8me de surveillance par communication RS-485 Modbus<\/li>\n<li>Avec l&rsquo;unit\u00e9 d&rsquo;alarme<br \/>\nNormal\u00a0: LED verte<br \/>\nAlarme\u00a0: LED rouge, buzzer (95 dB)<br \/>\nD\u00e9faut\u00a0: LED jaune<\/li>\n<li>Calibrage et maintenance par une seule personne<\/li>\n<li>Performances sup\u00e9rieures pour la d\u00e9tection de gaz en dessous de la VLE<\/li>\n<\/ul>\n<p><a href=\"https:\/\/wat-tunisia.com\/wp-content\/uploads\/2025\/10\/GTD_3000Tx_Catalog_241028.pdf\"><img loading=\"lazy\" decoding=\"async\" class=\"alignnone wp-image-5184\" src=\"https:\/\/wat-tunisia.com\/wp-content\/uploads\/2025\/11\/document_16064382-300x300.png\" alt=\"\" width=\"43\" height=\"38\" \/><\/a><a href=\"https:\/\/wat-tunisia.com\/wp-content\/uploads\/2025\/10\/GTD_3000Tx_Catalog_241028.pdf\">\u00a0Fiche Technique<\/a><\/p>","protected":false},"featured_media":5505,"comment_status":"closed","ping_status":"closed","template":"","meta":[],"product_brand":[],"product_cat":[272,273],"product_tag":[],"class_list":{"0":"post-4876","1":"product","2":"type-product","3":"status-publish","4":"has-post-thumbnail","6":"product_cat-detecteur-de-gaz-fr","7":"product_cat-detecteur-de-gaz-fixe-fr","9":"first","10":"instock","11":"shipping-taxable","12":"product-type-simple"},"_links":{"self":[{"href":"https:\/\/wat-tunisia.com\/en\/wp-json\/wp\/v2\/product\/4876","targetHints":{"allow":["GET"]}}],"collection":[{"href":"https:\/\/wat-tunisia.com\/en\/wp-json\/wp\/v2\/product"}],"about":[{"href":"https:\/\/wat-tunisia.com\/en\/wp-json\/wp\/v2\/types\/product"}],"replies":[{"embeddable":true,"href":"https:\/\/wat-tunisia.com\/en\/wp-json\/wp\/v2\/comments?post=4876"}],"wp:featuredmedia":[{"embeddable":true,"href":"https:\/\/wat-tunisia.com\/en\/wp-json\/wp\/v2\/media\/5505"}],"wp:attachment":[{"href":"https:\/\/wat-tunisia.com\/en\/wp-json\/wp\/v2\/media?parent=4876"}],"wp:term":[{"taxonomy":"product_brand","embeddable":true,"href":"https:\/\/wat-tunisia.com\/en\/wp-json\/wp\/v2\/product_brand?post=4876"},{"taxonomy":"product_cat","embeddable":true,"href":"https:\/\/wat-tunisia.com\/en\/wp-json\/wp\/v2\/product_cat?post=4876"},{"taxonomy":"product_tag","embeddable":true,"href":"https:\/\/wat-tunisia.com\/en\/wp-json\/wp\/v2\/product_tag?post=4876"}],"curies":[{"name":"wp","href":"https:\/\/api.w.org\/{rel}","templated":true}]}}