{"id":4872,"date":"2025-10-21T17:12:19","date_gmt":"2025-10-21T15:12:19","guid":{"rendered":"https:\/\/wat-tunisia.com\/?post_type=product&#038;p=4872"},"modified":"2025-11-23T23:50:28","modified_gmt":"2025-11-23T22:50:28","slug":"detecteur-de-gaz-inflammable","status":"publish","type":"product","link":"https:\/\/wat-tunisia.com\/en\/product\/detecteur-de-gaz-inflammable\/","title":{"rendered":"D\u00e9tecteur de gaz Inflammable"},"content":{"rendered":"<h3>Sp\u00e9cifications du capteur<\/h3>\n<div class=\"ds-scroll-area _1210dd7\">\n<table style=\"height: 189px;\" width=\"1044\">\n<thead>\n<tr>\n<th>M\u00e9thode de mesure<\/th>\n<th>Cellule catalytique<\/th>\n<th>Cellule semi-conductrice \u00e0 fil chaud<\/th>\n<th>Cellule \u00e0 conductivit\u00e9 thermique<\/th>\n<\/tr>\n<\/thead>\n<tbody>\n<tr>\n<td>Gaz mesur\u00e9<\/td>\n<td>Gaz inflammable<\/td>\n<td>Gaz inflammable<\/td>\n<td>Gaz inflammable<\/td>\n<\/tr>\n<tr>\n<td>Plage de mesure<\/td>\n<td>0 ~ 100% LEL<\/td>\n<td>0 ~ 2000 ppm<\/td>\n<td>0 ~ 100% Vol<\/td>\n<\/tr>\n<tr>\n<td>Temps de r\u00e9ponse<\/td>\n<td>\u00a015 s \/ 90% \u00e9chelle<\/td>\n<td>\u00a015 s \/ 90% \u00e9chelle<\/td>\n<td>\u00a015 s \/ 90% \u00e9chelle<\/td>\n<\/tr>\n<tr>\n<td>Mat\u00e9riau<\/td>\n<td>SUS316<\/td>\n<td>SUS316<\/td>\n<td>SUS316<\/td>\n<\/tr>\n<\/tbody>\n<\/table>\n<\/div>\n<h3>Sp\u00e9cifications du d\u00e9tecteur<\/h3>\n<div class=\"ds-scroll-area _1210dd7\">\n<table style=\"height: 554px;\" width=\"1043\">\n<thead>\n<tr>\n<td style=\"background-color: #0062a6; color: #ffffff; font-size: 16px;\">Type de mesure<\/td>\n<td>Type \u00e0 diffusion<\/td>\n<\/tr>\n<\/thead>\n<tbody>\n<tr>\n<td style=\"background-color: #0062a6; color: #ffffff; font-size: 16px;\">Pr\u00e9cision<\/td>\n<td>\u00b13% \/ Pleine \u00e9chelle<\/td>\n<\/tr>\n<tr>\n<td style=\"background-color: #0062a6; color: #ffffff; font-size: 16px;\">Contr\u00f4le des param\u00e8tres<\/td>\n<td>Contr\u00f4le non intrusif avec une barre magn\u00e9tique (\u00c9talonnage, Maintenance)<\/td>\n<\/tr>\n<tr>\n<td style=\"background-color: #0062a6; color: #ffffff; font-size: 16px;\">Affichage du mode de fonctionnement<\/td>\n<td>4 LED (Alimentation, 2 alarmes, 1 d\u00e9faut)<\/td>\n<\/tr>\n<tr>\n<td style=\"background-color: #0062a6; color: #ffffff; font-size: 16px;\">Affichage de la valeur mesur\u00e9e<\/td>\n<td>Affichage LCD (R\u00e9tro\u00e9clairage int\u00e9gr\u00e9 2 lignes, 8 caract\u00e8res) \/ Type OLED (Option)<\/td>\n<\/tr>\n<tr>\n<td style=\"background-color: #0062a6; color: #ffffff; font-size: 16px;\">Signal de sortie<\/td>\n<td>Analogique : Sortie analogique 4-20 mA<br \/>\nSignal de maintenance : 4 mA<br \/>\nSignal d&rsquo;\u00e9talonnage : 3 mA<br \/>\nSignal de d\u00e9faut : 0 mA<br \/>\nNum\u00e9rique : RS-485 Modbus (Option)<\/td>\n<\/tr>\n<tr>\n<td style=\"background-color: #0062a6; color: #ffffff; font-size: 16px;\">Mat\u00e9riau<\/td>\n<td>Alliage d&rsquo;aluminium ou Acier inoxydable<\/td>\n<\/tr>\n<tr>\n<td style=\"background-color: #0062a6; color: #ffffff; font-size: 16px;\">Filetage d&rsquo;entr\u00e9e de c\u00e2ble<\/td>\n<td>Standard : PF 3\/4&Prime;<br \/>\nOption : PF 1\/2&Prime;, M20 x 1,5P, M25 x 1,5P, NPT 1\/2&Prime;, NPT 3\/4&Prime;<\/td>\n<\/tr>\n<tr>\n<td style=\"background-color: #0062a6; color: #ffffff; font-size: 16px;\">Type de montage<\/td>\n<td>Montage sur poteau 2&Prime;, Montage mural, Option<\/td>\n<\/tr>\n<tr>\n<td style=\"background-color: #0062a6; color: #ffffff; font-size: 16px;\">Temp\u00e9rature de fonctionnement<\/td>\n<td>-20 \u00b0C ~ 60 \u00b0C<\/td>\n<\/tr>\n<tr>\n<td style=\"background-color: #0062a6; color: #ffffff; font-size: 16px;\">Humidit\u00e9 de fonctionnement<\/td>\n<td>5 ~ 99 % HR (Sans condensation)<\/td>\n<\/tr>\n<tr>\n<td style=\"background-color: #0062a6; color: #ffffff; font-size: 16px;\">Dimensions<\/td>\n<td>156 (L) x 186 (H) x 110 (P) mm<\/td>\n<\/tr>\n<tr>\n<td style=\"background-color: #0062a6; color: #ffffff; font-size: 16px;\">Poids<\/td>\n<td>1,7 kg (Alliage d&rsquo;aluminium) 13,4 kg (Acier inoxydable)<\/td>\n<\/tr>\n<\/tbody>\n<\/table>\n<\/div>","protected":false},"excerpt":{"rendered":"<h3 style=\"color: #c1272d; margin-bottom: 10px; font-weight: 600;\">GTD-3000Ex<\/h3>\n<ul>\n<li>D\u00e9tection continue des gaz inflammables en zone explosive gr\u00e2ce \u00e0 sa structure ignifuge.<\/li>\n<li>Fonction d&rsquo;autodiagnostic gr\u00e2ce \u00e0 un microprocesseur int\u00e9gr\u00e9.<\/li>\n<li>D\u00e9tection de gaz de faible \u00e0 forte concentration gr\u00e2ce \u00e0 diff\u00e9rents principes de d\u00e9tection.<\/li>\n<li>Qualit\u00e9 stable et principe de d\u00e9tection \u00e9prouv\u00e9 pour une dur\u00e9e de vie prolong\u00e9e.<\/li>\n<li>\u00c9cran LCD ou OLED r\u00e9tro\u00e9clair\u00e9 int\u00e9gr\u00e9.<\/li>\n<li>Calibrage et programmation automatiques gr\u00e2ce \u00e0 une barre magn\u00e9tique.<\/li>\n<li>Alarme \u00e0 deux niveaux, affichage d&rsquo;un d\u00e9faut et sortie relais.<\/li>\n<li>Signal de sortie 4-20 mA (source ou collecteur de courant).<\/li>\n<li>Configuration facile de la surveillance gr\u00e2ce \u00e0 la communication Modbus RS-485.<\/li>\n<li>Avec l&rsquo;unit\u00e9 d&rsquo;alarme.<\/li>\n<li>Tension normale\u00a0: LED verte.<br \/>\nAlarme\u00a0: LED rouge, buzzer (95 dB).<br \/>\nD\u00e9faut\u00a0: LED jaune.<\/li>\n<li>Calibrage et maintenance par une seule personne.<\/li>\n<\/ul>\n<p><a href=\"https:\/\/wat-tunisia.com\/wp-content\/uploads\/2025\/10\/GTD_3000Ex_Catalog_241028.pdf\"><img loading=\"lazy\" decoding=\"async\" class=\"alignnone wp-image-5184\" src=\"https:\/\/wat-tunisia.com\/wp-content\/uploads\/2025\/11\/document_16064382-300x300.png\" alt=\"\" width=\"43\" height=\"38\" \/><\/a><a href=\"https:\/\/wat-tunisia.com\/wp-content\/uploads\/2025\/10\/GTD_3000Ex_Catalog_241028.pdf\">\u00a0Fiche Technique<\/a><\/p>","protected":false},"featured_media":5843,"comment_status":"closed","ping_status":"closed","template":"","meta":[],"product_brand":[],"product_cat":[272,273],"product_tag":[],"class_list":{"0":"post-4872","1":"product","2":"type-product","3":"status-publish","4":"has-post-thumbnail","6":"product_cat-detecteur-de-gaz-fr","7":"product_cat-detecteur-de-gaz-fixe-fr","9":"first","10":"instock","11":"shipping-taxable","12":"product-type-simple"},"_links":{"self":[{"href":"https:\/\/wat-tunisia.com\/en\/wp-json\/wp\/v2\/product\/4872","targetHints":{"allow":["GET"]}}],"collection":[{"href":"https:\/\/wat-tunisia.com\/en\/wp-json\/wp\/v2\/product"}],"about":[{"href":"https:\/\/wat-tunisia.com\/en\/wp-json\/wp\/v2\/types\/product"}],"replies":[{"embeddable":true,"href":"https:\/\/wat-tunisia.com\/en\/wp-json\/wp\/v2\/comments?post=4872"}],"wp:featuredmedia":[{"embeddable":true,"href":"https:\/\/wat-tunisia.com\/en\/wp-json\/wp\/v2\/media\/5843"}],"wp:attachment":[{"href":"https:\/\/wat-tunisia.com\/en\/wp-json\/wp\/v2\/media?parent=4872"}],"wp:term":[{"taxonomy":"product_brand","embeddable":true,"href":"https:\/\/wat-tunisia.com\/en\/wp-json\/wp\/v2\/product_brand?post=4872"},{"taxonomy":"product_cat","embeddable":true,"href":"https:\/\/wat-tunisia.com\/en\/wp-json\/wp\/v2\/product_cat?post=4872"},{"taxonomy":"product_tag","embeddable":true,"href":"https:\/\/wat-tunisia.com\/en\/wp-json\/wp\/v2\/product_tag?post=4872"}],"curies":[{"name":"wp","href":"https:\/\/api.w.org\/{rel}","templated":true}]}}