{"id":4865,"date":"2025-10-21T09:38:48","date_gmt":"2025-10-21T07:38:48","guid":{"rendered":"https:\/\/wat-tunisia.com\/?post_type=product&#038;p=4865"},"modified":"2025-11-23T23:48:51","modified_gmt":"2025-11-23T22:48:51","slug":"detecteur-de-gaz-infrarouge","status":"publish","type":"product","link":"https:\/\/wat-tunisia.com\/en\/product\/detecteur-de-gaz-infrarouge\/","title":{"rendered":"D\u00e9tecteur de gaz Infrarouge"},"content":{"rendered":"<h3>Sp\u00e9cification du capteur<\/h3>\n<table style=\"height: 449px;\" width=\"1055\">\n<tbody>\n<tr>\n<td style=\"background-color: #0062a6; color: #ffffff; font-size: 16px;\">\u00a0M\u00e9thode de mesure<\/td>\n<td colspan=\"4\" width=\"463\">\n<p style=\"text-align: center;\"><strong>infrarouge<\/strong><\/p>\n<\/td>\n<\/tr>\n<tr>\n<td style=\"background-color: #0062a6; color: #ffffff; font-size: 16px;\">\u00a0Gaz mesurable<\/td>\n<td>Gaz inflammable<\/td>\n<td>CO\u00b2<\/td>\n<td>CO<\/td>\n<td>N2O<\/td>\n<\/tr>\n<tr>\n<td style=\"background-color: #0062a6; color: #ffffff; font-size: 16px; align-content: center;\">\u00a0Plage de mesure<\/td>\n<td>0 ~ 100% LEL<br \/>\n0 ~ 9999ppm<br \/>\n0 ~ 100% Vol<\/td>\n<td>0 ~ 5.0% Vol<\/td>\n<td>0 ~ 2.0% Vol<\/td>\n<td>0 ~ 4000ppm<\/td>\n<\/tr>\n<tr>\n<td style=\"background-color: #0062a6; color: #ffffff; font-size: 16px; align-content: center;\">\u00a0Temps de r\u00e9ponse<\/td>\n<td>5 sec \/ 90% de l\u2019\u00e9chelle<br \/>\n3 sec \/ 50% de l\u2019\u00e9chelle<\/td>\n<td>5 sec \/ 90% de l\u2019\u00e9chelle<br \/>\n3 sec \/ 50% de l\u2019\u00e9chelle<\/td>\n<td>5 sec \/ 90% de l\u2019\u00e9chelle<br \/>\n3 sec \/ 50% de l\u2019\u00e9chelle<\/td>\n<td>5 sec \/ 90% de l\u2019\u00e9chelle<br \/>\n3 sec \/ 50% de l\u2019\u00e9chelle<\/td>\n<\/tr>\n<tr>\n<td style=\"background-color: #0062a6; color: #ffffff; font-size: 16px;\">\u00a0Mat\u00e9riel<\/td>\n<td>SUS316<\/td>\n<td>SUS316<\/td>\n<td>SUS316<\/td>\n<td>SUS316<\/td>\n<\/tr>\n<\/tbody>\n<\/table>\n<h3>Sp\u00e9cifications du d\u00e9tecteur<\/h3>\n<table style=\"height: 598px;\" width=\"1076\">\n<tbody>\n<tr>\n<td style=\"background-color: #0062a6; color: #ffffff; font-size: 16px;\" width=\"200\">\u00a0Type de mesure<\/td>\n<td>Type de diffusion<\/td>\n<\/tr>\n<tr>\n<td style=\"background-color: #0062a6; color: #ffffff; font-size: 16px;\">\u00a0Pr\u00e9cision<\/td>\n<td>\u00b13% \/ Pleine \u00e9chelle<\/td>\n<\/tr>\n<tr>\n<td style=\"background-color: #0062a6; color: #ffffff; font-size: 16px;\">\u00a0Dur\u00e9e de vie du capteur<\/td>\n<td>Plus de 5 ans<\/td>\n<\/tr>\n<tr>\n<td style=\"background-color: #0062a6; color: #ffffff; font-size: 16px;\">\u00a0Contr\u00f4le des param\u00e8tres<\/td>\n<td>Contr\u00f4le non intrusif avec une barre magn\u00e9tique (Calibrage, Maintenance, R\u00e9glage des alarmes)<\/td>\n<\/tr>\n<tr>\n<td style=\"background-color: #0062a6; color: #ffffff; font-size: 16px;\">\u00a0Affichage du mode de fonctionnement<\/td>\n<td>4 LED (alimentation, alarme \u00e0 2 niveaux, 1 probl\u00e8me)<\/td>\n<\/tr>\n<tr>\n<td style=\"background-color: #0062a6; color: #ffffff; font-size: 16px;\">\u00a0Affichage de la valeur de mesure<\/td>\n<td>\u00c9cran LCD (r\u00e9tro\u00e9clairage int\u00e9gr\u00e9 2 lignes, 16 caract\u00e8res) \/ type OLED (option)<\/td>\n<\/tr>\n<tr>\n<td style=\"background-color: #0062a6; color: #ffffff; font-size: 16px;\">\u00a0Sortie de signal d&rsquo;alarme<\/td>\n<td>2 A \u00e0 30 V CC, 0,5 A \u00e0 125 V CA (charge r\u00e9sistive) \/ Contact relais 3 SPST (alarme \u00e0 2 niveaux, 1 probl\u00e8me)<\/td>\n<\/tr>\n<tr>\n<td style=\"background-color: #0062a6; color: #ffffff; font-size: 16px;\">\u00a0Signal de sortie<\/td>\n<td>Analogique\u00a0: Sortie analogique 4-20\u00a0mA | Signal de maintenance\u00a0: 3\u00a0mA | Signal d\u2019\u00e9talonnage\u00a0: 3\u00a0mA | Signal de d\u00e9faut\u00a0: OmA | Num\u00e9rique\u00a0: RS-485 Modbus (option) MA (HART 7, langage de description de l\u2019appareil HART disponible, option)<\/td>\n<\/tr>\n<tr>\n<td style=\"background-color: #0062a6; color: #ffffff; font-size: 16px;\">\u00a0Mat\u00e9riel<\/td>\n<td>Alliage d&rsquo;aluminium ou acier inoxydable<\/td>\n<\/tr>\n<tr>\n<td style=\"background-color: #0062a6; color: #ffffff; font-size: 16px;\">\u00a0Filetage d&rsquo;entr\u00e9e de c\u00e2ble<\/td>\n<td>Norme\u00a0: PF 3\/4\u00a0po, option\u00a0: PF 1\/2\u00a0po, M20 x 1,5\u00a0P, M25 x 1,5\u00a0P, NPT 1\/2\u00a0po, NPT 3\/4\u00a0po<\/td>\n<\/tr>\n<tr>\n<td style=\"background-color: #0062a6; color: #ffffff; font-size: 16px;\">\u00a0Type de montage<\/td>\n<td>Montage sur poteau de 2 po, montage mural, montage sur conduit<\/td>\n<\/tr>\n<tr>\n<td style=\"background-color: #0062a6; color: #ffffff; font-size: 16px;\">\u00a0Temp\u00e9rature de fonctionnement<\/td>\n<td>-40\u00b0C~80\u00b0C<\/td>\n<\/tr>\n<tr>\n<td style=\"background-color: #0062a6; color: #ffffff; font-size: 16px;\">\u00a0Humidit\u00e9 de fonctionnement<\/td>\n<td>5 \u00e0 99 % HR (sans condensation)<\/td>\n<\/tr>\n<tr>\n<td style=\"background-color: #0062a6; color: #ffffff; font-size: 16px;\">\u00a0Dimensions<\/td>\n<td>156 (L) x 322 (H) x 110 (P) mm<\/td>\n<\/tr>\n<tr>\n<td style=\"background-color: #0062a6; color: #ffffff; font-size: 16px;\">\u00a0Poids<\/td>\n<td>3,2 kg (alliage d&rsquo;aluminium) | 4,9 kg (acier inoxydable)<\/td>\n<\/tr>\n<\/tbody>\n<\/table>","protected":false},"excerpt":{"rendered":"<h3 style=\"color: #c1272d; margin-bottom: 10px; font-weight: 600;\">GIR-3000<\/h3>\n<ul>\n<li>D\u00e9tecte les gaz tels que les gaz combustibles, le CO2, le CO et le N2O.<\/li>\n<li>Le principe de mesure infrarouge assure un temps de r\u00e9ponse rapide et une longue dur\u00e9e de vie.<\/li>\n<li>Construit avec une structure interne r\u00e9sistante \u00e0 la pression pour pr\u00e9venir tout risque d&rsquo;explosion secondaire, offrant une s\u00e9curit\u00e9 maximale dans les environnements dangereux.<\/li>\n<li>\u00c9quip\u00e9 d&rsquo;une sortie relais.<\/li>\n<li>Un syst\u00e8me de surveillance peut \u00eatre mis en place via les communications RS-485 Modbus et HART.<\/li>\n<li>Dispose d&rsquo;une fonction d&rsquo;autodiagnostic int\u00e9gr\u00e9e.<\/li>\n<li>Compatible avec les voyants d&rsquo;avertissement antid\u00e9flagrants (GTL-100) fix\u00e9s au d\u00e9tecteur.<\/li>\n<\/ul>\n<p><a href=\"https:\/\/wat-tunisia.com\/wp-content\/uploads\/2025\/10\/GIR_3000_Catalog_250212.pdf\"><img loading=\"lazy\" decoding=\"async\" class=\"alignnone wp-image-5184\" src=\"https:\/\/wat-tunisia.com\/wp-content\/uploads\/2025\/11\/document_16064382-300x300.png\" alt=\"\" width=\"43\" height=\"38\" \/><\/a><a href=\"https:\/\/wat-tunisia.com\/wp-content\/uploads\/2025\/10\/GIR_3000_Catalog_250212.pdf\">\u00a0Fiche Technique<\/a><\/p>","protected":false},"featured_media":5859,"comment_status":"closed","ping_status":"closed","template":"","meta":[],"product_brand":[],"product_cat":[272,273],"product_tag":[],"class_list":{"0":"post-4865","1":"product","2":"type-product","3":"status-publish","4":"has-post-thumbnail","6":"product_cat-detecteur-de-gaz-fr","7":"product_cat-detecteur-de-gaz-fixe-fr","9":"first","10":"instock","11":"shipping-taxable","12":"product-type-simple"},"_links":{"self":[{"href":"https:\/\/wat-tunisia.com\/en\/wp-json\/wp\/v2\/product\/4865","targetHints":{"allow":["GET"]}}],"collection":[{"href":"https:\/\/wat-tunisia.com\/en\/wp-json\/wp\/v2\/product"}],"about":[{"href":"https:\/\/wat-tunisia.com\/en\/wp-json\/wp\/v2\/types\/product"}],"replies":[{"embeddable":true,"href":"https:\/\/wat-tunisia.com\/en\/wp-json\/wp\/v2\/comments?post=4865"}],"wp:featuredmedia":[{"embeddable":true,"href":"https:\/\/wat-tunisia.com\/en\/wp-json\/wp\/v2\/media\/5859"}],"wp:attachment":[{"href":"https:\/\/wat-tunisia.com\/en\/wp-json\/wp\/v2\/media?parent=4865"}],"wp:term":[{"taxonomy":"product_brand","embeddable":true,"href":"https:\/\/wat-tunisia.com\/en\/wp-json\/wp\/v2\/product_brand?post=4865"},{"taxonomy":"product_cat","embeddable":true,"href":"https:\/\/wat-tunisia.com\/en\/wp-json\/wp\/v2\/product_cat?post=4865"},{"taxonomy":"product_tag","embeddable":true,"href":"https:\/\/wat-tunisia.com\/en\/wp-json\/wp\/v2\/product_tag?post=4865"}],"curies":[{"name":"wp","href":"https:\/\/api.w.org\/{rel}","templated":true}]}}