{"id":4857,"date":"2025-10-20T22:34:17","date_gmt":"2025-10-20T20:34:17","guid":{"rendered":"https:\/\/wat-tunisia.com\/?post_type=product&#038;p=4857"},"modified":"2025-11-24T00:00:45","modified_gmt":"2025-11-23T23:00:45","slug":"antideflagrant-detecteur-de-gaz","status":"publish","type":"product","link":"https:\/\/wat-tunisia.com\/en\/product\/antideflagrant-detecteur-de-gaz\/","title":{"rendered":"Antid\u00e9flagrant D\u00e9tecteur de gaz"},"content":{"rendered":"<section class=\"specifications\" style=\"font-family: Arial, sans-serif; margin: 40px auto; max-width: 950px;\">\n<h2 style=\"color: #111; margin-top: 40px;\">Sp\u00e9cification du capteur<\/h2>\n<table style=\"width: 100%; border-collapse: collapse; margin-top: 15px; font-size: 15px;\">\n<thead style=\"background: #f4f4f4;\">\n<tr style=\"font-weight: bold; text-align: left;\">\n<th style=\"padding: 10px; border: 1px solid #ddd;\">M\u00e9thode de mesure<\/th>\n<th style=\"padding: 10px; border: 1px solid #ddd;\">Gaz mesurable<\/th>\n<th style=\"padding: 10px; border: 1px solid #ddd;\">Plage de mesure<\/th>\n<th style=\"padding: 10px; border: 1px solid #ddd;\">Temps de r\u00e9ponse<\/th>\n<\/tr>\n<\/thead>\n<tbody>\n<tr>\n<td style=\"align-content: center;\" rowspan=\"4\">Infrarouge<\/td>\n<td>Gaz frigorig\u00e8ne<\/td>\n<td>0 ~ 2000 ppm<\/td>\n<td>&lt; 15 sec \/ 90% de l\u2019\u00e9chelle<\/td>\n<\/tr>\n<tr>\n<td>Gaz inflammable<\/td>\n<td>0 ~ 100% LIE<\/td>\n<td>&lt; 15 sec \/ 90% de l\u2019\u00e9chelle<\/td>\n<\/tr>\n<tr>\n<td>Gaz toxique<\/td>\n<td>_<\/td>\n<td>&lt; 15 sec \/ 90% de l\u2019\u00e9chelle<\/td>\n<\/tr>\n<tr>\n<td>Gaz pr\u00e9curseur<\/td>\n<td>\u2013<\/td>\n<td>&lt; 15 sec (par d\u00e9faut) \/ &lt; 50 sec (TEOS, OMCTS)<\/td>\n<\/tr>\n<tr>\n<td>Cellule catalytique<\/td>\n<td>Gaz inflammable<\/td>\n<td>0 ~ 100% LIE<\/td>\n<td>&lt; 15 sec \/ 90% de l\u2019\u00e9chelle<\/td>\n<\/tr>\n<tr>\n<td>Cellule semi-conductrice \u00e0 fil chaud<\/td>\n<td>Gaz inflammable<\/td>\n<td>0 ~ 100% LIE<\/td>\n<td>&lt; 15 sec \/ 90% de l\u2019\u00e9chelle<\/td>\n<\/tr>\n<tr>\n<td>Cellule \u00e0 conductivit\u00e9 thermique<\/td>\n<td>Gaz inflammable<\/td>\n<td>0 ~ 2000 ppm<\/td>\n<td>&lt; 20 sec \/ 90% de l\u2019\u00e9chelle<\/td>\n<\/tr>\n<tr>\n<td>Cellule galvanique<\/td>\n<td>O\u2082<\/td>\n<td>\u2013<\/td>\n<td>&lt; 15 sec \/ 90% de l\u2019\u00e9chelle<\/td>\n<\/tr>\n<tr>\n<td style=\"align-content: center;\" rowspan=\"2\">Cellule \u00e9lectrochimique<\/td>\n<td>O\u2082<\/td>\n<td>\u2013<\/td>\n<td>&lt; 45 s (par d\u00e9faut) \/ &lt; 60 s (03) \/ &lt; 70 s (HCl) \/ &lt; 100 s (HF)<\/td>\n<\/tr>\n<tr>\n<td>Gaz toxique<\/td>\n<td>\u2013<\/td>\n<td>&lt; 15 s \/ 90 % \u00e9chelle<\/td>\n<\/tr>\n<tr>\n<td>D\u00e9tecteur de photo-ionisation (PID)<\/td>\n<td>VOC gaz<\/td>\n<td>\u2013<\/td>\n<td>Varie selon le gaz<\/td>\n<\/tr>\n<\/tbody>\n<\/table>\n<section class=\"specifications\" style=\"font-family: Arial, sans-serif; margin: 40px auto; max-width: 950px;\">\n<h2 style=\"color: #111; margin-top: 40px;\">Sp\u00e9cifications du d\u00e9tecteur<\/h2>\n<table style=\"width: 100%; border-collapse: collapse; margin-top: 15px; font-size: 15px;\">\n<thead style=\"background: #f4f4f4;\">\n<tr style=\"font-weight: bold; text-align: left;\">\n<th style=\"padding: 10px; border: 1px solid #ddd; width: 35%;\">\u00c9l\u00e9ment<\/th>\n<th style=\"padding: 10px; border: 1px solid #ddd;\">D\u00e9tail<\/th>\n<\/tr>\n<\/thead>\n<tbody>\n<tr>\n<td>Type de mesure<\/td>\n<td>Type d&rsquo;\u00e9chantillonnage automatique<\/td>\n<\/tr>\n<tr>\n<td>Pr\u00e9cision<\/td>\n<td>\u00b13 % \/ Plage compl\u00e8te<\/td>\n<\/tr>\n<tr>\n<td>Contr\u00f4le des param\u00e8tres<\/td>\n<td>Contr\u00f4le sans contact avec une barre magn\u00e9tique (Calibration, Maintenance, R\u00e9glage des alarmes)<\/td>\n<\/tr>\n<tr>\n<td>Affichage du mode de fonctionnement<\/td>\n<td>GTD-5100F : Alarme \/ Probl\u00e8me LED taux de d\u00e9bit | GTD-5100F LCD Version : \u00c9cran LCD TFT couleur 2.0&Prime; (\u00c9tat du d\u00e9tecteur, gaz, info, code d&rsquo;erreur, etc.) | Indicateur LED (Alarme, Probl\u00e8me)<\/td>\n<\/tr>\n<tr>\n<td>Affichage de la valeur mesur\u00e9e<\/td>\n<td>GTD-5100F : Affichage FND (4 chiffres) | GTD-5100F LCD Version : \u00c9cran LCD TFT couleur 2.0&Prime; (Gaz visible, taux de d\u00e9bit, etc.)<\/td>\n<\/tr>\n<tr>\n<td>Sortie d&rsquo;alimentation<\/td>\n<td>3.5A@30VDC, 3.5A@12-15VAC (charge r\u00e9sistive) \/ 3-SPST Relais contact (Alarme \u00e0 2 niveaux, Probl\u00e8me)<\/td>\n<\/tr>\n<tr>\n<td>Signal de sortie<\/td>\n<td>Analogique : 4-20mA, Relais, RS-485 Modbus (Option), PoE (Option)<\/td>\n<\/tr>\n<tr>\n<td>M\u00e9thode d&rsquo;\u00e9chantillonnage<\/td>\n<td>Pompe \u00e0 diaphragme<\/td>\n<\/tr>\n<tr>\n<td>Dimension du pr\u00e9l\u00e8vement<\/td>\n<td>OD 1\/4&Prime; (Standard)<\/td>\n<\/tr>\n<tr>\n<td>D\u00e9bit d&rsquo;air<\/td>\n<td>0 ~ 1000mL\/min (Normal 500mL\/min)<\/td>\n<\/tr>\n<tr>\n<td>Mat\u00e9riau<\/td>\n<td>Alliage d&rsquo;aluminium<\/td>\n<\/tr>\n<tr>\n<td>Connexion du conduit<\/td>\n<td>Standard : PF 3\/4&Prime; | Option : NPT 3\/4&Prime; M25 | PF 1\/2&Prime; NPT 1\/2&Prime; M20 (Avec r\u00e9ducteur de pression d&rsquo;explosion)<\/td>\n<\/tr>\n<tr>\n<td>Montage<\/td>\n<td>Montage mural<\/td>\n<\/tr>\n<tr>\n<td>Temp\u00e9rature de fonctionnement<\/td>\n<td>-10 ~ 60\u00b0C<\/td>\n<\/tr>\n<tr>\n<td>Plage de fonctionnement<\/td>\n<td>5 ~ 99% RH (Non-condens\u00e9)<\/td>\n<\/tr>\n<tr>\n<td>Dimensions<\/td>\n<td>200(W) x 161(H) x 139(D) mm<\/td>\n<\/tr>\n<tr>\n<td>Poids<\/td>\n<td>4kg<\/td>\n<\/tr>\n<tr>\n<td>Puissance de fonctionnement<\/td>\n<td>Type standard : 9.6<\/td>\n<\/tr>\n<\/tbody>\n<\/table>\n<\/section>\n<\/section>","protected":false},"excerpt":{"rendered":"<h3 style=\"color: #c1272d; margin-bottom: 10px; font-weight: 600;\">GTD-5100F<\/h3>\n<ul>\n<li>D\u00e9tection de gaz tels que combustibles, toxiques, fr\u00e9ons, oxyg\u00e8ne et COV<\/li>\n<li>Fonction d&rsquo;autodiagnostic gr\u00e2ce \u00e0 un microprocesseur int\u00e9gr\u00e9<\/li>\n<li>Remplacement facile gr\u00e2ce \u00e0 un capteur \u00e0 cartouche<\/li>\n<li>Capteur de d\u00e9bit num\u00e9rique pour un d\u00e9bit constant<\/li>\n<li>Intervention rapide en cas de fuite de gaz gr\u00e2ce \u00e0 une pompe int\u00e9gr\u00e9e \u00e0 haut rendement<\/li>\n<li>Qualit\u00e9 stable et principe de d\u00e9tection \u00e9prouv\u00e9 pour une dur\u00e9e de vie prolong\u00e9e<\/li>\n<li>Calibrage et programmation automatiques gr\u00e2ce \u00e0 la barre magn\u00e9tique sur le panneau d&rsquo;affichage FND<\/li>\n<li>Affichage num\u00e9rique de la concentration de gaz \u00e0 4 chiffres<\/li>\n<li>Signal de sortie 4-20 mA (source ou collecteur de courant)<\/li>\n<li>Configuration facile de la surveillance via la communication Modbus RS-485<\/li>\n<li>Type 3 fils | Alarme \u00e0 2 niveaux, affichage d&rsquo;un d\u00e9faut et sortie relais<\/li>\n<\/ul>\n<p><a href=\"https:\/\/wat-tunisia.com\/wp-content\/uploads\/2025\/10\/GTD_5100F_Catalog_250228.pdf\"><img loading=\"lazy\" decoding=\"async\" class=\"alignnone wp-image-5184\" src=\"https:\/\/wat-tunisia.com\/wp-content\/uploads\/2025\/11\/document_16064382-300x300.png\" alt=\"\" width=\"43\" height=\"38\" \/><\/a><a href=\"https:\/\/wat-tunisia.com\/wp-content\/uploads\/2025\/11\/GTD_5100F_Catalog_250228.pdf\">\u00a0Fiche Technique<\/a><\/p>","protected":false},"featured_media":5852,"comment_status":"closed","ping_status":"closed","template":"","meta":[],"product_brand":[],"product_cat":[272,273],"product_tag":[],"class_list":{"0":"post-4857","1":"product","2":"type-product","3":"status-publish","4":"has-post-thumbnail","6":"product_cat-detecteur-de-gaz-fr","7":"product_cat-detecteur-de-gaz-fixe-fr","9":"first","10":"instock","11":"shipping-taxable","12":"product-type-simple"},"_links":{"self":[{"href":"https:\/\/wat-tunisia.com\/en\/wp-json\/wp\/v2\/product\/4857","targetHints":{"allow":["GET"]}}],"collection":[{"href":"https:\/\/wat-tunisia.com\/en\/wp-json\/wp\/v2\/product"}],"about":[{"href":"https:\/\/wat-tunisia.com\/en\/wp-json\/wp\/v2\/types\/product"}],"replies":[{"embeddable":true,"href":"https:\/\/wat-tunisia.com\/en\/wp-json\/wp\/v2\/comments?post=4857"}],"wp:featuredmedia":[{"embeddable":true,"href":"https:\/\/wat-tunisia.com\/en\/wp-json\/wp\/v2\/media\/5852"}],"wp:attachment":[{"href":"https:\/\/wat-tunisia.com\/en\/wp-json\/wp\/v2\/media?parent=4857"}],"wp:term":[{"taxonomy":"product_brand","embeddable":true,"href":"https:\/\/wat-tunisia.com\/en\/wp-json\/wp\/v2\/product_brand?post=4857"},{"taxonomy":"product_cat","embeddable":true,"href":"https:\/\/wat-tunisia.com\/en\/wp-json\/wp\/v2\/product_cat?post=4857"},{"taxonomy":"product_tag","embeddable":true,"href":"https:\/\/wat-tunisia.com\/en\/wp-json\/wp\/v2\/product_tag?post=4857"}],"curies":[{"name":"wp","href":"https:\/\/api.w.org\/{rel}","templated":true}]}}