{"id":4851,"date":"2025-10-20T22:22:57","date_gmt":"2025-10-20T20:22:57","guid":{"rendered":"https:\/\/wat-tunisia.com\/?post_type=product&#038;p=4851"},"modified":"2025-11-23T23:59:13","modified_gmt":"2025-11-23T22:59:13","slug":"universel-detecteur-de-gaz","status":"publish","type":"product","link":"https:\/\/wat-tunisia.com\/en\/product\/universel-detecteur-de-gaz\/","title":{"rendered":"Universel D\u00e9tecteur de gaz"},"content":{"rendered":"<section class=\"specifications\" style=\"font-family: Arial, sans-serif; margin: 40px auto; max-width: 950px;\">\n<h2 style=\"color: #111;\">Sp\u00e9cifications du capteur<\/h2>\n<table style=\"width: 100%; border-collapse: collapse; margin-top: 15px; text-align: center; font-size: 15px;\">\n<thead style=\"background: #f4f4f4;\">\n<tr style=\"font-weight: bold;\">\n<th style=\"padding: 10px; border: 1px solid #ddd;\">M\u00e9thode de mesure<\/th>\n<th style=\"padding: 10px; border: 1px solid #ddd;\">Cellule catalytique<\/th>\n<th style=\"padding: 10px; border: 1px solid #ddd;\">Cellule \u00e9lectrochimique<\/th>\n<th style=\"padding: 10px; border: 1px solid #ddd;\">Double faisceau \/ quadruple faisceau IR<\/th>\n<\/tr>\n<\/thead>\n<tbody>\n<tr>\n<td>Gaz mesurable<\/td>\n<td>Gaz inflammable<\/td>\n<td>O\u2082, gaz toxique<\/td>\n<td>Gaz hydrocarbures, CO\u2082, CO, N\u2082O<\/td>\n<\/tr>\n<tr>\n<td>Plage de mesure<\/td>\n<td>0 ~ 100 % LIE<\/td>\n<td>O\u2082 : 0 ~ 25 % VOL<br \/>\nH\u2082S : 0 ~ 500 ppm<br \/>\nCO : 0 ~ 2000 ppm<br \/>\nNH\u2083 &amp; autres : 0 ~ 1000 ppm<\/td>\n<td>0 ~ 100 % LIE<br \/>\nCO\u2082 : 0 ~ 5 % VOL<br \/>\nN\u2082O : 0 ~ 4000 ppm<\/td>\n<\/tr>\n<tr>\n<td>Temps de r\u00e9ponse (T90)<\/td>\n<td>&lt; 15 sec<\/td>\n<td>O\u2082 : &lt; 15 sec, Toxiques : &lt; 45 sec<\/td>\n<td>&lt; 6 sec<\/td>\n<\/tr>\n<tr>\n<td>Consommation \u00e9lectrique<\/td>\n<td>2.7W \/ 100mA@24V DC (18~31V)<\/td>\n<td>0.3W \/ 12mA@24V DC (18~31V)<\/td>\n<td>4.2W \/ 170mA@24V DC (18~31V)<\/td>\n<\/tr>\n<tr>\n<td>Mat\u00e9riau<\/td>\n<td>Acier inoxydable 316<\/td>\n<td>Acier inoxydable 316<\/td>\n<td>Acier inoxydable 316<\/td>\n<\/tr>\n<tr>\n<td>Dimensions \/ Poids<\/td>\n<td>65(W) \u00d7 63.3(H) \u00d7 65(D) mm \/ 0.7 kg<\/td>\n<td>65(W) \u00d7 87(H) \u00d7 65(D) mm \/ 1.0 kg<\/td>\n<td>68.6(W) \u00d7 120.7(H) \u00d7 88.6(D) mm \/ 1.0 kg<\/td>\n<\/tr>\n<\/tbody>\n<\/table>\n<h2 style=\"color: #111; margin-top: 40px;\">Sp\u00e9cifications du d\u00e9tecteur<\/h2>\n<table style=\"width: 100%; border-collapse: collapse; margin-top: 15px; font-size: 15px;\">\n<thead style=\"background: #f4f4f4;\">\n<tr style=\"font-weight: bold; text-align: left;\">\n<th style=\"padding: 10px; border: 1px solid #ddd; width: 35%;\">\u00c9l\u00e9ment<\/th>\n<th style=\"padding: 10px; border: 1px solid #ddd;\">D\u00e9tail<\/th>\n<\/tr>\n<\/thead>\n<tbody>\n<tr>\n<td>Type de mesure<\/td>\n<td>Type de diffusion<\/td>\n<\/tr>\n<tr>\n<td>Pr\u00e9cision<\/td>\n<td>\u00b13 % \/ pleine \u00e9chelle<\/td>\n<\/tr>\n<tr>\n<td>Configuration du capteur intelligent<\/td>\n<td>Diffusion (de base, insertion, aspiration) | Jusqu\u2019\u00e0 3 capteurs intelligents configurables | Capteur d\u00e9port\u00e9 max 100 m (avec bo\u00eetier de jonction)<\/td>\n<\/tr>\n<tr>\n<td>Commande des param\u00e8tres<\/td>\n<td>Commande non intrusive avec barre magn\u00e9tique et communication sans fil Bluetooth (calibration, maintenance, r\u00e9glages d\u2019alarme)<\/td>\n<\/tr>\n<tr>\n<td>Affichage du mode de fonctionnement<\/td>\n<td>Anneau lumineux d\u2019alarme (10 LED) | Alimentation, alarme, statut et d\u00e9faut LED<\/td>\n<\/tr>\n<tr>\n<td>Affichage de mesure<\/td>\n<td>\u00c9cran OLED graphique (gaz, nom du gaz, \u00e9tat, erreur, etc.) | Multilingue (anglais, chinois)<\/td>\n<\/tr>\n<tr>\n<td>Sortie signal d\u2019alarme (option)<\/td>\n<td>6A @ 30VDC, 6A @ 250VAC (charge r\u00e9sistive) | 3 contacts relais SPDT (2 alarmes, 1 d\u00e9faut)<\/td>\n<\/tr>\n<tr>\n<td>Signal de sortie<\/td>\n<td>Analogique : simple 4~20mA ou double 4~20mA (option) | Source ou puits de courant | Num\u00e9rique : RS-485 Modbus isol\u00e9 (option), HART (option)<\/td>\n<\/tr>\n<tr>\n<td>Alimentation<\/td>\n<td>24VDC nominal, 18~31VDC | Max 4.8W (200mA@24VDC)<\/td>\n<\/tr>\n<tr>\n<td>Mat\u00e9riau<\/td>\n<td>Alliage d\u2019aluminium ou acier inoxydable<\/td>\n<\/tr>\n<tr>\n<td>Filetage du c\u00e2ble d\u2019entr\u00e9e<\/td>\n<td>M20 x 1.5P (standard) | M25 x 1.5P | NPT 1\/2&Prime; | PF 1\/2&Prime; | PF 3\/4&Prime;<\/td>\n<\/tr>\n<tr>\n<td>Temp\u00e9rature de fonctionnement<\/td>\n<td>-40\u00b0C ~ 80\u00b0C<\/td>\n<\/tr>\n<tr>\n<td>Humidit\u00e9 de fonctionnement<\/td>\n<td>0 ~ 99 % HR (sans condensation)<\/td>\n<\/tr>\n<tr>\n<td>Interface additionnelle<\/td>\n<td>Bluetooth, carte MicroSD, port HART interne et externe, port de sortie HART (option)<\/td>\n<\/tr>\n<tr>\n<td>V\u00e9rification des d\u00e9fauts<\/td>\n<td>Tension d\u2019alimentation (courant, m\u00e9moire, RAM, Flash, EEPROM), v\u00e9rification du capteur, configuration du syst\u00e8me, v\u00e9rification du syst\u00e8me<\/td>\n<\/tr>\n<tr>\n<td>Dimensions<\/td>\n<td>170(W) \u00d7 147(H) \u00d7 114(D) mm (alliage d\u2019aluminium) \/ 170(W) \u00d7 145(H) \u00d7 110.5(D) mm (acier inoxydable)<\/td>\n<\/tr>\n<tr>\n<td>Poids<\/td>\n<td>1.9 kg (alliage d\u2019aluminium) \/ 1.5 kg (acier inoxydable)<\/td>\n<\/tr>\n<\/tbody>\n<\/table>\n<\/section>","protected":false},"excerpt":{"rendered":"<h3 style=\"color: #c1272d; margin-bottom: 10px; font-weight: 600;\">G-Finder\u2122 Universel B1<\/h3>\n<ul>\n<li>D\u00e9tecte de 1 \u00e0 3 canaux de gaz cibles, dont les gaz inflammables, les gaz toxiques et l&rsquo;oxyg\u00e8ne.<\/li>\n<li>Le premier d\u00e9tecteur de gaz antid\u00e9flagrant de Cor\u00e9e du Sud capable d&rsquo;accueillir simultan\u00e9ment plus de deux types de capteurs.<\/li>\n<li>Dispose d&rsquo;une structure de transmission universelle imm\u00e9diatement compatible avec d&rsquo;autres types de capteurs.<\/li>\n<li>Inclut le premier syst\u00e8me de diagnostic de sensibilit\u00e9 de d\u00e9tection SIL2 de Cor\u00e9e du Sud.<\/li>\n<li>\u00c9quip\u00e9 de la fonctionnalit\u00e9 Bluetooth pour la connexion \u00e0 une application pour smartphone.<\/li>\n<li>Inclut le premier port HART externe dot\u00e9 d&rsquo;une structure antid\u00e9flagrante \u00e0 s\u00e9curit\u00e9 intrins\u00e8que de Cor\u00e9e du Sud.<\/li>\n<li>Permet une \u00e9valuation rapide de la situation gr\u00e2ce au premier syst\u00e8me de foudre diversifi\u00e9 cor\u00e9en.<\/li>\n<\/ul>\n<p><a href=\"https:\/\/wat-tunisia.com\/wp-content\/uploads\/2025\/11\/GFU_B1_Catalog_250717.pdf\"><img loading=\"lazy\" decoding=\"async\" class=\"alignnone wp-image-5184\" src=\"https:\/\/wat-tunisia.com\/wp-content\/uploads\/2025\/11\/document_16064382-300x300.png\" alt=\"\" width=\"43\" height=\"38\" \/><\/a><a href=\"https:\/\/wat-tunisia.com\/wp-content\/uploads\/2025\/11\/GFU_B1_Catalog_250717.pdf\">\u00a0Fiche Technique<\/a><\/p>","protected":false},"featured_media":5850,"comment_status":"closed","ping_status":"closed","template":"","meta":[],"product_brand":[],"product_cat":[272,273],"product_tag":[],"class_list":{"0":"post-4851","1":"product","2":"type-product","3":"status-publish","4":"has-post-thumbnail","6":"product_cat-detecteur-de-gaz-fr","7":"product_cat-detecteur-de-gaz-fixe-fr","9":"first","10":"instock","11":"shipping-taxable","12":"product-type-simple"},"_links":{"self":[{"href":"https:\/\/wat-tunisia.com\/en\/wp-json\/wp\/v2\/product\/4851","targetHints":{"allow":["GET"]}}],"collection":[{"href":"https:\/\/wat-tunisia.com\/en\/wp-json\/wp\/v2\/product"}],"about":[{"href":"https:\/\/wat-tunisia.com\/en\/wp-json\/wp\/v2\/types\/product"}],"replies":[{"embeddable":true,"href":"https:\/\/wat-tunisia.com\/en\/wp-json\/wp\/v2\/comments?post=4851"}],"wp:featuredmedia":[{"embeddable":true,"href":"https:\/\/wat-tunisia.com\/en\/wp-json\/wp\/v2\/media\/5850"}],"wp:attachment":[{"href":"https:\/\/wat-tunisia.com\/en\/wp-json\/wp\/v2\/media?parent=4851"}],"wp:term":[{"taxonomy":"product_brand","embeddable":true,"href":"https:\/\/wat-tunisia.com\/en\/wp-json\/wp\/v2\/product_brand?post=4851"},{"taxonomy":"product_cat","embeddable":true,"href":"https:\/\/wat-tunisia.com\/en\/wp-json\/wp\/v2\/product_cat?post=4851"},{"taxonomy":"product_tag","embeddable":true,"href":"https:\/\/wat-tunisia.com\/en\/wp-json\/wp\/v2\/product_tag?post=4851"}],"curies":[{"name":"wp","href":"https:\/\/api.w.org\/{rel}","templated":true}]}}